{"id":7187,"date":"2023-05-08T12:03:14","date_gmt":"2023-05-08T10:03:14","guid":{"rendered":"https:\/\/www.lang-und-heyne.de\/productos-personalizados\/"},"modified":"2023-05-08T12:03:14","modified_gmt":"2023-05-08T10:03:14","slug":"productos-personalizados","status":"publish","type":"page","link":"https:\/\/www.lang-und-heyne.de\/es\/productos-personalizados\/","title":{"rendered":"Productos personalizados"},"content":{"rendered":"","protected":false},"excerpt":{"rendered":"","protected":false},"author":2,"featured_media":0,"parent":0,"menu_order":101,"comment_status":"closed","ping_status":"closed","template":"","meta":{"_acf_changed":false,"footnotes":""},"class_list":["post-7187","page","type-page","status-publish","hentry"],"acf":{"start":[{"acf_fc_layout":"textbild","header":"Edici\u00f3n especial Georg SHH II","anchor":true,"order":false,"bigtext":false,"bild":{"ID":7199,"id":7199,"title":"Kachel_Georg-SHH2","filename":"Kachel_Georg-SHH2.jpg","filesize":149602,"url":"https:\/\/www.lang-und-heyne.de\/dateien\/2024\/09\/Kachel_Georg-SHH2.jpg","link":"https:\/\/www.lang-und-heyne.de\/es\/productos-personalizados\/kachel_georg-shh2-2\/","alt":"","author":"5","description":"","caption":"","name":"kachel_georg-shh2-2","status":"inherit","uploaded_to":7187,"date":"2024-09-03 09:28:19","modified":"2024-09-03 09:28:19","menu_order":0,"mime_type":"image\/jpeg","type":"image","subtype":"jpeg","icon":"https:\/\/www.lang-und-heyne.de\/wp-includes\/images\/media\/default.png","width":1000,"height":705,"sizes":{"thumbnail":"https:\/\/www.lang-und-heyne.de\/dateien\/2024\/09\/Kachel_Georg-SHH2-150x150.jpg","thumbnail-width":150,"thumbnail-height":150,"medium":"https:\/\/www.lang-und-heyne.de\/dateien\/2024\/09\/Kachel_Georg-SHH2-300x212.jpg","medium-width":300,"medium-height":212,"medium_large":"https:\/\/www.lang-und-heyne.de\/dateien\/2024\/09\/Kachel_Georg-SHH2-768x541.jpg","medium_large-width":768,"medium_large-height":541,"large":"https:\/\/www.lang-und-heyne.de\/dateien\/2024\/09\/Kachel_Georg-SHH2.jpg","large-width":1000,"large-height":705,"1536x1536":"https:\/\/www.lang-und-heyne.de\/dateien\/2024\/09\/Kachel_Georg-SHH2.jpg","1536x1536-width":1000,"1536x1536-height":705,"2048x2048":"https:\/\/www.lang-und-heyne.de\/dateien\/2024\/09\/Kachel_Georg-SHH2.jpg","2048x2048-width":1000,"2048x2048-height":705,"post-thumbnail":"https:\/\/www.lang-und-heyne.de\/dateien\/2024\/09\/Kachel_Georg-SHH2-150x150.jpg","post-thumbnail-width":150,"post-thumbnail-height":150,"wide":"https:\/\/www.lang-und-heyne.de\/dateien\/2024\/09\/Kachel_Georg-SHH2.jpg","wide-width":1000,"wide-height":705}},"sub":"","text":"Esta edici\u00f3n limitada con una cautivadora esfera de cer\u00e1mica de color burdeos se cre\u00f3 en estrecha colaboraci\u00f3n con un renombrado grupo minorista del sudeste asi\u00e1tico. En una serie extremadamente limitada de s\u00f3lo 12 piezas, la Edici\u00f3n 2 combina la tradici\u00f3n relojera de primera clase con la belleza est\u00e9tica de su exclusiva combinaci\u00f3n de colores. Sum\u00e9rgete en el fascinante mundo de esta obra maestra, que enriquecer\u00e1 tu colecci\u00f3n de relojes con un tesoro especial.  ","link":"Saber m\u00e1s","target":"https:\/\/www.lang-und-heyne.de\/es\/modelle\/edicion-especial-georg-shh-ii\/","zusatzbild":false,"bild2":false,"ausrichtung":false,"sub2":""},{"acf_fc_layout":"textbild","header":"Reloj de torre homenaje Glash\u00fctte","anchor":true,"order":true,"bigtext":false,"bild":{"ID":7200,"id":7200,"title":"Kachel_Turmuhr-Blau","filename":"Kachel_Turmuhr-Blau.jpg","filesize":180888,"url":"https:\/\/www.lang-und-heyne.de\/dateien\/2024\/09\/Kachel_Turmuhr-Blau.jpg","link":"https:\/\/www.lang-und-heyne.de\/es\/productos-personalizados\/kachel_turmuhr-blau-2\/","alt":"","author":"5","description":"","caption":"","name":"kachel_turmuhr-blau-2","status":"inherit","uploaded_to":7187,"date":"2024-09-03 09:32:52","modified":"2024-09-03 09:32:52","menu_order":0,"mime_type":"image\/jpeg","type":"image","subtype":"jpeg","icon":"https:\/\/www.lang-und-heyne.de\/wp-includes\/images\/media\/default.png","width":1000,"height":705,"sizes":{"thumbnail":"https:\/\/www.lang-und-heyne.de\/dateien\/2024\/09\/Kachel_Turmuhr-Blau-150x150.jpg","thumbnail-width":150,"thumbnail-height":150,"medium":"https:\/\/www.lang-und-heyne.de\/dateien\/2024\/09\/Kachel_Turmuhr-Blau-300x212.jpg","medium-width":300,"medium-height":212,"medium_large":"https:\/\/www.lang-und-heyne.de\/dateien\/2024\/09\/Kachel_Turmuhr-Blau-768x541.jpg","medium_large-width":768,"medium_large-height":541,"large":"https:\/\/www.lang-und-heyne.de\/dateien\/2024\/09\/Kachel_Turmuhr-Blau.jpg","large-width":1000,"large-height":705,"1536x1536":"https:\/\/www.lang-und-heyne.de\/dateien\/2024\/09\/Kachel_Turmuhr-Blau.jpg","1536x1536-width":1000,"1536x1536-height":705,"2048x2048":"https:\/\/www.lang-und-heyne.de\/dateien\/2024\/09\/Kachel_Turmuhr-Blau.jpg","2048x2048-width":1000,"2048x2048-height":705,"post-thumbnail":"https:\/\/www.lang-und-heyne.de\/dateien\/2024\/09\/Kachel_Turmuhr-Blau-150x150.jpg","post-thumbnail-width":150,"post-thumbnail-height":150,"wide":"https:\/\/www.lang-und-heyne.de\/dateien\/2024\/09\/Kachel_Turmuhr-Blau.jpg","wide-width":1000,"wide-height":705}},"sub":"","text":"Como homenaje al reloj de torre de Glash\u00fctte, trasladamos el dise\u00f1o de la esfera a un reloj de pulsera que alberga nuestro Calibre VI de cuerda manual. Para ello, nos hemos inspirado en la esfera del reloj de torre, que originalmente era de madera, y en la que lleva actualmente. ","link":"Saber m\u00e1s","target":"https:\/\/www.lang-und-heyne.de\/es\/modelle\/reloj-de-torre-homenaje-glashuette\/","zusatzbild":false,"bild2":false,"ausrichtung":false,"sub2":""},{"acf_fc_layout":"textbild","header":"Georg SHH Edici\u00f3n 1","anchor":true,"order":false,"bigtext":false,"bild":{"ID":7197,"id":7197,"title":"LH_Kachel_GeorgSHH1","filename":"LH_Kachel_GeorgSHH1.jpg","filesize":272513,"url":"https:\/\/www.lang-und-heyne.de\/dateien\/2024\/03\/LH_Kachel_GeorgSHH1.jpg","link":"https:\/\/www.lang-und-heyne.de\/es\/productos-personalizados\/lh_kachel_georgshh1-2\/","alt":"","author":"5","description":"","caption":"","name":"lh_kachel_georgshh1-2","status":"inherit","uploaded_to":7187,"date":"2024-03-25 12:00:59","modified":"2024-03-25 12:00:59","menu_order":0,"mime_type":"image\/jpeg","type":"image","subtype":"jpeg","icon":"https:\/\/www.lang-und-heyne.de\/wp-includes\/images\/media\/default.png","width":1000,"height":705,"sizes":{"thumbnail":"https:\/\/www.lang-und-heyne.de\/dateien\/2024\/03\/LH_Kachel_GeorgSHH1-150x150.jpg","thumbnail-width":150,"thumbnail-height":150,"medium":"https:\/\/www.lang-und-heyne.de\/dateien\/2024\/03\/LH_Kachel_GeorgSHH1-300x212.jpg","medium-width":300,"medium-height":212,"medium_large":"https:\/\/www.lang-und-heyne.de\/dateien\/2024\/03\/LH_Kachel_GeorgSHH1-768x541.jpg","medium_large-width":768,"medium_large-height":541,"large":"https:\/\/www.lang-und-heyne.de\/dateien\/2024\/03\/LH_Kachel_GeorgSHH1.jpg","large-width":1000,"large-height":705,"1536x1536":"https:\/\/www.lang-und-heyne.de\/dateien\/2024\/03\/LH_Kachel_GeorgSHH1.jpg","1536x1536-width":1000,"1536x1536-height":705,"2048x2048":"https:\/\/www.lang-und-heyne.de\/dateien\/2024\/03\/LH_Kachel_GeorgSHH1.jpg","2048x2048-width":1000,"2048x2048-height":705,"post-thumbnail":"https:\/\/www.lang-und-heyne.de\/dateien\/2024\/03\/LH_Kachel_GeorgSHH1-150x150.jpg","post-thumbnail-width":150,"post-thumbnail-height":150,"wide":"https:\/\/www.lang-und-heyne.de\/dateien\/2024\/03\/LH_Kachel_GeorgSHH1.jpg","wide-width":1000,"wide-height":705}},"sub":"","text":"En colaboraci\u00f3n con uno de los grupos minoristas de alta relojer\u00eda m\u00e1s antiguos y respetados del sudeste asi\u00e1tico, Lang & Heyne se complace en presentar el Georg Sincere Haute Horlogerie Edition, una interpretaci\u00f3n especial y \u00fanica en edici\u00f3n limitada de 12 piezas del galardonado Lang & Heyne Georg. S\u00f3lo est\u00e1 disponible en la tienda Sincere Fine Watches de Singapur y de la regi\u00f3n. ","link":"Saber m\u00e1s","target":"https:\/\/www.lang-und-heyne.de\/es\/modelle\/edicion-especial-georg-shh\/","zusatzbild":false,"bild2":false,"ausrichtung":false,"sub2":""},{"acf_fc_layout":"textbild","header":"Augusto","anchor":true,"order":true,"bigtext":false,"bild":{"ID":7189,"id":7189,"title":"LH_Augustus","filename":"LH_Augustus-1.jpg","filesize":214612,"url":"https:\/\/www.lang-und-heyne.de\/dateien\/2023\/05\/LH_Augustus-1.jpg","link":"https:\/\/www.lang-und-heyne.de\/es\/productos-personalizados\/lh_augustus-3\/","alt":"","author":"2","description":"","caption":"","name":"lh_augustus-3","status":"inherit","uploaded_to":7187,"date":"2023-05-08 10:24:36","modified":"2023-05-08 10:24:36","menu_order":0,"mime_type":"image\/jpeg","type":"image","subtype":"jpeg","icon":"https:\/\/www.lang-und-heyne.de\/wp-includes\/images\/media\/default.png","width":1000,"height":705,"sizes":{"thumbnail":"https:\/\/www.lang-und-heyne.de\/dateien\/2023\/05\/LH_Augustus-1-150x150.jpg","thumbnail-width":150,"thumbnail-height":150,"medium":"https:\/\/www.lang-und-heyne.de\/dateien\/2023\/05\/LH_Augustus-1-300x212.jpg","medium-width":300,"medium-height":212,"medium_large":"https:\/\/www.lang-und-heyne.de\/dateien\/2023\/05\/LH_Augustus-1-768x541.jpg","medium_large-width":768,"medium_large-height":541,"large":"https:\/\/www.lang-und-heyne.de\/dateien\/2023\/05\/LH_Augustus-1.jpg","large-width":1000,"large-height":705,"1536x1536":"https:\/\/www.lang-und-heyne.de\/dateien\/2023\/05\/LH_Augustus-1.jpg","1536x1536-width":1000,"1536x1536-height":705,"2048x2048":"https:\/\/www.lang-und-heyne.de\/dateien\/2023\/05\/LH_Augustus-1.jpg","2048x2048-width":1000,"2048x2048-height":705,"post-thumbnail":"https:\/\/www.lang-und-heyne.de\/dateien\/2023\/05\/LH_Augustus-1-150x150.jpg","post-thumbnail-width":150,"post-thumbnail-height":150,"wide":"https:\/\/www.lang-und-heyne.de\/dateien\/2023\/05\/LH_Augustus-1.jpg","wide-width":1000,"wide-height":705}},"sub":"","text":"Con la ayuda de una funci\u00f3n de recordatorio, los aniversarios especiales se reproducen mec\u00e1nicamente para el usuario. Una calculadora y un anillo de programa personal muestran los nombres, cumplea\u00f1os y edades de doce personas. Equipado con esto, no se olvidar\u00e1 ning\u00fan aniversario.  ","link":"","target":"","zusatzbild":false,"bild2":false,"ausrichtung":false,"sub2":""},{"acf_fc_layout":"textbild","header":"C\u00e1rter","anchor":true,"order":false,"bigtext":false,"bild":{"ID":7190,"id":7190,"title":"LH_Kurbelgehaeuse","filename":"LH_Kurbelgehaeuse.jpg","filesize":164531,"url":"https:\/\/www.lang-und-heyne.de\/dateien\/2023\/05\/LH_Kurbelgehaeuse.jpg","link":"https:\/\/www.lang-und-heyne.de\/es\/productos-personalizados\/lh_kurbelgehaeuse-2\/","alt":"","author":"2","description":"","caption":"","name":"lh_kurbelgehaeuse-2","status":"inherit","uploaded_to":7187,"date":"2023-05-08 11:53:19","modified":"2023-05-08 11:53:19","menu_order":0,"mime_type":"image\/jpeg","type":"image","subtype":"jpeg","icon":"https:\/\/www.lang-und-heyne.de\/wp-includes\/images\/media\/default.png","width":1000,"height":705,"sizes":{"thumbnail":"https:\/\/www.lang-und-heyne.de\/dateien\/2023\/05\/LH_Kurbelgehaeuse-150x150.jpg","thumbnail-width":150,"thumbnail-height":150,"medium":"https:\/\/www.lang-und-heyne.de\/dateien\/2023\/05\/LH_Kurbelgehaeuse-300x212.jpg","medium-width":300,"medium-height":212,"medium_large":"https:\/\/www.lang-und-heyne.de\/dateien\/2023\/05\/LH_Kurbelgehaeuse-768x541.jpg","medium_large-width":768,"medium_large-height":541,"large":"https:\/\/www.lang-und-heyne.de\/dateien\/2023\/05\/LH_Kurbelgehaeuse.jpg","large-width":1000,"large-height":705,"1536x1536":"https:\/\/www.lang-und-heyne.de\/dateien\/2023\/05\/LH_Kurbelgehaeuse.jpg","1536x1536-width":1000,"1536x1536-height":705,"2048x2048":"https:\/\/www.lang-und-heyne.de\/dateien\/2023\/05\/LH_Kurbelgehaeuse.jpg","2048x2048-width":1000,"2048x2048-height":705,"post-thumbnail":"https:\/\/www.lang-und-heyne.de\/dateien\/2023\/05\/LH_Kurbelgehaeuse-150x150.jpg","post-thumbnail-width":150,"post-thumbnail-height":150,"wide":"https:\/\/www.lang-und-heyne.de\/dateien\/2023\/05\/LH_Kurbelgehaeuse.jpg","wide-width":1000,"wide-height":705}},"sub":"","text":"En respuesta a las peticiones especiales de los clientes, hemos sustituido la corona de cuerda de varios modelos por un mecanismo de manivela.","link":"","target":"","zusatzbild":false,"bild2":false,"ausrichtung":false,"sub2":""},{"acf_fc_layout":"textbild","header":"Champlev\u00e9","anchor":true,"order":true,"bigtext":false,"bild":{"ID":7191,"id":7191,"title":"LH_Champleve","filename":"LH_Champleve.jpg","filesize":354374,"url":"https:\/\/www.lang-und-heyne.de\/dateien\/2023\/05\/LH_Champleve.jpg","link":"https:\/\/www.lang-und-heyne.de\/es\/productos-personalizados\/lh_champleve-2\/","alt":"","author":"2","description":"","caption":"","name":"lh_champleve-2","status":"inherit","uploaded_to":7187,"date":"2023-05-08 11:56:45","modified":"2023-05-08 11:56:45","menu_order":0,"mime_type":"image\/jpeg","type":"image","subtype":"jpeg","icon":"https:\/\/www.lang-und-heyne.de\/wp-includes\/images\/media\/default.png","width":1000,"height":705,"sizes":{"thumbnail":"https:\/\/www.lang-und-heyne.de\/dateien\/2023\/05\/LH_Champleve-150x150.jpg","thumbnail-width":150,"thumbnail-height":150,"medium":"https:\/\/www.lang-und-heyne.de\/dateien\/2023\/05\/LH_Champleve-300x212.jpg","medium-width":300,"medium-height":212,"medium_large":"https:\/\/www.lang-und-heyne.de\/dateien\/2023\/05\/LH_Champleve-768x541.jpg","medium_large-width":768,"medium_large-height":541,"large":"https:\/\/www.lang-und-heyne.de\/dateien\/2023\/05\/LH_Champleve.jpg","large-width":1000,"large-height":705,"1536x1536":"https:\/\/www.lang-und-heyne.de\/dateien\/2023\/05\/LH_Champleve.jpg","1536x1536-width":1000,"1536x1536-height":705,"2048x2048":"https:\/\/www.lang-und-heyne.de\/dateien\/2023\/05\/LH_Champleve.jpg","2048x2048-width":1000,"2048x2048-height":705,"post-thumbnail":"https:\/\/www.lang-und-heyne.de\/dateien\/2023\/05\/LH_Champleve-150x150.jpg","post-thumbnail-width":150,"post-thumbnail-height":150,"wide":"https:\/\/www.lang-und-heyne.de\/dateien\/2023\/05\/LH_Champleve.jpg","wide-width":1000,"wide-height":705}},"sub":"","text":"El modelo Johann Champlev\u00e9 demuestra de forma impresionante la vivacidad de una esfera esmaltada. Casi ning\u00fan otro material confiere a la esfera de un reloj fino un car\u00e1cter tan convincente y encantador. Esta esfera de esmalte transl\u00facido sobre plata grabada se fabrica \u00edntegramente en Lang & Heyne.  ","link":"T\u00fa tambi\u00e9n puedes poner acentos","target":"https:\/\/www.lang-und-heyne.de\/es\/acentos\/","zusatzbild":false,"bild2":false,"ausrichtung":false,"sub2":""},{"acf_fc_layout":"textbild","header":"Federico III - Oriente","anchor":true,"order":false,"bigtext":false,"bild":{"ID":7194,"id":7194,"title":"LH_Orient","filename":"LH_Orient.jpg","filesize":136648,"url":"https:\/\/www.lang-und-heyne.de\/dateien\/2023\/05\/LH_Orient.jpg","link":"https:\/\/www.lang-und-heyne.de\/es\/productos-personalizados\/lh_orient-2\/","alt":"","author":"2","description":"","caption":"","name":"lh_orient-2","status":"inherit","uploaded_to":7187,"date":"2023-05-26 11:55:47","modified":"2023-05-26 11:55:47","menu_order":0,"mime_type":"image\/jpeg","type":"image","subtype":"jpeg","icon":"https:\/\/www.lang-und-heyne.de\/wp-includes\/images\/media\/default.png","width":1000,"height":705,"sizes":{"thumbnail":"https:\/\/www.lang-und-heyne.de\/dateien\/2023\/05\/LH_Orient-150x150.jpg","thumbnail-width":150,"thumbnail-height":150,"medium":"https:\/\/www.lang-und-heyne.de\/dateien\/2023\/05\/LH_Orient-300x212.jpg","medium-width":300,"medium-height":212,"medium_large":"https:\/\/www.lang-und-heyne.de\/dateien\/2023\/05\/LH_Orient-768x541.jpg","medium_large-width":768,"medium_large-height":541,"large":"https:\/\/www.lang-und-heyne.de\/dateien\/2023\/05\/LH_Orient.jpg","large-width":1000,"large-height":705,"1536x1536":"https:\/\/www.lang-und-heyne.de\/dateien\/2023\/05\/LH_Orient.jpg","1536x1536-width":1000,"1536x1536-height":705,"2048x2048":"https:\/\/www.lang-und-heyne.de\/dateien\/2023\/05\/LH_Orient.jpg","2048x2048-width":1000,"2048x2048-height":705,"post-thumbnail":"https:\/\/www.lang-und-heyne.de\/dateien\/2023\/05\/LH_Orient-150x150.jpg","post-thumbnail-width":150,"post-thumbnail-height":150,"wide":"https:\/\/www.lang-und-heyne.de\/dateien\/2023\/05\/LH_Orient.jpg","wide-width":1000,"wide-height":705}},"sub":"","text":"Esta pieza \u00fanica, bautizada \"Orient\" por su cliente, es una pieza de artesan\u00eda realmente extraordinaria realizada por la renombrada Maison Lang & Heyne. Inspirado en una antigua cer\u00e1mica asi\u00e1tica expuesta en el Museo Guimet de Par\u00eds, el nombre recorre como un hilo rojo el lenguaje de dise\u00f1o de este reloj. ","link":"Saber m\u00e1s","target":"https:\/\/www.lang-und-heyne.de\/es\/special\/federico-iii-oriente\/","zusatzbild":false,"bild2":false,"ausrichtung":false,"sub2":""},{"acf_fc_layout":"textbild","header":"Realizaci\u00f3n de los deseos del cliente","anchor":true,"order":true,"bigtext":false,"bild":{"ID":7196,"id":7196,"title":"LH_Moritz-Schwarz","filename":"LH_Moritz-Schwarz.jpg","filesize":195840,"url":"https:\/\/www.lang-und-heyne.de\/dateien\/2023\/05\/LH_Moritz-Schwarz.jpg","link":"https:\/\/www.lang-und-heyne.de\/es\/productos-personalizados\/lh_moritz-schwarz-2\/","alt":"","author":"2","description":"","caption":"","name":"lh_moritz-schwarz-2","status":"inherit","uploaded_to":7187,"date":"2023-05-30 09:38:01","modified":"2023-05-30 09:38:01","menu_order":0,"mime_type":"image\/jpeg","type":"image","subtype":"jpeg","icon":"https:\/\/www.lang-und-heyne.de\/wp-includes\/images\/media\/default.png","width":1000,"height":705,"sizes":{"thumbnail":"https:\/\/www.lang-und-heyne.de\/dateien\/2023\/05\/LH_Moritz-Schwarz-150x150.jpg","thumbnail-width":150,"thumbnail-height":150,"medium":"https:\/\/www.lang-und-heyne.de\/dateien\/2023\/05\/LH_Moritz-Schwarz-300x212.jpg","medium-width":300,"medium-height":212,"medium_large":"https:\/\/www.lang-und-heyne.de\/dateien\/2023\/05\/LH_Moritz-Schwarz-768x541.jpg","medium_large-width":768,"medium_large-height":541,"large":"https:\/\/www.lang-und-heyne.de\/dateien\/2023\/05\/LH_Moritz-Schwarz.jpg","large-width":1000,"large-height":705,"1536x1536":"https:\/\/www.lang-und-heyne.de\/dateien\/2023\/05\/LH_Moritz-Schwarz.jpg","1536x1536-width":1000,"1536x1536-height":705,"2048x2048":"https:\/\/www.lang-und-heyne.de\/dateien\/2023\/05\/LH_Moritz-Schwarz.jpg","2048x2048-width":1000,"2048x2048-height":705,"post-thumbnail":"https:\/\/www.lang-und-heyne.de\/dateien\/2023\/05\/LH_Moritz-Schwarz-150x150.jpg","post-thumbnail-width":150,"post-thumbnail-height":150,"wide":"https:\/\/www.lang-und-heyne.de\/dateien\/2023\/05\/LH_Moritz-Schwarz.jpg","wide-width":1000,"wide-height":705}},"sub":"Un Moritz \u00fanico en negro","text":"Lang & Heyne tambi\u00e9n crea variaciones personalizadas de cada uno de nuestros modelos.<br \/>\n<br \/>\nGrabados inusuales, engaste con piedras preciosas, variaci\u00f3n del dise\u00f1o... Casi nada nos impide realizar tu modelo perfecto.<br \/>\n<br \/>\n\u00a1Estaremos encantados de asesorarte personalmente!","link":"Habla con nosotros","target":"https:\/\/www.lang-und-heyne.de\/es\/contacta-con-nosotros\/","zusatzbild":false,"bild2":false,"ausrichtung":false,"sub2":""}],"slide":[{"bild__video":false,"bild":{"ID":7188,"id":7188,"title":"LH_Sonderanfertigungen","filename":"LH_Sonderanfertigungen.jpg","filesize":413968,"url":"https:\/\/www.lang-und-heyne.de\/dateien\/2023\/05\/LH_Sonderanfertigungen.jpg","link":"https:\/\/www.lang-und-heyne.de\/es\/productos-personalizados\/lh_sonderanfertigungen-2\/","alt":"","author":"2","description":"","caption":"","name":"lh_sonderanfertigungen-2","status":"inherit","uploaded_to":7187,"date":"2023-05-08 10:14:12","modified":"2023-05-08 10:14:12","menu_order":0,"mime_type":"image\/jpeg","type":"image","subtype":"jpeg","icon":"https:\/\/www.lang-und-heyne.de\/wp-includes\/images\/media\/default.png","width":1920,"height":1080,"sizes":{"thumbnail":"https:\/\/www.lang-und-heyne.de\/dateien\/2023\/05\/LH_Sonderanfertigungen-150x150.jpg","thumbnail-width":150,"thumbnail-height":150,"medium":"https:\/\/www.lang-und-heyne.de\/dateien\/2023\/05\/LH_Sonderanfertigungen-300x169.jpg","medium-width":300,"medium-height":169,"medium_large":"https:\/\/www.lang-und-heyne.de\/dateien\/2023\/05\/LH_Sonderanfertigungen-768x432.jpg","medium_large-width":768,"medium_large-height":432,"large":"https:\/\/www.lang-und-heyne.de\/dateien\/2023\/05\/LH_Sonderanfertigungen-1024x576.jpg","large-width":1024,"large-height":576,"1536x1536":"https:\/\/www.lang-und-heyne.de\/dateien\/2023\/05\/LH_Sonderanfertigungen-1536x864.jpg","1536x1536-width":1536,"1536x1536-height":864,"2048x2048":"https:\/\/www.lang-und-heyne.de\/dateien\/2023\/05\/LH_Sonderanfertigungen.jpg","2048x2048-width":1920,"2048x2048-height":1080,"post-thumbnail":"https:\/\/www.lang-und-heyne.de\/dateien\/2023\/05\/LH_Sonderanfertigungen-150x150.jpg","post-thumbnail-width":150,"post-thumbnail-height":150,"wide":"https:\/\/www.lang-und-heyne.de\/dateien\/2023\/05\/LH_Sonderanfertigungen-1400x788.jpg","wide-width":1400,"wide-height":788}},"video":{"ID":7198,"id":7198,"title":"LH_Opener_Sonderanfertigung","filename":"LH_Opener_Sonderanfertigung.mp4","filesize":3403541,"url":"https:\/\/www.lang-und-heyne.de\/dateien\/2024\/08\/LH_Opener_Sonderanfertigung.mp4","link":"https:\/\/www.lang-und-heyne.de\/es\/productos-personalizados\/lh_opener_sonderanfertigung-2\/","alt":"","author":"5","description":"","caption":"","name":"lh_opener_sonderanfertigung-2","status":"inherit","uploaded_to":7187,"date":"2024-08-23 13:02:54","modified":"2024-08-23 13:02:54","menu_order":0,"mime_type":"video\/mp4","type":"video","subtype":"mp4","icon":"https:\/\/www.lang-und-heyne.de\/wp-includes\/images\/media\/video.png","width":1920,"height":1080},"texte":{"text":"Productos personalizados","subline":""}}]},"wpml_current_locale":"es_ES","wpml_translations":{"en_US":{"locale":"en_US","id":3019,"slug":"custommadepieces","post_title":"Custom-Made Piece","href":"https:\/\/www.lang-und-heyne.de\/en\/custommadepieces\/"},"de_DE":{"locale":"de_DE","id":1978,"slug":"sonderanfertigungen","post_title":"Sonderanfertigungen","href":"https:\/\/www.lang-und-heyne.de\/sonderanfertigungen\/"},"fr_FR":{"locale":"fr_FR","id":7173,"slug":"executions-speciales","post_title":"Ex\u00e9cutions sp\u00e9ciales","href":"https:\/\/www.lang-und-heyne.de\/fr\/executions-speciales\/"},"ja":{"locale":"ja","id":3075,"slug":"custommadepieces","post_title":"\u30ab\u30b9\u30bf\u30e0\u30e1\u30a4\u30c9","href":"https:\/\/www.lang-und-heyne.de\/ja\/custommadepieces\/"},"zh_CN":{"locale":"zh_CN","id":4322,"slug":"custommadepieces","post_title":"\u5ba2\u5236\u5b9a\u4f5c","href":"https:\/\/www.lang-und-heyne.de\/zh-hans\/custommadepieces\/"}},"_links":{"self":[{"href":"https:\/\/www.lang-und-heyne.de\/es\/wp-json\/wp\/v2\/pages\/7187","targetHints":{"allow":["GET"]}}],"collection":[{"href":"https:\/\/www.lang-und-heyne.de\/es\/wp-json\/wp\/v2\/pages"}],"about":[{"href":"https:\/\/www.lang-und-heyne.de\/es\/wp-json\/wp\/v2\/types\/page"}],"author":[{"embeddable":true,"href":"https:\/\/www.lang-und-heyne.de\/es\/wp-json\/wp\/v2\/users\/2"}],"replies":[{"embeddable":true,"href":"https:\/\/www.lang-und-heyne.de\/es\/wp-json\/wp\/v2\/comments?post=7187"}],"version-history":[{"count":0,"href":"https:\/\/www.lang-und-heyne.de\/es\/wp-json\/wp\/v2\/pages\/7187\/revisions"}],"wp:attachment":[{"href":"https:\/\/www.lang-und-heyne.de\/es\/wp-json\/wp\/v2\/media?parent=7187"}],"curies":[{"name":"wp","href":"https:\/\/api.w.org\/{rel}","templated":true}]}}