{"id":7208,"date":"2023-04-26T10:35:51","date_gmt":"2023-04-26T08:35:51","guid":{"rendered":"https:\/\/www.lang-und-heyne.de\/servicio\/"},"modified":"2023-04-26T10:35:51","modified_gmt":"2023-04-26T08:35:51","slug":"servicio","status":"publish","type":"page","link":"https:\/\/www.lang-und-heyne.de\/es\/servicio\/","title":{"rendered":"Servicio"},"content":{"rendered":"","protected":false},"excerpt":{"rendered":"","protected":false},"author":2,"featured_media":0,"parent":0,"menu_order":134,"comment_status":"closed","ping_status":"closed","template":"","meta":{"_acf_changed":false,"footnotes":""},"class_list":["post-7208","page","type-page","status-publish","hentry"],"acf":{"start":[{"acf_fc_layout":"textbild","header":"Revisi\u00f3n y mantenimiento","anchor":true,"order":true,"bigtext":false,"bild":{"ID":7210,"id":7210,"title":"LH_Wartung_Pflege","filename":"LH_Wartung_Pflege.jpg","filesize":271832,"url":"https:\/\/www.lang-und-heyne.de\/dateien\/2023\/04\/LH_Wartung_Pflege.jpg","link":"https:\/\/www.lang-und-heyne.de\/es\/servicio\/lh_wartung_pflege-2\/","alt":"","author":"2","description":"","caption":"","name":"lh_wartung_pflege-2","status":"inherit","uploaded_to":7208,"date":"2023-04-26 10:04:32","modified":"2023-04-26 10:04:32","menu_order":0,"mime_type":"image\/jpeg","type":"image","subtype":"jpeg","icon":"https:\/\/www.lang-und-heyne.de\/wp-includes\/images\/media\/default.png","width":1000,"height":705,"sizes":{"thumbnail":"https:\/\/www.lang-und-heyne.de\/dateien\/2023\/04\/LH_Wartung_Pflege-150x150.jpg","thumbnail-width":150,"thumbnail-height":150,"medium":"https:\/\/www.lang-und-heyne.de\/dateien\/2023\/04\/LH_Wartung_Pflege-300x212.jpg","medium-width":300,"medium-height":212,"medium_large":"https:\/\/www.lang-und-heyne.de\/dateien\/2023\/04\/LH_Wartung_Pflege-768x541.jpg","medium_large-width":768,"medium_large-height":541,"large":"https:\/\/www.lang-und-heyne.de\/dateien\/2023\/04\/LH_Wartung_Pflege.jpg","large-width":1000,"large-height":705,"1536x1536":"https:\/\/www.lang-und-heyne.de\/dateien\/2023\/04\/LH_Wartung_Pflege.jpg","1536x1536-width":1000,"1536x1536-height":705,"2048x2048":"https:\/\/www.lang-und-heyne.de\/dateien\/2023\/04\/LH_Wartung_Pflege.jpg","2048x2048-width":1000,"2048x2048-height":705,"post-thumbnail":"https:\/\/www.lang-und-heyne.de\/dateien\/2023\/04\/LH_Wartung_Pflege-150x150.jpg","post-thumbnail-width":150,"post-thumbnail-height":150,"wide":"https:\/\/www.lang-und-heyne.de\/dateien\/2023\/04\/LH_Wartung_Pflege.jpg","wide-width":1000,"wide-height":705}},"sub":"","text":"Un certificado de garant\u00eda para creaciones de nuestra empresa garantiza el cuidado en la fabricaci\u00f3n y la funcionalidad en t\u00e9rminos de rendimiento de funcionamiento, precisi\u00f3n, fiabilidad y seguridad funcional durante muchos a\u00f1os (la garant\u00eda cubre 2 a\u00f1os) si se maneja adecuadamente. Recomendamos una revisi\u00f3n cada 4 \u00f3 5 a\u00f1os. Estaremos encantados de record\u00e1rtelo.    <br \/>\nUna revisi\u00f3n incluye un desmontaje completo, la inspecci\u00f3n de todos los componentes, as\u00ed como la limpieza, el cuidado, el montaje y el ajuste fino. Estaremos encantados de ayudarte en cualquier momento en caso de rotura del cristal u otras necesidades de reparaci\u00f3n. ","link":"","target":"","zusatzbild":false,"bild2":false,"ausrichtung":false,"sub2":""},{"acf_fc_layout":"textbild","header":"Pulsa","anchor":true,"order":false,"bigtext":false,"bild":{"ID":7214,"id":7214,"title":"LH-Kachel-Presse-Neu","filename":"LH-Kachel-Presse-Neu.jpg","filesize":387327,"url":"https:\/\/www.lang-und-heyne.de\/dateien\/2024\/05\/LH-Kachel-Presse-Neu.jpg","link":"https:\/\/www.lang-und-heyne.de\/es\/servicio\/lh-kachel-presse-neu-2\/","alt":"","author":"5","description":"","caption":"","name":"lh-kachel-presse-neu-2","status":"inherit","uploaded_to":7208,"date":"2024-05-14 19:58:15","modified":"2024-05-14 19:58:15","menu_order":0,"mime_type":"image\/jpeg","type":"image","subtype":"jpeg","icon":"https:\/\/www.lang-und-heyne.de\/wp-includes\/images\/media\/default.png","width":1000,"height":705,"sizes":{"thumbnail":"https:\/\/www.lang-und-heyne.de\/dateien\/2024\/05\/LH-Kachel-Presse-Neu-150x150.jpg","thumbnail-width":150,"thumbnail-height":150,"medium":"https:\/\/www.lang-und-heyne.de\/dateien\/2024\/05\/LH-Kachel-Presse-Neu-300x212.jpg","medium-width":300,"medium-height":212,"medium_large":"https:\/\/www.lang-und-heyne.de\/dateien\/2024\/05\/LH-Kachel-Presse-Neu-768x541.jpg","medium_large-width":768,"medium_large-height":541,"large":"https:\/\/www.lang-und-heyne.de\/dateien\/2024\/05\/LH-Kachel-Presse-Neu.jpg","large-width":1000,"large-height":705,"1536x1536":"https:\/\/www.lang-und-heyne.de\/dateien\/2024\/05\/LH-Kachel-Presse-Neu.jpg","1536x1536-width":1000,"1536x1536-height":705,"2048x2048":"https:\/\/www.lang-und-heyne.de\/dateien\/2024\/05\/LH-Kachel-Presse-Neu.jpg","2048x2048-width":1000,"2048x2048-height":705,"post-thumbnail":"https:\/\/www.lang-und-heyne.de\/dateien\/2024\/05\/LH-Kachel-Presse-Neu-150x150.jpg","post-thumbnail-width":150,"post-thumbnail-height":150,"wide":"https:\/\/www.lang-und-heyne.de\/dateien\/2024\/05\/LH-Kachel-Presse-Neu.jpg","wide-width":1000,"wide-height":705}},"sub":"","text":"Compartimos un inter\u00e9s com\u00fan por los reportajes y la informaci\u00f3n sobre Lang & Heyne con periodistas y editores de medios de comunicaci\u00f3n. Se refieren a los resultados de nuevos y extraordinarios desarrollos de nuestra colecci\u00f3n, pero tambi\u00e9n a temas como los cambios en la empresa o nuestro compromiso social con la sociedad. Las consultas de los medios de comunicaci\u00f3n son la base de anuncios, art\u00edculos o comentarios.  ","link":"Nuestra gama de servicios","target":"https:\/\/www.lang-und-heyne.de\/es\/pulsa\/","zusatzbild":false,"bild2":false,"ausrichtung":false,"sub2":""},{"acf_fc_layout":"textbild","header":"Bolet\u00edn","anchor":true,"order":true,"bigtext":false,"bild":{"ID":7213,"id":7213,"title":"LH-Kachel-Newsletter","filename":"LH-Kachel-Newsletter.jpg","filesize":380436,"url":"https:\/\/www.lang-und-heyne.de\/dateien\/2024\/05\/LH-Kachel-Newsletter.jpg","link":"https:\/\/www.lang-und-heyne.de\/es\/servicio\/lh-kachel-newsletter-2\/","alt":"","author":"5","description":"","caption":"","name":"lh-kachel-newsletter-2","status":"inherit","uploaded_to":7208,"date":"2024-05-14 19:49:16","modified":"2024-05-14 19:49:16","menu_order":0,"mime_type":"image\/jpeg","type":"image","subtype":"jpeg","icon":"https:\/\/www.lang-und-heyne.de\/wp-includes\/images\/media\/default.png","width":1000,"height":705,"sizes":{"thumbnail":"https:\/\/www.lang-und-heyne.de\/dateien\/2024\/05\/LH-Kachel-Newsletter-150x150.jpg","thumbnail-width":150,"thumbnail-height":150,"medium":"https:\/\/www.lang-und-heyne.de\/dateien\/2024\/05\/LH-Kachel-Newsletter-300x212.jpg","medium-width":300,"medium-height":212,"medium_large":"https:\/\/www.lang-und-heyne.de\/dateien\/2024\/05\/LH-Kachel-Newsletter-768x541.jpg","medium_large-width":768,"medium_large-height":541,"large":"https:\/\/www.lang-und-heyne.de\/dateien\/2024\/05\/LH-Kachel-Newsletter.jpg","large-width":1000,"large-height":705,"1536x1536":"https:\/\/www.lang-und-heyne.de\/dateien\/2024\/05\/LH-Kachel-Newsletter.jpg","1536x1536-width":1000,"1536x1536-height":705,"2048x2048":"https:\/\/www.lang-und-heyne.de\/dateien\/2024\/05\/LH-Kachel-Newsletter.jpg","2048x2048-width":1000,"2048x2048-height":705,"post-thumbnail":"https:\/\/www.lang-und-heyne.de\/dateien\/2024\/05\/LH-Kachel-Newsletter-150x150.jpg","post-thumbnail-width":150,"post-thumbnail-height":150,"wide":"https:\/\/www.lang-und-heyne.de\/dateien\/2024\/05\/LH-Kachel-Newsletter.jpg","wide-width":1000,"wide-height":705}},"sub":"","text":"Te invitamos a unirte a nuestro exclusivo c\u00edrculo \u00edntimo, donde la artesan\u00eda se une a la elegancia y el cronometraje adquiere un significado totalmente nuevo. Como miembro, tendr\u00e1s acceso a nuestras \u00faltimas creaciones, ediciones limitadas y cautivadoras colaboraciones. Sum\u00e9rgete en el encantador mundo de Lang & Heyne, donde cada tictac cuenta una historia de meticulosa artesan\u00eda.  <br \/>\n<br \/>\nEn esta secci\u00f3n resumimos las observaciones del mercado, las experiencias en ferias y los debates en los medios sociales para nuestros socios comerciales y minoristas. Nos centramos en las conclusiones para el futuro desarrollo de nuestra empresa y de la marca Lang & Heyne. La suscripci\u00f3n a estas noticias es gratuita.  ","link":"","target":"","zusatzbild":false,"bild2":false,"ausrichtung":false,"sub2":""}],"slide":[{"bild__video":true,"bild":{"ID":7212,"id":7212,"title":"LH_Header_Service-Box","filename":"LH_Header_Service-Box.jpg","filesize":691832,"url":"https:\/\/www.lang-und-heyne.de\/dateien\/2024\/03\/LH_Header_Service-Box.jpg","link":"https:\/\/www.lang-und-heyne.de\/es\/servicio\/lh_header_service-box-2\/","alt":"","author":"5","description":"","caption":"","name":"lh_header_service-box-2","status":"inherit","uploaded_to":7208,"date":"2024-03-20 15:05:55","modified":"2024-03-20 15:05:55","menu_order":0,"mime_type":"image\/jpeg","type":"image","subtype":"jpeg","icon":"https:\/\/www.lang-und-heyne.de\/wp-includes\/images\/media\/default.png","width":1920,"height":1080,"sizes":{"thumbnail":"https:\/\/www.lang-und-heyne.de\/dateien\/2024\/03\/LH_Header_Service-Box-150x150.jpg","thumbnail-width":150,"thumbnail-height":150,"medium":"https:\/\/www.lang-und-heyne.de\/dateien\/2024\/03\/LH_Header_Service-Box-300x169.jpg","medium-width":300,"medium-height":169,"medium_large":"https:\/\/www.lang-und-heyne.de\/dateien\/2024\/03\/LH_Header_Service-Box-768x432.jpg","medium_large-width":768,"medium_large-height":432,"large":"https:\/\/www.lang-und-heyne.de\/dateien\/2024\/03\/LH_Header_Service-Box-1024x576.jpg","large-width":1024,"large-height":576,"1536x1536":"https:\/\/www.lang-und-heyne.de\/dateien\/2024\/03\/LH_Header_Service-Box-1536x864.jpg","1536x1536-width":1536,"1536x1536-height":864,"2048x2048":"https:\/\/www.lang-und-heyne.de\/dateien\/2024\/03\/LH_Header_Service-Box.jpg","2048x2048-width":1920,"2048x2048-height":1080,"post-thumbnail":"https:\/\/www.lang-und-heyne.de\/dateien\/2024\/03\/LH_Header_Service-Box-150x150.jpg","post-thumbnail-width":150,"post-thumbnail-height":150,"wide":"https:\/\/www.lang-und-heyne.de\/dateien\/2024\/03\/LH_Header_Service-Box-1400x788.jpg","wide-width":1400,"wide-height":788}},"video":false,"texte":{"text":"","subline":""}}]},"wpml_current_locale":"es_ES","wpml_translations":{"en_US":{"locale":"en_US","id":3023,"slug":"service","post_title":"Service","href":"https:\/\/www.lang-und-heyne.de\/en\/service\/"},"de_DE":{"locale":"de_DE","id":1313,"slug":"service","post_title":"Service","href":"https:\/\/www.lang-und-heyne.de\/service\/"},"fr_FR":{"locale":"fr_FR","id":7201,"slug":"service","post_title":"Service","href":"https:\/\/www.lang-und-heyne.de\/fr\/service\/"},"ja":{"locale":"ja","id":3072,"slug":"service","post_title":"\u30b5\u30fc\u30d3\u30b9","href":"https:\/\/www.lang-und-heyne.de\/ja\/service\/"},"zh_CN":{"locale":"zh_CN","id":4317,"slug":"service","post_title":"\u670d\u52a1","href":"https:\/\/www.lang-und-heyne.de\/zh-hans\/service\/"}},"_links":{"self":[{"href":"https:\/\/www.lang-und-heyne.de\/es\/wp-json\/wp\/v2\/pages\/7208","targetHints":{"allow":["GET"]}}],"collection":[{"href":"https:\/\/www.lang-und-heyne.de\/es\/wp-json\/wp\/v2\/pages"}],"about":[{"href":"https:\/\/www.lang-und-heyne.de\/es\/wp-json\/wp\/v2\/types\/page"}],"author":[{"embeddable":true,"href":"https:\/\/www.lang-und-heyne.de\/es\/wp-json\/wp\/v2\/users\/2"}],"replies":[{"embeddable":true,"href":"https:\/\/www.lang-und-heyne.de\/es\/wp-json\/wp\/v2\/comments?post=7208"}],"version-history":[{"count":0,"href":"https:\/\/www.lang-und-heyne.de\/es\/wp-json\/wp\/v2\/pages\/7208\/revisions"}],"wp:attachment":[{"href":"https:\/\/www.lang-und-heyne.de\/es\/wp-json\/wp\/v2\/media?parent=7208"}],"curies":[{"name":"wp","href":"https:\/\/api.w.org\/{rel}","templated":true}]}}