{"id":7552,"date":"2023-01-17T15:22:59","date_gmt":"2023-01-17T14:22:59","guid":{"rendered":"https:\/\/www.lang-und-heyne.de\/artesania\/"},"modified":"2023-01-17T15:22:59","modified_gmt":"2023-01-17T14:22:59","slug":"artesania","status":"publish","type":"page","link":"https:\/\/www.lang-und-heyne.de\/es\/artesania\/","title":{"rendered":"Artesan\u00eda"},"content":{"rendered":"","protected":false},"excerpt":{"rendered":"","protected":false},"author":1,"featured_media":7582,"parent":0,"menu_order":134,"comment_status":"closed","ping_status":"closed","template":"","meta":{"_acf_changed":false,"footnotes":""},"class_list":["post-7552","page","type-page","status-publish","has-post-thumbnail","hentry"],"acf":{"start":[{"acf_fc_layout":"textbild","header":"De la idea al dibujo","anchor":true,"order":false,"bigtext":false,"bild":{"ID":7616,"id":7616,"title":"LH_Kachel_Idee","filename":"LH_Kachel_Idee.jpg","filesize":395593,"url":"https:\/\/www.lang-und-heyne.de\/dateien\/2024\/03\/LH_Kachel_Idee.jpg","link":"https:\/\/www.lang-und-heyne.de\/es\/artesania\/idea\/lh_kachel_idee-2\/","alt":"","author":"5","description":"","caption":"","name":"lh_kachel_idee-2","status":"inherit","uploaded_to":7608,"date":"2024-03-08 20:42:24","modified":"2024-03-08 20:42:24","menu_order":0,"mime_type":"image\/jpeg","type":"image","subtype":"jpeg","icon":"https:\/\/www.lang-und-heyne.de\/wp-includes\/images\/media\/default.png","width":1000,"height":640,"sizes":{"thumbnail":"https:\/\/www.lang-und-heyne.de\/dateien\/2024\/03\/LH_Kachel_Idee-150x150.jpg","thumbnail-width":150,"thumbnail-height":150,"medium":"https:\/\/www.lang-und-heyne.de\/dateien\/2024\/03\/LH_Kachel_Idee-300x192.jpg","medium-width":300,"medium-height":192,"medium_large":"https:\/\/www.lang-und-heyne.de\/dateien\/2024\/03\/LH_Kachel_Idee-768x492.jpg","medium_large-width":768,"medium_large-height":492,"large":"https:\/\/www.lang-und-heyne.de\/dateien\/2024\/03\/LH_Kachel_Idee.jpg","large-width":1000,"large-height":640,"1536x1536":"https:\/\/www.lang-und-heyne.de\/dateien\/2024\/03\/LH_Kachel_Idee.jpg","1536x1536-width":1000,"1536x1536-height":640,"2048x2048":"https:\/\/www.lang-und-heyne.de\/dateien\/2024\/03\/LH_Kachel_Idee.jpg","2048x2048-width":1000,"2048x2048-height":640,"post-thumbnail":"https:\/\/www.lang-und-heyne.de\/dateien\/2024\/03\/LH_Kachel_Idee-150x150.jpg","post-thumbnail-width":150,"post-thumbnail-height":150,"wide":"https:\/\/www.lang-und-heyne.de\/dateien\/2024\/03\/LH_Kachel_Idee.jpg","wide-width":1000,"wide-height":640}},"sub":"","text":"La creaci\u00f3n de un reloj es como una composici\u00f3n musical en la que tradici\u00f3n, innovaci\u00f3n y funcionalidad se funden en una idea creativa. Al igual que un director de orquesta que forma una obra armoniosa a partir de diferentes colores tonales, nosotros combinamos lo probado con lo nuevo. Los bocetos t\u00e9cnicos sirven de base para la obra maestra, en la que belleza y funci\u00f3n est\u00e1n en armon\u00eda. Nuestros relojes son como una orquesta armoniosa en la que cada componente aporta una belleza \u00fanica y se busca la armon\u00eda ideal entre forma y funci\u00f3n. Los planos desempe\u00f1an aqu\u00ed un papel decisivo, similar al de las notas en una partitura, para garantizar la coordinaci\u00f3n exacta de forma y funci\u00f3n. Su realizaci\u00f3n requiere tecnolog\u00edas probadas y nuevos m\u00e9todos de trabajo, comparables a los de un director de orquesta que coordina la variedad de sonidos. Los procesos documentados forman la partitura de la calidad y la coherencia, aunque perfeccionarlos puede requerir paciencia y esfuerzo.","link":"De la idea al dibujo en detalle","target":"https:\/\/www.lang-und-heyne.de\/es\/artesania\/idea\/","zusatzbild":false,"bild2":false,"ausrichtung":false,"sub2":""},{"acf_fc_layout":"textbild","header":"Producci\u00f3n de piezas brutas","anchor":true,"order":true,"bigtext":false,"bild":{"ID":7675,"id":7675,"title":"LH_Kachel_CNC-Platine","filename":"LH_Kachel_CNC-Platine.jpg","filesize":219765,"url":"https:\/\/www.lang-und-heyne.de\/dateien\/2023\/07\/LH_Kachel_CNC-Platine.jpg","link":"https:\/\/www.lang-und-heyne.de\/es\/artesania\/tecnologia-cnc\/lh_kachel_cnc-platine-2\/","alt":"","author":"5","description":"","caption":"","name":"lh_kachel_cnc-platine-2","status":"inherit","uploaded_to":7672,"date":"2023-07-28 08:30:41","modified":"2023-07-28 08:30:41","menu_order":0,"mime_type":"image\/jpeg","type":"image","subtype":"jpeg","icon":"https:\/\/www.lang-und-heyne.de\/wp-includes\/images\/media\/default.png","width":1000,"height":705,"sizes":{"thumbnail":"https:\/\/www.lang-und-heyne.de\/dateien\/2023\/07\/LH_Kachel_CNC-Platine-150x150.jpg","thumbnail-width":150,"thumbnail-height":150,"medium":"https:\/\/www.lang-und-heyne.de\/dateien\/2023\/07\/LH_Kachel_CNC-Platine-300x212.jpg","medium-width":300,"medium-height":212,"medium_large":"https:\/\/www.lang-und-heyne.de\/dateien\/2023\/07\/LH_Kachel_CNC-Platine-768x541.jpg","medium_large-width":768,"medium_large-height":541,"large":"https:\/\/www.lang-und-heyne.de\/dateien\/2023\/07\/LH_Kachel_CNC-Platine.jpg","large-width":1000,"large-height":705,"1536x1536":"https:\/\/www.lang-und-heyne.de\/dateien\/2023\/07\/LH_Kachel_CNC-Platine.jpg","1536x1536-width":1000,"1536x1536-height":705,"2048x2048":"https:\/\/www.lang-und-heyne.de\/dateien\/2023\/07\/LH_Kachel_CNC-Platine.jpg","2048x2048-width":1000,"2048x2048-height":705,"post-thumbnail":"https:\/\/www.lang-und-heyne.de\/dateien\/2023\/07\/LH_Kachel_CNC-Platine-150x150.jpg","post-thumbnail-width":150,"post-thumbnail-height":150,"wide":"https:\/\/www.lang-und-heyne.de\/dateien\/2023\/07\/LH_Kachel_CNC-Platine.jpg","wide-width":1000,"wide-height":705}},"sub":"","text":"En relojer\u00eda, las piezas brutas son la base para la creaci\u00f3n de obras maestras. El uso de programas de dise\u00f1o en 3D permite crear contornos detallados que se transmiten directamente a las m\u00e1quinas. Los operarios de las m\u00e1quinas desempe\u00f1an un papel decisivo en la programaci\u00f3n, la adquisici\u00f3n de herramientas y la carga. Esta moderna tecnolog\u00eda permite producir lotes m\u00e1s peque\u00f1os con gran precisi\u00f3n y versatilidad. Las piezas planas y de bastidor se fresan, mientras que las piezas de rotaci\u00f3n sim\u00e9trica con taladros y fresado se fabrican en tornos autom\u00e1ticos y centros de mecanizado. Adem\u00e1s, se utilizan procesos modernos como el corte por l\u00e1ser, la erosi\u00f3n por hilo y los galvanopl\u00e1sticos para fabricar con precisi\u00f3n piezas bidimensionales. Este proceso combina lo mejor de la tradici\u00f3n y la modernidad para crear componentes de relojer\u00eda precisos y de alta calidad.","link":"Producci\u00f3n en detalle","target":"https:\/\/www.lang-und-heyne.de\/es\/artesania\/tecnologia-cnc\/","zusatzbild":false,"bild2":false,"ausrichtung":false,"sub2":""},{"acf_fc_layout":"textbild","header":"Refinamiento magistral","anchor":true,"order":false,"bigtext":false,"bild":{"ID":7581,"id":7581,"title":"LH_Kachel_Detail_Finish-Kloben","filename":"LH_Kachel_Detail_Finish-Kloben.jpg","filesize":297469,"url":"https:\/\/www.lang-und-heyne.de\/dateien\/2023\/10\/LH_Kachel_Detail_Finish-Kloben.jpg","link":"https:\/\/www.lang-und-heyne.de\/es\/artesania\/lh_kachel_detail_finish-kloben-2\/","alt":"","author":"5","description":"","caption":"","name":"lh_kachel_detail_finish-kloben-2","status":"inherit","uploaded_to":7552,"date":"2023-10-20 07:03:49","modified":"2023-10-20 07:03:49","menu_order":0,"mime_type":"image\/jpeg","type":"image","subtype":"jpeg","icon":"https:\/\/www.lang-und-heyne.de\/wp-includes\/images\/media\/default.png","width":1000,"height":640,"sizes":{"thumbnail":"https:\/\/www.lang-und-heyne.de\/dateien\/2023\/10\/LH_Kachel_Detail_Finish-Kloben-150x150.jpg","thumbnail-width":150,"thumbnail-height":150,"medium":"https:\/\/www.lang-und-heyne.de\/dateien\/2023\/10\/LH_Kachel_Detail_Finish-Kloben-300x192.jpg","medium-width":300,"medium-height":192,"medium_large":"https:\/\/www.lang-und-heyne.de\/dateien\/2023\/10\/LH_Kachel_Detail_Finish-Kloben-768x492.jpg","medium_large-width":768,"medium_large-height":492,"large":"https:\/\/www.lang-und-heyne.de\/dateien\/2023\/10\/LH_Kachel_Detail_Finish-Kloben.jpg","large-width":1000,"large-height":640,"1536x1536":"https:\/\/www.lang-und-heyne.de\/dateien\/2023\/10\/LH_Kachel_Detail_Finish-Kloben.jpg","1536x1536-width":1000,"1536x1536-height":640,"2048x2048":"https:\/\/www.lang-und-heyne.de\/dateien\/2023\/10\/LH_Kachel_Detail_Finish-Kloben.jpg","2048x2048-width":1000,"2048x2048-height":640,"post-thumbnail":"https:\/\/www.lang-und-heyne.de\/dateien\/2023\/10\/LH_Kachel_Detail_Finish-Kloben-150x150.jpg","post-thumbnail-width":150,"post-thumbnail-height":150,"wide":"https:\/\/www.lang-und-heyne.de\/dateien\/2023\/10\/LH_Kachel_Detail_Finish-Kloben.jpg","wide-width":1000,"wide-height":640}},"sub":"","text":"En el mundo de la relojer\u00eda, los relojes no s\u00f3lo se consideran relojes, sino verdaderas obras de arte. Un paso decisivo para completar un reloj es la aplicaci\u00f3n de diversas t\u00e9cnicas de acabado. Estas t\u00e9cnicas combinan est\u00e9tica y precisi\u00f3n para dar a cada movimiento un aura especial. Desde el fino veteado del ba\u00f1o de plata hasta el art\u00edstico corte circular y de sol, pasando por el preciso biselado de los bordes y las superficies, cada una de estas t\u00e9cnicas contribuye a la belleza, funcionalidad y longevidad del reloj.","link":"Impresionantes t\u00e9cnicas de acabado en detalle","target":"https:\/\/www.lang-und-heyne.de\/es\/artesania\/refinamiento-magistral\/","zusatzbild":false,"bild2":{"ID":7567,"id":7567,"title":"LH_Blaeuen","filename":"LH_Blaeuen-3.jpg","filesize":26652,"url":"https:\/\/www.lang-und-heyne.de\/dateien\/2023\/04\/LH_Blaeuen-3.jpg","link":"https:\/\/www.lang-und-heyne.de\/es\/artesania\/lh_blaeuen-3\/","alt":"","author":"2","description":"","caption":"","name":"lh_blaeuen-3","status":"inherit","uploaded_to":7552,"date":"2023-04-26 09:46:55","modified":"2023-04-26 09:46:55","menu_order":0,"mime_type":"image\/jpeg","type":"image","subtype":"jpeg","icon":"https:\/\/www.lang-und-heyne.de\/wp-includes\/images\/media\/default.png","width":700,"height":347,"sizes":{"thumbnail":"https:\/\/www.lang-und-heyne.de\/dateien\/2023\/04\/LH_Blaeuen-3-150x150.jpg","thumbnail-width":150,"thumbnail-height":150,"medium":"https:\/\/www.lang-und-heyne.de\/dateien\/2023\/04\/LH_Blaeuen-3-300x149.jpg","medium-width":300,"medium-height":149,"medium_large":"https:\/\/www.lang-und-heyne.de\/dateien\/2023\/04\/LH_Blaeuen-3.jpg","medium_large-width":700,"medium_large-height":347,"large":"https:\/\/www.lang-und-heyne.de\/dateien\/2023\/04\/LH_Blaeuen-3.jpg","large-width":700,"large-height":347,"1536x1536":"https:\/\/www.lang-und-heyne.de\/dateien\/2023\/04\/LH_Blaeuen-3.jpg","1536x1536-width":700,"1536x1536-height":347,"2048x2048":"https:\/\/www.lang-und-heyne.de\/dateien\/2023\/04\/LH_Blaeuen-3.jpg","2048x2048-width":700,"2048x2048-height":347,"post-thumbnail":"https:\/\/www.lang-und-heyne.de\/dateien\/2023\/04\/LH_Blaeuen-3-150x150.jpg","post-thumbnail-width":150,"post-thumbnail-height":150,"wide":"https:\/\/www.lang-und-heyne.de\/dateien\/2023\/04\/LH_Blaeuen-3.jpg","wide-width":700,"wide-height":347}},"ausrichtung":false,"sub2":""},{"acf_fc_layout":"textbild","header":"Montaje de nuestros relojes","anchor":true,"order":true,"bigtext":false,"bild":{"ID":7576,"id":7576,"title":"LH_Kachel_Georg-Montage","filename":"LH_Kachel_Georg-Montage.jpg","filesize":386946,"url":"https:\/\/www.lang-und-heyne.de\/dateien\/2023\/08\/LH_Kachel_Georg-Montage.jpg","link":"https:\/\/www.lang-und-heyne.de\/es\/artesania\/lh_kachel_georg-montage-2-2\/","alt":"","author":"5","description":"","caption":"","name":"lh_kachel_georg-montage-2-2","status":"inherit","uploaded_to":7552,"date":"2023-08-24 06:58:15","modified":"2023-08-24 06:58:15","menu_order":0,"mime_type":"image\/jpeg","type":"image","subtype":"jpeg","icon":"https:\/\/www.lang-und-heyne.de\/wp-includes\/images\/media\/default.png","width":1000,"height":640,"sizes":{"thumbnail":"https:\/\/www.lang-und-heyne.de\/dateien\/2023\/08\/LH_Kachel_Georg-Montage-150x150.jpg","thumbnail-width":150,"thumbnail-height":150,"medium":"https:\/\/www.lang-und-heyne.de\/dateien\/2023\/08\/LH_Kachel_Georg-Montage-300x192.jpg","medium-width":300,"medium-height":192,"medium_large":"https:\/\/www.lang-und-heyne.de\/dateien\/2023\/08\/LH_Kachel_Georg-Montage-768x492.jpg","medium_large-width":768,"medium_large-height":492,"large":"https:\/\/www.lang-und-heyne.de\/dateien\/2023\/08\/LH_Kachel_Georg-Montage.jpg","large-width":1000,"large-height":640,"1536x1536":"https:\/\/www.lang-und-heyne.de\/dateien\/2023\/08\/LH_Kachel_Georg-Montage.jpg","1536x1536-width":1000,"1536x1536-height":640,"2048x2048":"https:\/\/www.lang-und-heyne.de\/dateien\/2023\/08\/LH_Kachel_Georg-Montage.jpg","2048x2048-width":1000,"2048x2048-height":640,"post-thumbnail":"https:\/\/www.lang-und-heyne.de\/dateien\/2023\/08\/LH_Kachel_Georg-Montage-150x150.jpg","post-thumbnail-width":150,"post-thumbnail-height":150,"wide":"https:\/\/www.lang-und-heyne.de\/dateien\/2023\/08\/LH_Kachel_Georg-Montage.jpg","wide-width":1000,"wide-height":640}},"sub":"","text":"Montar un reloj es una exigente sinfon\u00eda de precisi\u00f3n y maestr\u00eda. Al igual que los m\u00fasicos que dominan sus instrumentos, los relojeros utilizan cada componente con la m\u00e1xima precisi\u00f3n para crear una obra maestra armoniosa. Cada paso, desde el ajuste fino de los componentes y ruedas de cuerda hasta el ajuste preciso del escape, contribuye a la perfecta melod\u00eda del reloj. T\u00e9cnicas como el brazo regulador giratorio permiten dirigir con precisi\u00f3n el movimiento del reloj. Cada componente est\u00e1 cuidadosamente equilibrado para garantizar un movimiento armonioso, de forma similar a como los m\u00fasicos afinan sus notas. Por \u00faltimo, los relojeros fijan la esfera y colocan las agujas como toques finales para redondear la obra maestra. Esta sinfon\u00eda de precisi\u00f3n, artesan\u00eda y pasi\u00f3n crea relojes de alta calidad que resuenan como una melod\u00eda intemporal.","link":"De la precisi\u00f3n a la perfecci\u00f3n: montaje de relojes al detalle","target":"https:\/\/www.lang-und-heyne.de\/es\/artesania\/montaje\/","zusatzbild":false,"bild2":false,"ausrichtung":false,"sub2":""},{"acf_fc_layout":"textbild","header":"Medir y probar","anchor":true,"order":false,"bigtext":false,"bild":{"ID":7580,"id":7580,"title":"LH_Kachel_Quali","filename":"LH_Kachel_Quali.jpg","filesize":295539,"url":"https:\/\/www.lang-und-heyne.de\/dateien\/2023\/10\/LH_Kachel_Quali.jpg","link":"https:\/\/www.lang-und-heyne.de\/es\/artesania\/lh_kachel_quali-2\/","alt":"","author":"5","description":"","caption":"","name":"lh_kachel_quali-2","status":"inherit","uploaded_to":7552,"date":"2023-10-20 07:02:39","modified":"2023-10-20 07:02:39","menu_order":0,"mime_type":"image\/jpeg","type":"image","subtype":"jpeg","icon":"https:\/\/www.lang-und-heyne.de\/wp-includes\/images\/media\/default.png","width":1000,"height":640,"sizes":{"thumbnail":"https:\/\/www.lang-und-heyne.de\/dateien\/2023\/10\/LH_Kachel_Quali-150x150.jpg","thumbnail-width":150,"thumbnail-height":150,"medium":"https:\/\/www.lang-und-heyne.de\/dateien\/2023\/10\/LH_Kachel_Quali-300x192.jpg","medium-width":300,"medium-height":192,"medium_large":"https:\/\/www.lang-und-heyne.de\/dateien\/2023\/10\/LH_Kachel_Quali-768x492.jpg","medium_large-width":768,"medium_large-height":492,"large":"https:\/\/www.lang-und-heyne.de\/dateien\/2023\/10\/LH_Kachel_Quali.jpg","large-width":1000,"large-height":640,"1536x1536":"https:\/\/www.lang-und-heyne.de\/dateien\/2023\/10\/LH_Kachel_Quali.jpg","1536x1536-width":1000,"1536x1536-height":640,"2048x2048":"https:\/\/www.lang-und-heyne.de\/dateien\/2023\/10\/LH_Kachel_Quali.jpg","2048x2048-width":1000,"2048x2048-height":640,"post-thumbnail":"https:\/\/www.lang-und-heyne.de\/dateien\/2023\/10\/LH_Kachel_Quali-150x150.jpg","post-thumbnail-width":150,"post-thumbnail-height":150,"wide":"https:\/\/www.lang-und-heyne.de\/dateien\/2023\/10\/LH_Kachel_Quali.jpg","wide-width":1000,"wide-height":640}},"sub":"","text":"La calidad desempe\u00f1a un papel importante en Lang & Heyne. Cada paso del proceso de fabricaci\u00f3n, desde la cuidadosa inspecci\u00f3n de las materias primas hasta el control de calidad final antes de la entrega, se comprueba meticulosamente. Esto garantiza que los relojes sean de una calidad y sofisticaci\u00f3n inigualables. Las pruebas precisas, el control t\u00e9cnico, la perfecci\u00f3n \u00f3ptica y el ojo entrenado de los relojeros ilustran la exigencia de la m\u00e1xima calidad y perfecci\u00f3n. Incluso despu\u00e9s de terminados, los relojes se someten a pruebas intensivas para garantizar que cumplen las normas m\u00e1s estrictas de precisi\u00f3n, funcionalidad y resistencia al agua. M\u00faltiples inspecciones visuales garantizan la excelencia est\u00e9tica. Todos estos aspectos demuestran de forma impresionante que la calidad y la artesan\u00eda son de vital importancia en Lang & Heyne.","link":"","target":"","zusatzbild":false,"bild2":false,"ausrichtung":false,"sub2":""}],"slide":[{"bild__video":true,"bild":{"ID":7579,"id":7579,"title":"LH_Header_WegZurUhr","filename":"LH_Header_WegZurUhr.jpg","filesize":842013,"url":"https:\/\/www.lang-und-heyne.de\/dateien\/2023\/08\/LH_Header_WegZurUhr.jpg","link":"https:\/\/www.lang-und-heyne.de\/es\/artesania\/lh_header_wegzuruhr-2\/","alt":"","author":"5","description":"","caption":"","name":"lh_header_wegzuruhr-2","status":"inherit","uploaded_to":7552,"date":"2023-08-25 09:25:32","modified":"2023-08-25 09:25:32","menu_order":0,"mime_type":"image\/jpeg","type":"image","subtype":"jpeg","icon":"https:\/\/www.lang-und-heyne.de\/wp-includes\/images\/media\/default.png","width":1920,"height":1080,"sizes":{"thumbnail":"https:\/\/www.lang-und-heyne.de\/dateien\/2023\/08\/LH_Header_WegZurUhr-150x150.jpg","thumbnail-width":150,"thumbnail-height":150,"medium":"https:\/\/www.lang-und-heyne.de\/dateien\/2023\/08\/LH_Header_WegZurUhr-300x169.jpg","medium-width":300,"medium-height":169,"medium_large":"https:\/\/www.lang-und-heyne.de\/dateien\/2023\/08\/LH_Header_WegZurUhr-768x432.jpg","medium_large-width":768,"medium_large-height":432,"large":"https:\/\/www.lang-und-heyne.de\/dateien\/2023\/08\/LH_Header_WegZurUhr-1024x576.jpg","large-width":1024,"large-height":576,"1536x1536":"https:\/\/www.lang-und-heyne.de\/dateien\/2023\/08\/LH_Header_WegZurUhr-1536x864.jpg","1536x1536-width":1536,"1536x1536-height":864,"2048x2048":"https:\/\/www.lang-und-heyne.de\/dateien\/2023\/08\/LH_Header_WegZurUhr.jpg","2048x2048-width":1920,"2048x2048-height":1080,"post-thumbnail":"https:\/\/www.lang-und-heyne.de\/dateien\/2023\/08\/LH_Header_WegZurUhr-150x150.jpg","post-thumbnail-width":150,"post-thumbnail-height":150,"wide":"https:\/\/www.lang-und-heyne.de\/dateien\/2023\/08\/LH_Header_WegZurUhr-1400x788.jpg","wide-width":1400,"wide-height":788}},"video":false,"texte":{"text":"El camino hacia el reloj","subline":"Artesan\u00eda magistral"}}]},"wpml_current_locale":"es_ES","wpml_translations":{"en_US":{"locale":"en_US","id":3025,"slug":"craftsmanship","post_title":"Craftsmanship","href":"https:\/\/www.lang-und-heyne.de\/en\/craftsmanship\/"},"de_DE":{"locale":"de_DE","id":563,"slug":"handwerk","post_title":"Handwerk","href":"https:\/\/www.lang-und-heyne.de\/handwerk\/"},"fr_FR":{"locale":"fr_FR","id":7315,"slug":"artisanat","post_title":"Artisanat","href":"https:\/\/www.lang-und-heyne.de\/fr\/artisanat\/"},"ja":{"locale":"ja","id":3215,"slug":"craftsmanship","post_title":"\u30cf\u30f3\u30c9\u30af\u30e9\u30d5\u30c8","href":"https:\/\/www.lang-und-heyne.de\/ja\/craftsmanship\/"},"zh_CN":{"locale":"zh_CN","id":3521,"slug":"craftsmanship","post_title":"\u5de5\u827a\u54c1","href":"https:\/\/www.lang-und-heyne.de\/zh-hans\/craftsmanship\/"}},"_links":{"self":[{"href":"https:\/\/www.lang-und-heyne.de\/es\/wp-json\/wp\/v2\/pages\/7552","targetHints":{"allow":["GET"]}}],"collection":[{"href":"https:\/\/www.lang-und-heyne.de\/es\/wp-json\/wp\/v2\/pages"}],"about":[{"href":"https:\/\/www.lang-und-heyne.de\/es\/wp-json\/wp\/v2\/types\/page"}],"author":[{"embeddable":true,"href":"https:\/\/www.lang-und-heyne.de\/es\/wp-json\/wp\/v2\/users\/1"}],"replies":[{"embeddable":true,"href":"https:\/\/www.lang-und-heyne.de\/es\/wp-json\/wp\/v2\/comments?post=7552"}],"version-history":[{"count":0,"href":"https:\/\/www.lang-und-heyne.de\/es\/wp-json\/wp\/v2\/pages\/7552\/revisions"}],"wp:featuredmedia":[{"embeddable":true,"href":"https:\/\/www.lang-und-heyne.de\/es\/wp-json\/wp\/v2\/media\/7582"}],"wp:attachment":[{"href":"https:\/\/www.lang-und-heyne.de\/es\/wp-json\/wp\/v2\/media?parent=7552"}],"curies":[{"name":"wp","href":"https:\/\/api.w.org\/{rel}","templated":true}]}}