{"id":7707,"date":"2023-07-24T12:48:15","date_gmt":"2023-07-24T10:48:15","guid":{"rendered":"https:\/\/www.lang-und-heyne.de\/artesania\/recocido\/"},"modified":"2023-07-24T12:48:15","modified_gmt":"2023-07-24T10:48:15","slug":"recocido","status":"publish","type":"page","link":"https:\/\/www.lang-und-heyne.de\/es\/artesania\/recocido\/","title":{"rendered":"Recocido"},"content":{"rendered":"","protected":false},"excerpt":{"rendered":"","protected":false},"author":5,"featured_media":7724,"parent":7552,"menu_order":73,"comment_status":"closed","ping_status":"closed","template":"","meta":{"_acf_changed":false,"footnotes":""},"class_list":["post-7707","page","type-page","status-publish","has-post-thumbnail","hentry"],"acf":{"start":[{"acf_fc_layout":"textbild","header":"El Arte Del Recocido","anchor":false,"order":false,"bigtext":false,"bild":{"ID":7744,"id":7744,"title":"LH_Anreibeversilbern_Detail5_Kanten_Anglieren","filename":"LH_Anreibeversilbern_Detail5_Kanten_Anglieren.jpg","filesize":129273,"url":"https:\/\/www.lang-und-heyne.de\/dateien\/2023\/06\/LH_Anreibeversilbern_Detail5_Kanten_Anglieren.jpg","link":"https:\/\/www.lang-und-heyne.de\/es\/artesania\/chapado-en-plata\/lh_anreibeversilbern_detail5_kanten_anglieren-2\/","alt":"","author":"2","description":"","caption":"","name":"lh_anreibeversilbern_detail5_kanten_anglieren-2","status":"inherit","uploaded_to":7739,"date":"2023-06-01 07:53:01","modified":"2023-06-01 07:53:01","menu_order":0,"mime_type":"image\/jpeg","type":"image","subtype":"jpeg","icon":"https:\/\/www.lang-und-heyne.de\/wp-includes\/images\/media\/default.png","width":1000,"height":640,"sizes":{"thumbnail":"https:\/\/www.lang-und-heyne.de\/dateien\/2023\/06\/LH_Anreibeversilbern_Detail5_Kanten_Anglieren-150x150.jpg","thumbnail-width":150,"thumbnail-height":150,"medium":"https:\/\/www.lang-und-heyne.de\/dateien\/2023\/06\/LH_Anreibeversilbern_Detail5_Kanten_Anglieren-300x192.jpg","medium-width":300,"medium-height":192,"medium_large":"https:\/\/www.lang-und-heyne.de\/dateien\/2023\/06\/LH_Anreibeversilbern_Detail5_Kanten_Anglieren-768x492.jpg","medium_large-width":768,"medium_large-height":492,"large":"https:\/\/www.lang-und-heyne.de\/dateien\/2023\/06\/LH_Anreibeversilbern_Detail5_Kanten_Anglieren.jpg","large-width":1000,"large-height":640,"1536x1536":"https:\/\/www.lang-und-heyne.de\/dateien\/2023\/06\/LH_Anreibeversilbern_Detail5_Kanten_Anglieren.jpg","1536x1536-width":1000,"1536x1536-height":640,"2048x2048":"https:\/\/www.lang-und-heyne.de\/dateien\/2023\/06\/LH_Anreibeversilbern_Detail5_Kanten_Anglieren.jpg","2048x2048-width":1000,"2048x2048-height":640,"post-thumbnail":"https:\/\/www.lang-und-heyne.de\/dateien\/2023\/06\/LH_Anreibeversilbern_Detail5_Kanten_Anglieren-150x150.jpg","post-thumbnail-width":150,"post-thumbnail-height":150,"wide":"https:\/\/www.lang-und-heyne.de\/dateien\/2023\/06\/LH_Anreibeversilbern_Detail5_Kanten_Anglieren.jpg","wide-width":1000,"wide-height":640}},"sub":"El raspado de chaflanes es tambi\u00e9n una de las t\u00e9cnicas de biselado","text":"En el fascinante mundo de la relojer\u00eda, el biselado desempe\u00f1a un papel crucial en el acabado de los componentes del movimiento. Es una t\u00e9cnica art\u00edstica y precisa que dominan nuestros experimentados acabadores. Al aplicar finos biseles o chaflanes a los bordes y superficies de los componentes, no s\u00f3lo les conferimos belleza est\u00e9tica, sino que tambi\u00e9n optimizamos su funcionalidad.  ","link":"","target":"","zusatzbild":false,"bild2":false,"ausrichtung":false,"sub2":""},{"acf_fc_layout":"testimonial","bild_links":{"ID":7709,"id":7709,"title":"LH_Jana-Gewissen","filename":"LH_Jana-Gewissen.jpg","filesize":415672,"url":"https:\/\/www.lang-und-heyne.de\/dateien\/2023\/07\/LH_Jana-Gewissen.jpg","link":"https:\/\/www.lang-und-heyne.de\/es\/artesania\/recocido\/lh_jana-gewissen-2\/","alt":"","author":"5","description":"","caption":"","name":"lh_jana-gewissen-2","status":"inherit","uploaded_to":7707,"date":"2023-07-24 11:28:07","modified":"2023-07-24 11:28:07","menu_order":0,"mime_type":"image\/jpeg","type":"image","subtype":"jpeg","icon":"https:\/\/www.lang-und-heyne.de\/wp-includes\/images\/media\/default.png","width":860,"height":1000,"sizes":{"thumbnail":"https:\/\/www.lang-und-heyne.de\/dateien\/2023\/07\/LH_Jana-Gewissen-150x150.jpg","thumbnail-width":150,"thumbnail-height":150,"medium":"https:\/\/www.lang-und-heyne.de\/dateien\/2023\/07\/LH_Jana-Gewissen-258x300.jpg","medium-width":258,"medium-height":300,"medium_large":"https:\/\/www.lang-und-heyne.de\/dateien\/2023\/07\/LH_Jana-Gewissen-768x893.jpg","medium_large-width":768,"medium_large-height":893,"large":"https:\/\/www.lang-und-heyne.de\/dateien\/2023\/07\/LH_Jana-Gewissen.jpg","large-width":860,"large-height":1000,"1536x1536":"https:\/\/www.lang-und-heyne.de\/dateien\/2023\/07\/LH_Jana-Gewissen.jpg","1536x1536-width":860,"1536x1536-height":1000,"2048x2048":"https:\/\/www.lang-und-heyne.de\/dateien\/2023\/07\/LH_Jana-Gewissen.jpg","2048x2048-width":860,"2048x2048-height":1000,"post-thumbnail":"https:\/\/www.lang-und-heyne.de\/dateien\/2023\/07\/LH_Jana-Gewissen-150x150.jpg","post-thumbnail-width":150,"post-thumbnail-height":150,"wide":"https:\/\/www.lang-und-heyne.de\/dateien\/2023\/07\/LH_Jana-Gewissen.jpg","wide-width":860,"wide-height":1000}},"zitat":"Se acent\u00faa la planitud sin da\u00f1ar la superficie granulada.","autor":"Jana Gewissen, Jefa de Finanzas","seitenverkehrt":false,"smalltext":false,"bild_oder_animiertes_gif":false,"bild_rechts":false,"bild_rechts_gif":{"ID":7723,"id":7723,"title":"LH_Kachel_Anglieren-Kloben","filename":"LH_Kachel_Anglieren-Kloben.mp4","filesize":1355338,"url":"https:\/\/www.lang-und-heyne.de\/dateien\/2024\/02\/LH_Kachel_Anglieren-Kloben.mp4","link":"https:\/\/www.lang-und-heyne.de\/es\/artesania\/recocido\/lh_kachel_anglieren-kloben-2-2\/","alt":"","author":"5","description":"","caption":"","name":"lh_kachel_anglieren-kloben-2-2","status":"inherit","uploaded_to":7707,"date":"2024-02-28 08:51:49","modified":"2024-02-28 08:51:49","menu_order":0,"mime_type":"video\/mp4","type":"video","subtype":"mp4","icon":"https:\/\/www.lang-und-heyne.de\/wp-includes\/images\/media\/video.png","width":850,"height":600},"extrabild":false,"detail":false,"additionalinfo":false,"zusatzinfo":{"text":"","link":null,"linktext":""}},{"acf_fc_layout":"textbild","header":"Perfecci\u00f3n","anchor":false,"order":false,"bigtext":false,"bild":{"ID":7639,"id":7639,"title":"LH_Kachel_Schrauben-Schraubenschlitz","filename":"LH_Kachel_Schrauben-Schraubenschlitz.jpg","filesize":278759,"url":"https:\/\/www.lang-und-heyne.de\/dateien\/2023\/08\/LH_Kachel_Schrauben-Schraubenschlitz.jpg","link":"https:\/\/www.lang-und-heyne.de\/es\/artesania\/azulado\/lh_kachel_schrauben-schraubenschlitz-2\/","alt":"","author":"5","description":"","caption":"","name":"lh_kachel_schrauben-schraubenschlitz-2","status":"inherit","uploaded_to":7636,"date":"2023-08-01 09:26:05","modified":"2023-08-01 09:26:05","menu_order":0,"mime_type":"image\/jpeg","type":"image","subtype":"jpeg","icon":"https:\/\/www.lang-und-heyne.de\/wp-includes\/images\/media\/default.png","width":1000,"height":705,"sizes":{"thumbnail":"https:\/\/www.lang-und-heyne.de\/dateien\/2023\/08\/LH_Kachel_Schrauben-Schraubenschlitz-150x150.jpg","thumbnail-width":150,"thumbnail-height":150,"medium":"https:\/\/www.lang-und-heyne.de\/dateien\/2023\/08\/LH_Kachel_Schrauben-Schraubenschlitz-300x212.jpg","medium-width":300,"medium-height":212,"medium_large":"https:\/\/www.lang-und-heyne.de\/dateien\/2023\/08\/LH_Kachel_Schrauben-Schraubenschlitz-768x541.jpg","medium_large-width":768,"medium_large-height":541,"large":"https:\/\/www.lang-und-heyne.de\/dateien\/2023\/08\/LH_Kachel_Schrauben-Schraubenschlitz.jpg","large-width":1000,"large-height":705,"1536x1536":"https:\/\/www.lang-und-heyne.de\/dateien\/2023\/08\/LH_Kachel_Schrauben-Schraubenschlitz.jpg","1536x1536-width":1000,"1536x1536-height":705,"2048x2048":"https:\/\/www.lang-und-heyne.de\/dateien\/2023\/08\/LH_Kachel_Schrauben-Schraubenschlitz.jpg","2048x2048-width":1000,"2048x2048-height":705,"post-thumbnail":"https:\/\/www.lang-und-heyne.de\/dateien\/2023\/08\/LH_Kachel_Schrauben-Schraubenschlitz-150x150.jpg","post-thumbnail-width":150,"post-thumbnail-height":150,"wide":"https:\/\/www.lang-und-heyne.de\/dateien\/2023\/08\/LH_Kachel_Schrauben-Schraubenschlitz.jpg","wide-width":1000,"wide-height":705}},"sub":"","text":"El biselado consiste en aplicar un bisel uniforme y muy pulido. Acent\u00faa el contorno de los componentes, haci\u00e9ndolos parecer m\u00e1s tridimensionales y esbeltos. En algunos lugares, tambi\u00e9n cumple una funci\u00f3n. En la ranura del tornillo, por ejemplo, facilita la colocaci\u00f3n precisa del destornillador y evita que se apriete la ranura del tornillo. Los chaflanes artesanales mejoran as\u00ed el aspecto est\u00e9tico del movimiento.    ","link":"M\u00e1s sobre tornillos","target":"https:\/\/www.lang-und-heyne.de\/es\/artesania\/azulado\/","zusatzbild":false,"bild2":false,"ausrichtung":false,"sub2":""},{"acf_fc_layout":"textbild","header":"Elegancia Uniforme","anchor":false,"order":true,"bigtext":false,"bild":{"ID":7721,"id":7721,"title":"LH_Kachel-FlachteilStahl","filename":"LH_Kachel-FlachteilStahl.jpg","filesize":408031,"url":"https:\/\/www.lang-und-heyne.de\/dateien\/2023\/10\/LH_Kachel-FlachteilStahl.jpg","link":"https:\/\/www.lang-und-heyne.de\/es\/artesania\/recocido\/lh_kachel-flachteilstahl-2\/","alt":"","author":"5","description":"","caption":"","name":"lh_kachel-flachteilstahl-2","status":"inherit","uploaded_to":7707,"date":"2023-10-20 08:51:04","modified":"2023-10-20 08:51:04","menu_order":0,"mime_type":"image\/jpeg","type":"image","subtype":"jpeg","icon":"https:\/\/www.lang-und-heyne.de\/wp-includes\/images\/media\/default.png","width":1000,"height":640,"sizes":{"thumbnail":"https:\/\/www.lang-und-heyne.de\/dateien\/2023\/10\/LH_Kachel-FlachteilStahl-150x150.jpg","thumbnail-width":150,"thumbnail-height":150,"medium":"https:\/\/www.lang-und-heyne.de\/dateien\/2023\/10\/LH_Kachel-FlachteilStahl-300x192.jpg","medium-width":300,"medium-height":192,"medium_large":"https:\/\/www.lang-und-heyne.de\/dateien\/2023\/10\/LH_Kachel-FlachteilStahl-768x492.jpg","medium_large-width":768,"medium_large-height":492,"large":"https:\/\/www.lang-und-heyne.de\/dateien\/2023\/10\/LH_Kachel-FlachteilStahl.jpg","large-width":1000,"large-height":640,"1536x1536":"https:\/\/www.lang-und-heyne.de\/dateien\/2023\/10\/LH_Kachel-FlachteilStahl.jpg","1536x1536-width":1000,"1536x1536-height":640,"2048x2048":"https:\/\/www.lang-und-heyne.de\/dateien\/2023\/10\/LH_Kachel-FlachteilStahl.jpg","2048x2048-width":1000,"2048x2048-height":640,"post-thumbnail":"https:\/\/www.lang-und-heyne.de\/dateien\/2023\/10\/LH_Kachel-FlachteilStahl-150x150.jpg","post-thumbnail-width":150,"post-thumbnail-height":150,"wide":"https:\/\/www.lang-und-heyne.de\/dateien\/2023\/10\/LH_Kachel-FlachteilStahl.jpg","wide-width":1000,"wide-height":640}},"sub":"Ajuste fino del cuello de cisne","text":"El verdadero arte del biselado reside en el dise\u00f1o uniforme del bisel, sin desviaciones visibles. Un acabado perfecto del bisel realza la artesan\u00eda y la est\u00e9tica de los componentes del movimiento. Esta precisi\u00f3n requiere una mano firme y un ojo entrenado.  ","link":"","target":"","zusatzbild":false,"bild2":false,"ausrichtung":false,"sub2":""},{"acf_fc_layout":"textbild","header":"Obra Maestra Del Arte Relojero","anchor":false,"order":false,"bigtext":false,"bild":{"ID":7718,"id":7718,"title":"LH_Anglieren_6","filename":"LH_Anglieren_6.jpg","filesize":757738,"url":"https:\/\/www.lang-und-heyne.de\/dateien\/2023\/07\/LH_Anglieren_6.jpg","link":"https:\/\/www.lang-und-heyne.de\/es\/artesania\/recocido\/lh_anglieren_6-2\/","alt":"","author":"5","description":"","caption":"","name":"lh_anglieren_6-2","status":"inherit","uploaded_to":7707,"date":"2023-07-25 06:47:05","modified":"2023-07-25 06:47:05","menu_order":0,"mime_type":"image\/jpeg","type":"image","subtype":"jpeg","icon":"https:\/\/www.lang-und-heyne.de\/wp-includes\/images\/media\/default.png","width":1000,"height":640,"sizes":{"thumbnail":"https:\/\/www.lang-und-heyne.de\/dateien\/2023\/07\/LH_Anglieren_6-150x150.jpg","thumbnail-width":150,"thumbnail-height":150,"medium":"https:\/\/www.lang-und-heyne.de\/dateien\/2023\/07\/LH_Anglieren_6-300x192.jpg","medium-width":300,"medium-height":192,"medium_large":"https:\/\/www.lang-und-heyne.de\/dateien\/2023\/07\/LH_Anglieren_6-768x492.jpg","medium_large-width":768,"medium_large-height":492,"large":"https:\/\/www.lang-und-heyne.de\/dateien\/2023\/07\/LH_Anglieren_6.jpg","large-width":1000,"large-height":640,"1536x1536":"https:\/\/www.lang-und-heyne.de\/dateien\/2023\/07\/LH_Anglieren_6.jpg","1536x1536-width":1000,"1536x1536-height":640,"2048x2048":"https:\/\/www.lang-und-heyne.de\/dateien\/2023\/07\/LH_Anglieren_6.jpg","2048x2048-width":1000,"2048x2048-height":640,"post-thumbnail":"https:\/\/www.lang-und-heyne.de\/dateien\/2023\/07\/LH_Anglieren_6-150x150.jpg","post-thumbnail-width":150,"post-thumbnail-height":150,"wide":"https:\/\/www.lang-und-heyne.de\/dateien\/2023\/07\/LH_Anglieren_6.jpg","wide-width":1000,"wide-height":640}},"sub":"","text":"El biselado es, sin duda, un arte excepcional de la relojer\u00eda. Confiere elegancia a los componentes y convierte cada pieza en una obra maestra. La devoci\u00f3n por el detalle y la b\u00fasqueda de la perfecci\u00f3n son las fuerzas motrices de esta sofisticada t\u00e9cnica. Los relojeros y expertos que dominan este arte crean belleza y funcionalidad atemporales en cada reloj.   ","link":"","target":"","zusatzbild":false,"bild2":false,"ausrichtung":false,"sub2":""},{"acf_fc_layout":"breitbild_-video","bild_oder_video":false,"bild":false,"video":{"ID":7717,"id":7717,"title":"LH_Anglieren_Breitbild","filename":"LH_Anglieren_Breitbild.mp4","filesize":3104316,"url":"https:\/\/www.lang-und-heyne.de\/dateien\/2023\/07\/LH_Anglieren_Breitbild.mp4","link":"https:\/\/www.lang-und-heyne.de\/es\/artesania\/recocido\/lh_anglieren_breitbild-2\/","alt":"","author":"5","description":"","caption":"","name":"lh_anglieren_breitbild-2","status":"inherit","uploaded_to":7707,"date":"2023-07-24 12:45:31","modified":"2023-07-24 12:45:31","menu_order":0,"mime_type":"video\/mp4","type":"video","subtype":"mp4","icon":"https:\/\/www.lang-und-heyne.de\/wp-includes\/images\/media\/video.png","width":960,"height":400}},{"acf_fc_layout":"threeblocks","block":[{"header":"Refinamiento Magistral","bild":{"ID":7581,"id":7581,"title":"LH_Kachel_Detail_Finish-Kloben","filename":"LH_Kachel_Detail_Finish-Kloben.jpg","filesize":297469,"url":"https:\/\/www.lang-und-heyne.de\/dateien\/2023\/10\/LH_Kachel_Detail_Finish-Kloben.jpg","link":"https:\/\/www.lang-und-heyne.de\/es\/artesania\/lh_kachel_detail_finish-kloben-2\/","alt":"","author":"5","description":"","caption":"","name":"lh_kachel_detail_finish-kloben-2","status":"inherit","uploaded_to":7552,"date":"2023-10-20 07:03:49","modified":"2023-10-20 07:03:49","menu_order":0,"mime_type":"image\/jpeg","type":"image","subtype":"jpeg","icon":"https:\/\/www.lang-und-heyne.de\/wp-includes\/images\/media\/default.png","width":1000,"height":640,"sizes":{"thumbnail":"https:\/\/www.lang-und-heyne.de\/dateien\/2023\/10\/LH_Kachel_Detail_Finish-Kloben-150x150.jpg","thumbnail-width":150,"thumbnail-height":150,"medium":"https:\/\/www.lang-und-heyne.de\/dateien\/2023\/10\/LH_Kachel_Detail_Finish-Kloben-300x192.jpg","medium-width":300,"medium-height":192,"medium_large":"https:\/\/www.lang-und-heyne.de\/dateien\/2023\/10\/LH_Kachel_Detail_Finish-Kloben-768x492.jpg","medium_large-width":768,"medium_large-height":492,"large":"https:\/\/www.lang-und-heyne.de\/dateien\/2023\/10\/LH_Kachel_Detail_Finish-Kloben.jpg","large-width":1000,"large-height":640,"1536x1536":"https:\/\/www.lang-und-heyne.de\/dateien\/2023\/10\/LH_Kachel_Detail_Finish-Kloben.jpg","1536x1536-width":1000,"1536x1536-height":640,"2048x2048":"https:\/\/www.lang-und-heyne.de\/dateien\/2023\/10\/LH_Kachel_Detail_Finish-Kloben.jpg","2048x2048-width":1000,"2048x2048-height":640,"post-thumbnail":"https:\/\/www.lang-und-heyne.de\/dateien\/2023\/10\/LH_Kachel_Detail_Finish-Kloben-150x150.jpg","post-thumbnail-width":150,"post-thumbnail-height":150,"wide":"https:\/\/www.lang-und-heyne.de\/dateien\/2023\/10\/LH_Kachel_Detail_Finish-Kloben.jpg","wide-width":1000,"wide-height":640}},"link":"https:\/\/www.lang-und-heyne.de\/es\/artesania\/refinamiento-magistral\/","beschriftung":"Descubre otros procesos para la preparaci\u00f3n est\u00e9tica y funcional de los componentes."},{"header":"Montaje Del Reloj","bild":{"ID":7576,"id":7576,"title":"LH_Kachel_Georg-Montage","filename":"LH_Kachel_Georg-Montage.jpg","filesize":386946,"url":"https:\/\/www.lang-und-heyne.de\/dateien\/2023\/08\/LH_Kachel_Georg-Montage.jpg","link":"https:\/\/www.lang-und-heyne.de\/es\/artesania\/lh_kachel_georg-montage-2-2\/","alt":"","author":"5","description":"","caption":"","name":"lh_kachel_georg-montage-2-2","status":"inherit","uploaded_to":7552,"date":"2023-08-24 06:58:15","modified":"2023-08-24 06:58:15","menu_order":0,"mime_type":"image\/jpeg","type":"image","subtype":"jpeg","icon":"https:\/\/www.lang-und-heyne.de\/wp-includes\/images\/media\/default.png","width":1000,"height":640,"sizes":{"thumbnail":"https:\/\/www.lang-und-heyne.de\/dateien\/2023\/08\/LH_Kachel_Georg-Montage-150x150.jpg","thumbnail-width":150,"thumbnail-height":150,"medium":"https:\/\/www.lang-und-heyne.de\/dateien\/2023\/08\/LH_Kachel_Georg-Montage-300x192.jpg","medium-width":300,"medium-height":192,"medium_large":"https:\/\/www.lang-und-heyne.de\/dateien\/2023\/08\/LH_Kachel_Georg-Montage-768x492.jpg","medium_large-width":768,"medium_large-height":492,"large":"https:\/\/www.lang-und-heyne.de\/dateien\/2023\/08\/LH_Kachel_Georg-Montage.jpg","large-width":1000,"large-height":640,"1536x1536":"https:\/\/www.lang-und-heyne.de\/dateien\/2023\/08\/LH_Kachel_Georg-Montage.jpg","1536x1536-width":1000,"1536x1536-height":640,"2048x2048":"https:\/\/www.lang-und-heyne.de\/dateien\/2023\/08\/LH_Kachel_Georg-Montage.jpg","2048x2048-width":1000,"2048x2048-height":640,"post-thumbnail":"https:\/\/www.lang-und-heyne.de\/dateien\/2023\/08\/LH_Kachel_Georg-Montage-150x150.jpg","post-thumbnail-width":150,"post-thumbnail-height":150,"wide":"https:\/\/www.lang-und-heyne.de\/dateien\/2023\/08\/LH_Kachel_Georg-Montage.jpg","wide-width":1000,"wide-height":640}},"link":"https:\/\/www.lang-und-heyne.de\/es\/artesania\/montaje\/","beschriftung":"Precisi\u00f3n y pasi\u00f3n en armon\u00eda"},{"header":"Colecci\u00f3n","bild":{"ID":7597,"id":7597,"title":"LH_Kachel-Kollektion","filename":"LH_Kachel-Kollektion.jpg","filesize":486103,"url":"https:\/\/www.lang-und-heyne.de\/dateien\/2024\/03\/LH_Kachel-Kollektion.jpg","link":"https:\/\/www.lang-und-heyne.de\/es\/artesania\/montaje\/lh_kachel-kollektion-2\/","alt":"","author":"5","description":"","caption":"","name":"lh_kachel-kollektion-2","status":"inherit","uploaded_to":7591,"date":"2024-03-05 09:01:45","modified":"2024-03-05 09:01:45","menu_order":0,"mime_type":"image\/jpeg","type":"image","subtype":"jpeg","icon":"https:\/\/www.lang-und-heyne.de\/wp-includes\/images\/media\/default.png","width":1000,"height":640,"sizes":{"thumbnail":"https:\/\/www.lang-und-heyne.de\/dateien\/2024\/03\/LH_Kachel-Kollektion-150x150.jpg","thumbnail-width":150,"thumbnail-height":150,"medium":"https:\/\/www.lang-und-heyne.de\/dateien\/2024\/03\/LH_Kachel-Kollektion-300x192.jpg","medium-width":300,"medium-height":192,"medium_large":"https:\/\/www.lang-und-heyne.de\/dateien\/2024\/03\/LH_Kachel-Kollektion-768x492.jpg","medium_large-width":768,"medium_large-height":492,"large":"https:\/\/www.lang-und-heyne.de\/dateien\/2024\/03\/LH_Kachel-Kollektion.jpg","large-width":1000,"large-height":640,"1536x1536":"https:\/\/www.lang-und-heyne.de\/dateien\/2024\/03\/LH_Kachel-Kollektion.jpg","1536x1536-width":1000,"1536x1536-height":640,"2048x2048":"https:\/\/www.lang-und-heyne.de\/dateien\/2024\/03\/LH_Kachel-Kollektion.jpg","2048x2048-width":1000,"2048x2048-height":640,"post-thumbnail":"https:\/\/www.lang-und-heyne.de\/dateien\/2024\/03\/LH_Kachel-Kollektion-150x150.jpg","post-thumbnail-width":150,"post-thumbnail-height":150,"wide":"https:\/\/www.lang-und-heyne.de\/dateien\/2024\/03\/LH_Kachel-Kollektion.jpg","wide-width":1000,"wide-height":640}},"link":"https:\/\/www.lang-und-heyne.de\/es\/coleccion\/","beschriftung":"Fabricado en Sajonia"}]}],"slide":[{"bild__video":false,"bild":false,"video":{"ID":7722,"id":7722,"title":"LH_Intro_Anglieren_Neu","filename":"LH_Intro_Anglieren_Neu.mp4","filesize":4423332,"url":"https:\/\/www.lang-und-heyne.de\/dateien\/2024\/02\/LH_Intro_Anglieren_Neu.mp4","link":"https:\/\/www.lang-und-heyne.de\/es\/artesania\/recocido\/lh_intro_anglieren_neu-2\/","alt":"","author":"5","description":"","caption":"","name":"lh_intro_anglieren_neu-2","status":"inherit","uploaded_to":7707,"date":"2024-02-14 09:05:05","modified":"2024-02-14 09:05:05","menu_order":0,"mime_type":"video\/mp4","type":"video","subtype":"mp4","icon":"https:\/\/www.lang-und-heyne.de\/wp-includes\/images\/media\/video.png","width":1280,"height":720},"texte":{"text":"Recocido","subline":"Est\u00e9tica y precisi\u00f3n en los movimientos Lang & Heyne"}}]},"wpml_current_locale":"es_ES","wpml_translations":{"en_US":{"locale":"en_US","id":5453,"slug":"chamfering","post_title":"chamfering","href":"https:\/\/www.lang-und-heyne.de\/en\/craftsmanship\/chamfering\/"},"de_DE":{"locale":"de_DE","id":4581,"slug":"anglieren","post_title":"Anglieren","href":"https:\/\/www.lang-und-heyne.de\/handwerk\/anglieren\/"},"fr_FR":{"locale":"fr_FR","id":7689,"slug":"angling","post_title":"Angling","href":"https:\/\/www.lang-und-heyne.de\/fr\/artisanat\/angling\/"},"ja":{"locale":"ja","id":5455,"slug":"chamfering","post_title":"\u9762\u53d6\u308a","href":"https:\/\/www.lang-und-heyne.de\/ja\/craftsmanship\/chamfering\/"},"zh_CN":{"locale":"zh_CN","id":5454,"slug":"chamfering","post_title":"\u5012\u89d2\u52a0\u5de5","href":"https:\/\/www.lang-und-heyne.de\/zh-hans\/craftsmanship\/chamfering\/"}},"_links":{"self":[{"href":"https:\/\/www.lang-und-heyne.de\/es\/wp-json\/wp\/v2\/pages\/7707","targetHints":{"allow":["GET"]}}],"collection":[{"href":"https:\/\/www.lang-und-heyne.de\/es\/wp-json\/wp\/v2\/pages"}],"about":[{"href":"https:\/\/www.lang-und-heyne.de\/es\/wp-json\/wp\/v2\/types\/page"}],"author":[{"embeddable":true,"href":"https:\/\/www.lang-und-heyne.de\/es\/wp-json\/wp\/v2\/users\/5"}],"replies":[{"embeddable":true,"href":"https:\/\/www.lang-und-heyne.de\/es\/wp-json\/wp\/v2\/comments?post=7707"}],"version-history":[{"count":0,"href":"https:\/\/www.lang-und-heyne.de\/es\/wp-json\/wp\/v2\/pages\/7707\/revisions"}],"up":[{"embeddable":true,"href":"https:\/\/www.lang-und-heyne.de\/es\/wp-json\/wp\/v2\/pages\/7552"}],"wp:featuredmedia":[{"embeddable":true,"href":"https:\/\/www.lang-und-heyne.de\/es\/wp-json\/wp\/v2\/media\/7724"}],"wp:attachment":[{"href":"https:\/\/www.lang-und-heyne.de\/es\/wp-json\/wp\/v2\/media?parent=7707"}],"curies":[{"name":"wp","href":"https:\/\/api.w.org\/{rel}","templated":true}]}}