{"id":9913,"date":"2025-04-08T11:48:06","date_gmt":"2025-04-08T09:48:06","guid":{"rendered":"https:\/\/www.lang-und-heyne.de\/patrona\/"},"modified":"2025-10-27T12:23:52","modified_gmt":"2025-10-27T11:23:52","slug":"nombres-historicos","status":"publish","type":"page","link":"https:\/\/www.lang-und-heyne.de\/es\/nombres-historicos\/","title":{"rendered":"Patrona"},"content":{"rendered":"","protected":false},"excerpt":{"rendered":"","protected":false},"author":5,"featured_media":9914,"parent":0,"menu_order":3,"comment_status":"closed","ping_status":"closed","template":"","meta":{"_acf_changed":false,"footnotes":""},"class_list":["post-9913","page","type-page","status-publish","has-post-thumbnail","hentry"],"acf":{"slide":[{"bild__video":true,"bild":{"ID":8503,"id":8503,"title":"www-Header-Fuerstenzug","filename":"www-Header-Fuerstenzug.jpg","filesize":989100,"url":"https:\/\/www.lang-und-heyne.de\/dateien\/2025\/04\/www-Header-Fuerstenzug.jpg","link":"https:\/\/www.lang-und-heyne.de\/es\/nombres-historicos\/www-header-fuerstenzug-2\/","alt":"","author":"5","description":"","caption":"","name":"www-header-fuerstenzug-2","status":"inherit","uploaded_to":9913,"date":"2025-04-09 07:41:15","modified":"2025-10-24 11:42:27","menu_order":0,"mime_type":"image\/jpeg","type":"image","subtype":"jpeg","icon":"https:\/\/www.lang-und-heyne.de\/wp-includes\/images\/media\/default.png","width":1920,"height":1080,"sizes":{"thumbnail":"https:\/\/www.lang-und-heyne.de\/dateien\/2025\/04\/www-Header-Fuerstenzug-150x150.jpg","thumbnail-width":150,"thumbnail-height":150,"medium":"https:\/\/www.lang-und-heyne.de\/dateien\/2025\/04\/www-Header-Fuerstenzug-300x169.jpg","medium-width":300,"medium-height":169,"medium_large":"https:\/\/www.lang-und-heyne.de\/dateien\/2025\/04\/www-Header-Fuerstenzug-768x432.jpg","medium_large-width":768,"medium_large-height":432,"large":"https:\/\/www.lang-und-heyne.de\/dateien\/2025\/04\/www-Header-Fuerstenzug-1024x576.jpg","large-width":1024,"large-height":576,"1536x1536":"https:\/\/www.lang-und-heyne.de\/dateien\/2025\/04\/www-Header-Fuerstenzug-1536x864.jpg","1536x1536-width":1536,"1536x1536-height":864,"2048x2048":"https:\/\/www.lang-und-heyne.de\/dateien\/2025\/04\/www-Header-Fuerstenzug.jpg","2048x2048-width":1920,"2048x2048-height":1080,"post-thumbnail":"https:\/\/www.lang-und-heyne.de\/dateien\/2025\/04\/www-Header-Fuerstenzug-150x150.jpg","post-thumbnail-width":150,"post-thumbnail-height":150,"wide":"https:\/\/www.lang-und-heyne.de\/dateien\/2025\/04\/www-Header-Fuerstenzug-1400x788.jpg","wide-width":1400,"wide-height":788}},"video":{"ID":8503,"id":8503,"title":"www-Header-Fuerstenzug","filename":"www-Header-Fuerstenzug.jpg","filesize":989100,"url":"https:\/\/www.lang-und-heyne.de\/dateien\/2025\/04\/www-Header-Fuerstenzug.jpg","link":"https:\/\/www.lang-und-heyne.de\/es\/nombres-historicos\/www-header-fuerstenzug-2\/","alt":"","author":"5","description":"","caption":"","name":"www-header-fuerstenzug-2","status":"inherit","uploaded_to":9913,"date":"2025-04-09 07:41:15","modified":"2025-10-24 11:42:27","menu_order":0,"mime_type":"image\/jpeg","type":"image","subtype":"jpeg","icon":"https:\/\/www.lang-und-heyne.de\/wp-includes\/images\/media\/default.png","width":1920,"height":1080,"sizes":{"thumbnail":"https:\/\/www.lang-und-heyne.de\/dateien\/2025\/04\/www-Header-Fuerstenzug-150x150.jpg","thumbnail-width":150,"thumbnail-height":150,"medium":"https:\/\/www.lang-und-heyne.de\/dateien\/2025\/04\/www-Header-Fuerstenzug-300x169.jpg","medium-width":300,"medium-height":169,"medium_large":"https:\/\/www.lang-und-heyne.de\/dateien\/2025\/04\/www-Header-Fuerstenzug-768x432.jpg","medium_large-width":768,"medium_large-height":432,"large":"https:\/\/www.lang-und-heyne.de\/dateien\/2025\/04\/www-Header-Fuerstenzug-1024x576.jpg","large-width":1024,"large-height":576,"1536x1536":"https:\/\/www.lang-und-heyne.de\/dateien\/2025\/04\/www-Header-Fuerstenzug-1536x864.jpg","1536x1536-width":1536,"1536x1536-height":864,"2048x2048":"https:\/\/www.lang-und-heyne.de\/dateien\/2025\/04\/www-Header-Fuerstenzug.jpg","2048x2048-width":1920,"2048x2048-height":1080,"post-thumbnail":"https:\/\/www.lang-und-heyne.de\/dateien\/2025\/04\/www-Header-Fuerstenzug-150x150.jpg","post-thumbnail-width":150,"post-thumbnail-height":150,"wide":"https:\/\/www.lang-und-heyne.de\/dateien\/2025\/04\/www-Header-Fuerstenzug-1400x788.jpg","wide-width":1400,"wide-height":788}},"texte":{"text":"Patrona","subline":"La Inspiraci\u00f3n de Nuestros Relojes"}}],"start":[{"acf_fc_layout":"textbild","header":"Nombres Hist\u00f3ricos Con Significado","anchor":false,"order":true,"bigtext":false,"bild":false,"sub":"","text":"Nuestros relojes llevan los nombres de importantes personalidades del linaje real de Dresde, como una elecci\u00f3n consciente que rechaza los fr\u00edos n\u00fameros de referencia en favor de una identidad hist\u00f3rica. Elaborados a mano en Dresde, reflejan el origen, la actitud y el esp\u00edritu de la relojer\u00eda sajona. ","link":"","target":"","zusatzbild":false,"bild2":false,"ausrichtung":false,"sub2":""},{"acf_fc_layout":"patron","intro":"<h2>El Cortejo Real en Dresde<\/h2>\n<p>La Procesi\u00f3n de los Pr\u00edncipes es una obra de arte monumental en el centro de Dresde. A lo largo de 102 metros, el mural representa a 35 margraves, duques, electores y reyes de la Casa de Wettin. Dise\u00f1ado originalmente en t\u00e9cnica de esgrafiado entre 1871 y 1876, fue redise\u00f1ado en 1907 con unos 23.000 azulejos de porcelana de Meissen para su conservaci\u00f3n permanente.<\/p>\n<p>Esta procesi\u00f3n de piedra combina pasado y presente, como s\u00edmbolo de la historia, el poder y la cultura sajones. Su aspecto, riqueza de detalles y poder simb\u00f3lico se reflejan tambi\u00e9n en la filosof\u00eda de nuestra manufactura. Federico Augusto I en particular, conocido como \u00abel Fuerte\u00bb, contribuy\u00f3 decisivamente a la promoci\u00f3n de la relojer\u00eda en Dresde, antes de que se trasladara a Glash\u00fctte en el curso de la industrializaci\u00f3n. M\u00e1s informaci\u00f3n <a href=\"https:\/\/www.lang-und-heyne.de\/geschichte\/\"><strong>sobre la historia de la relojer\u00eda sajona<\/strong><\/a>.<\/p>\n","titel":"Al primer mecenas"},{"acf_fc_layout":"text","text":"<hr \/>\n"},{"acf_fc_layout":"textbild","header":"Outlook","anchor":false,"order":true,"bigtext":false,"bild":{"ID":7152,"id":7152,"title":"LH_Kachel_Geschichte","filename":"LH_Kachel_Geschichte-1.jpg","filesize":311440,"url":"https:\/\/www.lang-und-heyne.de\/dateien\/2023\/07\/LH_Kachel_Geschichte-1.jpg","link":"https:\/\/www.lang-und-heyne.de\/es\/historia\/lh_kachel_geschichte-2-2\/","alt":"","author":"5","description":"","caption":"","name":"lh_kachel_geschichte-2-2","status":"inherit","uploaded_to":7146,"date":"2023-07-27 10:48:08","modified":"2023-07-27 10:48:08","menu_order":0,"mime_type":"image\/jpeg","type":"image","subtype":"jpeg","icon":"https:\/\/www.lang-und-heyne.de\/wp-includes\/images\/media\/default.png","width":1000,"height":705,"sizes":{"thumbnail":"https:\/\/www.lang-und-heyne.de\/dateien\/2023\/07\/LH_Kachel_Geschichte-1-150x150.jpg","thumbnail-width":150,"thumbnail-height":150,"medium":"https:\/\/www.lang-und-heyne.de\/dateien\/2023\/07\/LH_Kachel_Geschichte-1-300x212.jpg","medium-width":300,"medium-height":212,"medium_large":"https:\/\/www.lang-und-heyne.de\/dateien\/2023\/07\/LH_Kachel_Geschichte-1-768x541.jpg","medium_large-width":768,"medium_large-height":541,"large":"https:\/\/www.lang-und-heyne.de\/dateien\/2023\/07\/LH_Kachel_Geschichte-1.jpg","large-width":1000,"large-height":705,"1536x1536":"https:\/\/www.lang-und-heyne.de\/dateien\/2023\/07\/LH_Kachel_Geschichte-1.jpg","1536x1536-width":1000,"1536x1536-height":705,"2048x2048":"https:\/\/www.lang-und-heyne.de\/dateien\/2023\/07\/LH_Kachel_Geschichte-1.jpg","2048x2048-width":1000,"2048x2048-height":705,"post-thumbnail":"https:\/\/www.lang-und-heyne.de\/dateien\/2023\/07\/LH_Kachel_Geschichte-1-150x150.jpg","post-thumbnail-width":150,"post-thumbnail-height":150,"wide":"https:\/\/www.lang-und-heyne.de\/dateien\/2023\/07\/LH_Kachel_Geschichte-1.jpg","wide-width":1000,"wide-height":705}},"sub":"","text":"Lang & Heyne transmite un trozo de historia con cada modelo. Para nosotros, la Procesi\u00f3n de los Pr\u00edncipes no es s\u00f3lo una fuente de inspiraci\u00f3n, sino tambi\u00e9n un compromiso. Nuestros relojes son una expresi\u00f3n de actitud, estilo y b\u00fasqueda de algo especial. Son homenajes modernos a hombres cuyas visiones han perdurado durante siglos.<br \/>\r\nSi quieres profundizar en los or\u00edgenes culturales y t\u00e9cnicos de nuestros relojes, visita tambi\u00e9n la secci\u00f3n <strong>Nuestras ra\u00edces<\/strong>: all\u00ed aprender\u00e1s m\u00e1s sobre la historia de la relojer\u00eda en Sajonia y la tradici\u00f3n artesanal que continuamos con orgullo.   ","link":"Nuestras Ra\u00edces","target":"https:\/\/www.lang-und-heyne.de\/es\/historia\/","zusatzbild":false,"bild2":false,"ausrichtung":false,"sub2":""},{"acf_fc_layout":"threeblocks","block":[{"header":"Nuestras Ra\u00edces","bild":{"ID":8860,"id":8860,"title":"LH_Kachel-MPhyS","filename":"LH_Kachel-MPhyS.jpg","filesize":691393,"url":"https:\/\/www.lang-und-heyne.de\/dateien\/2025\/05\/LH_Kachel-MPhyS.jpg","link":"https:\/\/www.lang-und-heyne.de\/es\/nombres-historicos\/lh_kachel-mphys-2\/","alt":"","author":"5","description":"","caption":"","name":"lh_kachel-mphys-2","status":"inherit","uploaded_to":9913,"date":"2025-05-15 14:13:42","modified":"2025-10-24 11:42:27","menu_order":0,"mime_type":"image\/jpeg","type":"image","subtype":"jpeg","icon":"https:\/\/www.lang-und-heyne.de\/wp-includes\/images\/media\/default.png","width":1000,"height":640,"sizes":{"thumbnail":"https:\/\/www.lang-und-heyne.de\/dateien\/2025\/05\/LH_Kachel-MPhyS-150x150.jpg","thumbnail-width":150,"thumbnail-height":150,"medium":"https:\/\/www.lang-und-heyne.de\/dateien\/2025\/05\/LH_Kachel-MPhyS-300x192.jpg","medium-width":300,"medium-height":192,"medium_large":"https:\/\/www.lang-und-heyne.de\/dateien\/2025\/05\/LH_Kachel-MPhyS-768x492.jpg","medium_large-width":768,"medium_large-height":492,"large":"https:\/\/www.lang-und-heyne.de\/dateien\/2025\/05\/LH_Kachel-MPhyS.jpg","large-width":1000,"large-height":640,"1536x1536":"https:\/\/www.lang-und-heyne.de\/dateien\/2025\/05\/LH_Kachel-MPhyS.jpg","1536x1536-width":1000,"1536x1536-height":640,"2048x2048":"https:\/\/www.lang-und-heyne.de\/dateien\/2025\/05\/LH_Kachel-MPhyS.jpg","2048x2048-width":1000,"2048x2048-height":640,"post-thumbnail":"https:\/\/www.lang-und-heyne.de\/dateien\/2025\/05\/LH_Kachel-MPhyS-150x150.jpg","post-thumbnail-width":150,"post-thumbnail-height":150,"wide":"https:\/\/www.lang-und-heyne.de\/dateien\/2025\/05\/LH_Kachel-MPhyS.jpg","wide-width":1000,"wide-height":640}},"link":"https:\/\/www.lang-und-heyne.de\/es\/historia\/","beschriftung":"Descubre m\u00e1s sobre la historia de la relojer\u00eda sajona y por qu\u00e9 Dresde es la verdadera cuna de este arte."},{"header":"La Colecci\u00f3n","bild":{"ID":7597,"id":7597,"title":"LH_Kachel-Kollektion","filename":"LH_Kachel-Kollektion.jpg","filesize":486103,"url":"https:\/\/www.lang-und-heyne.de\/dateien\/2024\/03\/LH_Kachel-Kollektion.jpg","link":"https:\/\/www.lang-und-heyne.de\/es\/artesania\/montaje\/lh_kachel-kollektion-2\/","alt":"","author":"5","description":"","caption":"","name":"lh_kachel-kollektion-2","status":"inherit","uploaded_to":7591,"date":"2024-03-05 09:01:45","modified":"2024-03-05 09:01:45","menu_order":0,"mime_type":"image\/jpeg","type":"image","subtype":"jpeg","icon":"https:\/\/www.lang-und-heyne.de\/wp-includes\/images\/media\/default.png","width":1000,"height":640,"sizes":{"thumbnail":"https:\/\/www.lang-und-heyne.de\/dateien\/2024\/03\/LH_Kachel-Kollektion-150x150.jpg","thumbnail-width":150,"thumbnail-height":150,"medium":"https:\/\/www.lang-und-heyne.de\/dateien\/2024\/03\/LH_Kachel-Kollektion-300x192.jpg","medium-width":300,"medium-height":192,"medium_large":"https:\/\/www.lang-und-heyne.de\/dateien\/2024\/03\/LH_Kachel-Kollektion-768x492.jpg","medium_large-width":768,"medium_large-height":492,"large":"https:\/\/www.lang-und-heyne.de\/dateien\/2024\/03\/LH_Kachel-Kollektion.jpg","large-width":1000,"large-height":640,"1536x1536":"https:\/\/www.lang-und-heyne.de\/dateien\/2024\/03\/LH_Kachel-Kollektion.jpg","1536x1536-width":1000,"1536x1536-height":640,"2048x2048":"https:\/\/www.lang-und-heyne.de\/dateien\/2024\/03\/LH_Kachel-Kollektion.jpg","2048x2048-width":1000,"2048x2048-height":640,"post-thumbnail":"https:\/\/www.lang-und-heyne.de\/dateien\/2024\/03\/LH_Kachel-Kollektion-150x150.jpg","post-thumbnail-width":150,"post-thumbnail-height":150,"wide":"https:\/\/www.lang-und-heyne.de\/dateien\/2024\/03\/LH_Kachel-Kollektion.jpg","wide-width":1000,"wide-height":640}},"link":"https:\/\/www.lang-und-heyne.de\/es\/coleccion\/","beschriftung":"Descubre todos nuestros modelos de un vistazo, incluidas las ediciones limitadas, los modelos especiales y las \u00faltimas innovaciones."},{"header":"Nuestro Oficio","bild":{"ID":8866,"id":8866,"title":"LH_Kachel-Handwerk","filename":"LH_Kachel-Handwerk.jpg","filesize":254207,"url":"https:\/\/www.lang-und-heyne.de\/dateien\/2025\/05\/LH_Kachel-Handwerk.jpg","link":"https:\/\/www.lang-und-heyne.de\/es\/nombres-historicos\/lh_kachel-handwerk-2\/","alt":"","author":"5","description":"","caption":"","name":"lh_kachel-handwerk-2","status":"inherit","uploaded_to":9913,"date":"2025-05-15 14:13:42","modified":"2025-10-24 11:42:27","menu_order":0,"mime_type":"image\/jpeg","type":"image","subtype":"jpeg","icon":"https:\/\/www.lang-und-heyne.de\/wp-includes\/images\/media\/default.png","width":1000,"height":640,"sizes":{"thumbnail":"https:\/\/www.lang-und-heyne.de\/dateien\/2025\/05\/LH_Kachel-Handwerk-150x150.jpg","thumbnail-width":150,"thumbnail-height":150,"medium":"https:\/\/www.lang-und-heyne.de\/dateien\/2025\/05\/LH_Kachel-Handwerk-300x192.jpg","medium-width":300,"medium-height":192,"medium_large":"https:\/\/www.lang-und-heyne.de\/dateien\/2025\/05\/LH_Kachel-Handwerk-768x492.jpg","medium_large-width":768,"medium_large-height":492,"large":"https:\/\/www.lang-und-heyne.de\/dateien\/2025\/05\/LH_Kachel-Handwerk.jpg","large-width":1000,"large-height":640,"1536x1536":"https:\/\/www.lang-und-heyne.de\/dateien\/2025\/05\/LH_Kachel-Handwerk.jpg","1536x1536-width":1000,"1536x1536-height":640,"2048x2048":"https:\/\/www.lang-und-heyne.de\/dateien\/2025\/05\/LH_Kachel-Handwerk.jpg","2048x2048-width":1000,"2048x2048-height":640,"post-thumbnail":"https:\/\/www.lang-und-heyne.de\/dateien\/2025\/05\/LH_Kachel-Handwerk-150x150.jpg","post-thumbnail-width":150,"post-thumbnail-height":150,"wide":"https:\/\/www.lang-und-heyne.de\/dateien\/2025\/05\/LH_Kachel-Handwerk.jpg","wide-width":1000,"wide-height":640}},"link":"https:\/\/www.lang-und-heyne.de\/es\/artesania\/","beschriftung":"Desde el dibujo hasta el \u00faltimo tornillo: sum\u00e9rgete en la fabricaci\u00f3n magistral de nuestros relojes, paso a paso."}]}]},"wpml_current_locale":"es_ES","wpml_translations":{"en_US":{"locale":"en_US","id":9908,"slug":"namesakes","post_title":"Name Patron Saint","href":"https:\/\/www.lang-und-heyne.de\/en\/namesakes\/"},"de_DE":{"locale":"de_DE","id":8338,"slug":"namenspatrone","post_title":"Namenspatrone","href":"https:\/\/www.lang-und-heyne.de\/namenspatrone\/"},"fr_FR":{"locale":"fr_FR","id":9911,"slug":"figures-historiques","post_title":"Patronyme","href":"https:\/\/www.lang-und-heyne.de\/fr\/figures-historiques\/"},"ja":{"locale":"ja","id":9909,"slug":"namesakes","post_title":"\u5b88\u8b77\u8056\u4eba","href":"https:\/\/www.lang-und-heyne.de\/ja\/namesakes\/"},"zh_CN":{"locale":"zh_CN","id":9910,"slug":"namesakes","post_title":"\u5b88\u62a4\u795e","href":"https:\/\/www.lang-und-heyne.de\/zh-hans\/namesakes\/"}},"_links":{"self":[{"href":"https:\/\/www.lang-und-heyne.de\/es\/wp-json\/wp\/v2\/pages\/9913","targetHints":{"allow":["GET"]}}],"collection":[{"href":"https:\/\/www.lang-und-heyne.de\/es\/wp-json\/wp\/v2\/pages"}],"about":[{"href":"https:\/\/www.lang-und-heyne.de\/es\/wp-json\/wp\/v2\/types\/page"}],"author":[{"embeddable":true,"href":"https:\/\/www.lang-und-heyne.de\/es\/wp-json\/wp\/v2\/users\/5"}],"replies":[{"embeddable":true,"href":"https:\/\/www.lang-und-heyne.de\/es\/wp-json\/wp\/v2\/comments?post=9913"}],"version-history":[{"count":1,"href":"https:\/\/www.lang-und-heyne.de\/es\/wp-json\/wp\/v2\/pages\/9913\/revisions"}],"predecessor-version":[{"id":9970,"href":"https:\/\/www.lang-und-heyne.de\/es\/wp-json\/wp\/v2\/pages\/9913\/revisions\/9970"}],"wp:featuredmedia":[{"embeddable":true,"href":"https:\/\/www.lang-und-heyne.de\/es\/wp-json\/wp\/v2\/media\/9914"}],"wp:attachment":[{"href":"https:\/\/www.lang-und-heyne.de\/es\/wp-json\/wp\/v2\/media?parent=9913"}],"curies":[{"name":"wp","href":"https:\/\/api.w.org\/{rel}","templated":true}]}}