{"id":9993,"date":"2023-05-12T15:10:18","date_gmt":"2023-05-12T13:10:18","guid":{"rendered":"https:\/\/www.lang-und-heyne.de\/pie-de-imprenta\/"},"modified":"2023-05-12T15:10:18","modified_gmt":"2023-05-12T13:10:18","slug":"pie-de-imprenta","status":"publish","type":"page","link":"https:\/\/www.lang-und-heyne.de\/es\/pie-de-imprenta\/","title":{"rendered":"Pie de imprenta"},"content":{"rendered":"","protected":false},"excerpt":{"rendered":"","protected":false},"author":1,"featured_media":0,"parent":0,"menu_order":115,"comment_status":"closed","ping_status":"closed","template":"","meta":{"_acf_changed":false,"footnotes":""},"class_list":["post-9993","page","type-page","status-publish","hentry"],"acf":{"start":[{"acf_fc_layout":"text","text":"<h1><\/h1>\n<h1>Pie de imprenta<\/h1>\n<p>\u00a0<\/p>\n<p>Tempus Arte GmbH &#038; Co KG &#8211; LANG &#038; HEYNE<br \/>\nUllersdorfer M\u00fchle 2, 01454 Radeberg<\/p>\n<p>\u00a0<\/p>\n<p>TEL\u00c9FONO +49 351-212936-60<br \/>\nFAX +49 351-212936-61<\/p>\n<p>\u00a0<\/p>\n<p>info@langheyne.de<br \/>\nwww.lang-und-heyne.de<\/p>\n<p>\u00a0<\/p>\n<p>Tempus Arte GmbH &#038; Co. KG &#8211; Ramersdorfer Stra\u00dfe 1 &#8211; 81669 M\u00fcnchen<br \/>\nSitz der Gesellschaft \/ sede de la empresa: M\u00fcnchen<br \/>\nRegistereintrag \/ registro mercantil: Amtsgericht M\u00fcnchen HRA 89938<br \/>\nUID: DE254499369<\/p>\n<p>\u00a0<\/p>\n<p>Pers\u00f6nlich haftender Gesellschafter \/ socio personalmente responsable:<br \/>\nTempus Arte Verwaltungs GmbH<br \/>\nSitz der Gesellschaft \/ domicilio social: M\u00fanich<br \/>\nAmtsgericht M\u00fcnchen \/ registro mercantil: HRB 167145<br \/>\nGesch\u00e4ftsf\u00fchrer \/ presidentes:<br \/>\nDr.-Ing. Daniel T. Roy, Alexander Guti\u00e9rrez D\u00edaz<\/p>\n<p>\u00a0<\/p>\n<h3>Descargo de responsabilidad:<\/h3>\n<p>\u00a0<\/p>\n<p><strong>Responsabilidad por el contenido<\/strong><br \/>\nEl contenido de nuestro sitio web ha sido creado con el m\u00e1ximo cuidado. Sin embargo, no podemos aceptar ninguna responsabilidad por la exactitud, integridad y actualidad del contenido. Somos responsables de nuestro propio contenido en estas p\u00e1ginas de acuerdo con la legislaci\u00f3n general. Sin embargo, no estamos obligados a controlar la informaci\u00f3n de terceros transmitida o almacenada ni a buscar indicios de actividades ilegales. Esto no afecta a las obligaciones de eliminar o bloquear el uso de informaci\u00f3n de acuerdo con la legislaci\u00f3n general. Sin embargo, la responsabilidad s\u00f3lo es posible a partir del momento en que tengamos conocimiento de una infracci\u00f3n concreta. Tan pronto como tengamos conocimiento de tales infracciones, eliminaremos este contenido inmediatamente.      <\/p>\n<p>\u00a0<\/p>\n<p><strong>Responsabilidad de los enlaces<\/strong><br \/>\nNuestro sitio web contiene enlaces a sitios web externos de terceros sobre cuyo contenido no tenemos ninguna influencia. Por lo tanto, no podemos aceptar ninguna responsabilidad por este contenido de terceros. El respectivo proveedor u operador de las p\u00e1ginas es siempre responsable del contenido de las p\u00e1ginas enlazadas. Las p\u00e1ginas enlazadas se comprobaron en el momento de enlazarlas para detectar posibles infracciones legales. No se reconocieron contenidos ilegales en el momento de establecer el enlace. Sin embargo, la supervisi\u00f3n permanente del contenido de las p\u00e1ginas enlazadas no es razonable sin pruebas concretas de una infracci\u00f3n. Si tenemos conocimiento de alguna infracci\u00f3n legal, eliminaremos dichos enlaces inmediatamente.      <\/p>\n<p>\u00a0<\/p>\n<p><strong>Copyright<\/strong><br \/>\nEl contenido y las obras creadas por los operadores del sitio en estas p\u00e1ginas est\u00e1n sujetos a la legislaci\u00f3n alemana sobre derechos de autor. La reproducci\u00f3n, edici\u00f3n, distribuci\u00f3n y cualquier tipo de utilizaci\u00f3n fuera de los l\u00edmites de la ley de derechos de autor requieren el consentimiento por escrito del respectivo autor o creador. Las descargas y copias de este sitio s\u00f3lo est\u00e1n permitidas para uso privado y no comercial. En la medida en que el contenido de este sitio no haya sido creado por el operador, se respetan los derechos de autor de terceros. En particular, el contenido de terceros est\u00e1 etiquetado como tal. No obstante, si tuvieras conocimiento de una infracci\u00f3n de los derechos de autor, te rogamos que nos lo comuniques. Si tenemos conocimiento de alguna infracci\u00f3n, eliminaremos dicho contenido inmediatamente.      <\/p>\n<p>\u00a0<\/p>\n<p><strong>Cr\u00e9ditos fotogr\u00e1ficos<br \/>\n<\/strong>Las fotos y grabaciones de v\u00eddeo utilizadas y sus derechos de autor proceden de los siguientes fot\u00f3grafos:<\/p>\n<p>\u00a0<\/p>\n<p>LANG &#038; HEYNE<br \/>\nJ\u00fcrgen Jeibmann, Dresde | www.jeibmann-photographik.de<br \/>\nRoy Kohlsdorf, Dresde | @roykohlsdorf<br \/>\nRoy H\u00e4nsel<br \/>\nGerrit Meier, Schwerin | www.gerritmeier.de<br \/>\nIsabel Noack, Dresde | www.in-fotografie.de<br \/>\nNico Savignac, Ismaning | www.watchdesigner.de<br \/>\ntama66 de pixabay<br \/>\nTeddy Tsung @taiwan<br \/>\nThe Lavish Attic<br \/>\nNorbert Windecker, Dresde | www.bilderliebe.de<\/p>\n<p>\u00a0<\/p>\n<p>Wikimedia Commons:<br \/>\nF\u00fcrstenzug: \u00a9User:Kolossos &#8211; foto propia, artista Wilhelm Walther (1826-1913), copyleft: Multilicencia con GFDL y Creative Commons CC-BY-SA-3.0 y versiones anteriores (2.5, 2.0 y 1.0), Wikimedia Commons, con licencia Creative Commons-Lizenz by-sa-3.0-es, Modificaci\u00f3n: Original llevado a un color en tono dorado<\/p>\n<p>\u00a0<\/p>\n<p>Por la presente, prohibimos expresamente el uso de los datos de contacto publicados en el marco de la obligaci\u00f3n de pie de imprenta por parte de terceros para el env\u00edo de material publicitario e informativo no solicitado. Los operadores de este sitio web se reservan expresamente el derecho a emprender acciones legales en caso de env\u00edo no solicitado de informaci\u00f3n publicitaria, como correos electr\u00f3nicos basura. <\/p>\n<p>\u00a0<\/p>\n<p><strong>Concepto, dise\u00f1o y realizaci\u00f3n<\/strong><br \/>\nZ &#038; Z Agentur Dresden<br \/>\nMicktner Stra\u00dfe 20<br \/>\n01139 Dresden<br \/>\n<a href=\"http:\/\/zzagentur.de\">zzagentur.de<\/a><\/p>\n<p>\u00a0<\/p>\n<p>\u00daltimas modificaciones: Dresde, julio de 2025<br \/>\nSujeto a modificaciones t\u00e9cnicas<\/p>\n"}],"slide":false},"wpml_current_locale":"es_ES","wpml_translations":{"en_US":{"locale":"en_US","id":9988,"slug":"imprint","post_title":"Imprint","href":"https:\/\/www.lang-und-heyne.de\/en\/imprint\/"},"de_DE":{"locale":"de_DE","id":2454,"slug":"impressum","post_title":"Impressum","href":"https:\/\/www.lang-und-heyne.de\/impressum\/"},"fr_FR":{"locale":"fr_FR","id":9991,"slug":"mentions-legales","post_title":"Mentions l\u00e9gales","href":"https:\/\/www.lang-und-heyne.de\/fr\/mentions-legales\/"},"ja":{"locale":"ja","id":9989,"slug":"%e3%82%a4%e3%83%b3%e3%83%97%e3%83%aa%e3%83%b3%e3%83%88","post_title":"\u30a4\u30f3\u30d7\u30ea\u30f3\u30c8","href":"https:\/\/www.lang-und-heyne.de\/ja\/%e3%82%a4%e3%83%b3%e3%83%97%e3%83%aa%e3%83%b3%e3%83%88\/"},"zh_CN":{"locale":"zh_CN","id":9990,"slug":"%e7%89%88%e6%9c%ac%e8%af%b4%e6%98%8e","post_title":"\u7248\u672c\u8bf4\u660e","href":"https:\/\/www.lang-und-heyne.de\/zh-hans\/%e7%89%88%e6%9c%ac%e8%af%b4%e6%98%8e\/"}},"_links":{"self":[{"href":"https:\/\/www.lang-und-heyne.de\/es\/wp-json\/wp\/v2\/pages\/9993","targetHints":{"allow":["GET"]}}],"collection":[{"href":"https:\/\/www.lang-und-heyne.de\/es\/wp-json\/wp\/v2\/pages"}],"about":[{"href":"https:\/\/www.lang-und-heyne.de\/es\/wp-json\/wp\/v2\/types\/page"}],"author":[{"embeddable":true,"href":"https:\/\/www.lang-und-heyne.de\/es\/wp-json\/wp\/v2\/users\/1"}],"replies":[{"embeddable":true,"href":"https:\/\/www.lang-und-heyne.de\/es\/wp-json\/wp\/v2\/comments?post=9993"}],"version-history":[{"count":0,"href":"https:\/\/www.lang-und-heyne.de\/es\/wp-json\/wp\/v2\/pages\/9993\/revisions"}],"wp:attachment":[{"href":"https:\/\/www.lang-und-heyne.de\/es\/wp-json\/wp\/v2\/media?parent=9993"}],"curies":[{"name":"wp","href":"https:\/\/api.w.org\/{rel}","templated":true}]}}