{"id":7086,"date":"2025-03-17T13:30:51","date_gmt":"2025-03-17T12:30:51","guid":{"rendered":"https:\/\/www.lang-und-heyne.de\/test-de-traduction\/"},"modified":"2025-03-17T13:44:15","modified_gmt":"2025-03-17T12:44:15","slug":"test-de-traduction","status":"publish","type":"page","link":"https:\/\/www.lang-und-heyne.de\/fr\/test-de-traduction\/","title":{"rendered":"Test de traduction"},"content":{"rendered":"","protected":false},"excerpt":{"rendered":"","protected":false},"author":1,"featured_media":0,"parent":0,"menu_order":11,"comment_status":"closed","ping_status":"closed","template":"","meta":{"_acf_changed":false,"footnotes":""},"class_list":["post-7086","page","type-page","status-publish","hentry"],"acf":{"slide":false,"start":[{"acf_fc_layout":"text","text":"<p>Notre maison, une histoire vivante dans un b\u00e2timent \u00e0 colombages, est \u00e9troitement li\u00e9e \u00e0 notre m\u00e9tier d&rsquo;horloger. Autrefois un moulin, puis un restaurant accueillant, il a connu de nombreuses histoires. Restaur\u00e9 avec amour, il sert d\u00e9sormais de maison \u00e0 notre artisanat. Les visiteurs sont toujours les bienvenus pour nous voir travailler. En m\u00eame temps, la proximit\u00e9 de la nature nous offre la tranquillit\u00e9 dont nous avons besoin. Tout comme l&rsquo;architecture d&rsquo;un th\u00e9\u00e2tre compl\u00e8te la musique, notre maison s&rsquo;harmonise avec l&rsquo;esprit de notre marque.<\/p>\n"},{"acf_fc_layout":"text","text":"<p>L&rsquo;\u00e9dition Anton Manufacture de Lang &amp; Heyne est une \u0153uvre d&rsquo;art magistrale qui allie tradition horlog\u00e8re et design moderne. Avec son tourbillon \u00ab\u00a0volant\u00a0\u00bb, elle offre une vue fascinante sur le mouvement. Son cadran en c\u00e9ramique noire, sa grande couronne en oignon orn\u00e9e d&rsquo;une pierre d&rsquo;onyx et sa gravure exclusive \u00ab\u00a0Manufacture Edition\u00a0\u00bb soulignent son \u00e9l\u00e9gance et son caract\u00e8re unique. L&rsquo;utilisation de mat\u00e9riaux de qualit\u00e9 sup\u00e9rieure, comme la c\u00e9ramique, et le recours \u00e0 un artisanat de haut niveau en font une pi\u00e8ce de collection tr\u00e8s recherch\u00e9e. Limit\u00e9e \u00e0 cinq exemplaires, l&rsquo;Anton Manufaktur Edition incarne le summum du raffinement artisanal et de l&rsquo;art horloger.<\/p>\n"},{"acf_fc_layout":"text","text":"<p>AI<\/p>\n"},{"acf_fc_layout":"text","text":"<p>Notre demeure, une histoire vivante dans une maison \u00e0 colombages, est intimement li\u00e9e \u00e0 notre art horloger. Autrefois moulin, puis restaurant accueillant, elle a v\u00e9cu de nombreuses histoires. Restaur\u00e9e avec amour, elle sert maintenant d&rsquo;\u00e9crin \u00e0 notre savoir-faire artisanal. Les visiteurs sont toujours cordialement invit\u00e9s \u00e0 nous observer au travail. Simultan\u00e9ment, la proximit\u00e9 avec la nature nous offre la qui\u00e9tude n\u00e9cessaire. Tout comme l&rsquo;architecture d&rsquo;un th\u00e9\u00e2tre compl\u00e8te la musique, notre demeure s&rsquo;harmonise avec l&rsquo;esprit de notre marque.<\/p>\n"},{"acf_fc_layout":"text","text":"<p>L&rsquo;\u00e9dition Anton Manufaktur de Lang &amp; Heyne est un chef-d&rsquo;\u0153uvre magistral alliant tradition horlog\u00e8re et design contemporain. Avec son tourbillon \u00ab volant \u00bb, elle offre un aper\u00e7u fascinant du mouvement. Le cadran en c\u00e9ramique noire, la grande couronne en oignon orn\u00e9e d&rsquo;une pierre d&rsquo;onyx et la gravure exclusive \u00ab Manufaktur Edition \u00bb soulignent son \u00e9l\u00e9gance et son caract\u00e8re unique. L&rsquo;utilisation de mat\u00e9riaux de haute qualit\u00e9 tels que la c\u00e9ramique et l&rsquo;application d&rsquo;un savoir-faire artisanal du plus haut niveau en font une pi\u00e8ce de collection convoit\u00e9e. Limit\u00e9e \u00e0 cinq exemplaires, l&rsquo;\u00e9dition Anton Manufaktur incarne le summum du raffinement artisanal et de l&rsquo;art horloger.<\/p>\n"}]},"wpml_current_locale":"fr_FR","wpml_translations":{"en_US":{"locale":"en_US","id":7094,"slug":"translation-test","post_title":"Translation Test","href":"https:\/\/www.lang-und-heyne.de\/en\/?page_id=7094"},"de_DE":{"locale":"de_DE","id":7082,"slug":"uebersetzungstest","post_title":"\u00dcbersetzungstest","href":"https:\/\/www.lang-und-heyne.de\/uebersetzungstest\/"}},"_links":{"self":[{"href":"https:\/\/www.lang-und-heyne.de\/fr\/wp-json\/wp\/v2\/pages\/7086","targetHints":{"allow":["GET"]}}],"collection":[{"href":"https:\/\/www.lang-und-heyne.de\/fr\/wp-json\/wp\/v2\/pages"}],"about":[{"href":"https:\/\/www.lang-und-heyne.de\/fr\/wp-json\/wp\/v2\/types\/page"}],"author":[{"embeddable":true,"href":"https:\/\/www.lang-und-heyne.de\/fr\/wp-json\/wp\/v2\/users\/1"}],"replies":[{"embeddable":true,"href":"https:\/\/www.lang-und-heyne.de\/fr\/wp-json\/wp\/v2\/comments?post=7086"}],"version-history":[{"count":2,"href":"https:\/\/www.lang-und-heyne.de\/fr\/wp-json\/wp\/v2\/pages\/7086\/revisions"}],"predecessor-version":[{"id":7093,"href":"https:\/\/www.lang-und-heyne.de\/fr\/wp-json\/wp\/v2\/pages\/7086\/revisions\/7093"}],"wp:attachment":[{"href":"https:\/\/www.lang-und-heyne.de\/fr\/wp-json\/wp\/v2\/media?parent=7086"}],"curies":[{"name":"wp","href":"https:\/\/api.w.org\/{rel}","templated":true}]}}