{"id":7135,"date":"2024-03-25T15:30:38","date_gmt":"2024-03-25T14:30:38","guid":{"rendered":"https:\/\/www.lang-und-heyne.de\/presse-2\/"},"modified":"2024-03-25T15:30:38","modified_gmt":"2024-03-25T14:30:38","slug":"presse-2","status":"publish","type":"page","link":"https:\/\/www.lang-und-heyne.de\/fr\/presse-2\/","title":{"rendered":"Presse"},"content":{"rendered":"","protected":false},"excerpt":{"rendered":"","protected":false},"author":5,"featured_media":0,"parent":0,"menu_order":12,"comment_status":"closed","ping_status":"closed","template":"","meta":{"_acf_changed":false,"footnotes":""},"class_list":["post-7135","page","type-page","status-publish","hentry"],"acf":{"start":[{"acf_fc_layout":"textbild","header":"Bienvenue","anchor":true,"order":false,"bigtext":false,"bild":{"ID":7207,"id":7207,"title":"LH-Kachel-Presse-Neu","filename":"LH-Kachel-Presse-Neu.jpg","filesize":387327,"url":"https:\/\/www.lang-und-heyne.de\/dateien\/2024\/05\/LH-Kachel-Presse-Neu.jpg","link":"https:\/\/www.lang-und-heyne.de\/fr\/service\/lh-kachel-presse-neu-2\/","alt":"","author":"5","description":"","caption":"","name":"lh-kachel-presse-neu-2","status":"inherit","uploaded_to":7201,"date":"2024-05-14 19:58:15","modified":"2024-05-14 19:58:15","menu_order":0,"mime_type":"image\/jpeg","type":"image","subtype":"jpeg","icon":"https:\/\/www.lang-und-heyne.de\/wp-includes\/images\/media\/default.png","width":1000,"height":705,"sizes":{"thumbnail":"https:\/\/www.lang-und-heyne.de\/dateien\/2024\/05\/LH-Kachel-Presse-Neu-150x150.jpg","thumbnail-width":150,"thumbnail-height":150,"medium":"https:\/\/www.lang-und-heyne.de\/dateien\/2024\/05\/LH-Kachel-Presse-Neu-300x212.jpg","medium-width":300,"medium-height":212,"medium_large":"https:\/\/www.lang-und-heyne.de\/dateien\/2024\/05\/LH-Kachel-Presse-Neu-768x541.jpg","medium_large-width":768,"medium_large-height":541,"large":"https:\/\/www.lang-und-heyne.de\/dateien\/2024\/05\/LH-Kachel-Presse-Neu.jpg","large-width":1000,"large-height":705,"1536x1536":"https:\/\/www.lang-und-heyne.de\/dateien\/2024\/05\/LH-Kachel-Presse-Neu.jpg","1536x1536-width":1000,"1536x1536-height":705,"2048x2048":"https:\/\/www.lang-und-heyne.de\/dateien\/2024\/05\/LH-Kachel-Presse-Neu.jpg","2048x2048-width":1000,"2048x2048-height":705,"post-thumbnail":"https:\/\/www.lang-und-heyne.de\/dateien\/2024\/05\/LH-Kachel-Presse-Neu-150x150.jpg","post-thumbnail-width":150,"post-thumbnail-height":150,"wide":"https:\/\/www.lang-und-heyne.de\/dateien\/2024\/05\/LH-Kachel-Presse-Neu.jpg","wide-width":1000,"wide-height":705}},"sub":"","text":"Bienvenue chez Lang & Heyne ! Nous sommes heureux de l'int\u00e9r\u00eat que vous portez \u00e0 notre marque et \u00e0 nos produits. En tant que journalistes et r\u00e9dacteurs m\u00e9dias, vous \u00eates une partie importante de notre communaut\u00e9 et nous voulons nous assurer que vous avez acc\u00e8s \u00e0 toutes les informations pertinentes. Qu'il s'agisse de nos derni\u00e8res collections, des actualit\u00e9s de l'entreprise ou de notre engagement social, nous sommes \u00e0 votre disposition.   <br \/>\n<br \/>\nVous avez besoin de mat\u00e9riel pour votre reportage ou vous souhaitez organiser une interview avec l'un de nos collaborateurs ? Pas de probl\u00e8me ! N'h\u00e9sitez pas \u00e0 nous contacter.  ","link":"","target":"","zusatzbild":false,"bild2":false,"ausrichtung":false,"sub2":""},{"acf_fc_layout":"textbild","header":"Notre catalogue de services","anchor":true,"order":true,"bigtext":false,"bild":false,"sub":"","text":"","link":"","target":"","zusatzbild":false,"bild2":false,"ausrichtung":false,"sub2":""},{"acf_fc_layout":"text","text":"<p><strong>Informations sur l&rsquo;entreprise :<\/strong><\/p>\n<ul>\n<li>Un aper\u00e7u d\u00e9taill\u00e9 de notre entreprise, y compris notre histoire, notre mission, notre vision et nos valeurs.<\/li>\n<li>Informations de base suppl\u00e9mentaires sur notre entreprise, nos horlogers, les processus de production et les d\u00e9veloppements, ainsi que d&rsquo;autres sujets pertinents.<\/li>\n<\/ul>\n<p><strong><br \/>\nInformations sur le produit :<\/strong><\/p>\n<ul>\n<li>Informations compl\u00e8tes sur nos montres et nos d\u00e9veloppements sp\u00e9ciaux, y compris les sp\u00e9cifications techniques, les caract\u00e9ristiques uniques et les \u00e9ditions actuelles.\n<ul>\n<li><a href=\"https:\/\/www.lang-und-heyne.de\/kollektion\/\">Vers la collection<\/a><\/li>\n<\/ul>\n<\/li>\n<\/ul>\n<p><strong><br \/>\nInformations de presse :<\/strong><\/p>\n<ul>\n<li>Acc\u00e8s aux derniers communiqu\u00e9s de presse, aux nouvelles de l&rsquo;entreprise et aux annonces de produits.<\/li>\n<li>Des images et des graphiques de haute qualit\u00e9, pr\u00eats \u00e0 \u00eatre imprim\u00e9s, pour votre utilisation \u00e9ditoriale.<\/li>\n<\/ul>\n<p><strong><br \/>\nInterviews et \u00e9v\u00e9nements :<\/strong><\/p>\n<ul>\n<li>La possibilit\u00e9 d&rsquo;organiser des entretiens avec des cadres sup\u00e9rieurs, des horlogers, des finisseurs ou d&rsquo;autres personnes pertinentes au sein de notre entreprise.<\/li>\n<li>Invitations \u00e0 des \u00e9v\u00e9nements de presse, des pr\u00e9sentations de produits, des salons et autres \u00e9v\u00e9nements importants.<\/li>\n<\/ul>\n<p><strong><br \/>\nCoop\u00e9ration et m\u00e9dias sociaux :<\/strong><\/p>\n<ul>\n<li>des informations sur les collaborations, partenariats ou parrainages potentiels avec notre entreprise.<\/li>\n<li>Liens vers nos profils officiels de m\u00e9dias sociaux pour les derni\u00e8res mises \u00e0 jour et le contenu.\n<ul>\n<li><a href=\"https:\/\/www.instagram.com\/langheyne\/\">Instagram<\/a><\/li>\n<li><a href=\"https:\/\/www.facebook.com\/LangHeyne\">Facebook<\/a><\/li>\n<\/ul>\n<\/li>\n<\/ul>\n"},{"acf_fc_layout":"textbild","header":"Personne \u00e0 contacter","anchor":true,"order":false,"bigtext":false,"bild":{"ID":7136,"id":7136,"title":"LH_DJ_Presse","filename":"LH_DJ_Presse.jpg","filesize":257872,"url":"https:\/\/www.lang-und-heyne.de\/dateien\/2024\/03\/LH_DJ_Presse.jpg","link":"https:\/\/www.lang-und-heyne.de\/fr\/presse-2\/lh_dj_presse-2\/","alt":"","author":"5","description":"","caption":"","name":"lh_dj_presse-2","status":"inherit","uploaded_to":7135,"date":"2024-03-25 14:23:29","modified":"2024-03-25 14:23:29","menu_order":0,"mime_type":"image\/jpeg","type":"image","subtype":"jpeg","icon":"https:\/\/www.lang-und-heyne.de\/wp-includes\/images\/media\/default.png","width":1000,"height":705,"sizes":{"thumbnail":"https:\/\/www.lang-und-heyne.de\/dateien\/2024\/03\/LH_DJ_Presse-150x150.jpg","thumbnail-width":150,"thumbnail-height":150,"medium":"https:\/\/www.lang-und-heyne.de\/dateien\/2024\/03\/LH_DJ_Presse-300x212.jpg","medium-width":300,"medium-height":212,"medium_large":"https:\/\/www.lang-und-heyne.de\/dateien\/2024\/03\/LH_DJ_Presse-768x541.jpg","medium_large-width":768,"medium_large-height":541,"large":"https:\/\/www.lang-und-heyne.de\/dateien\/2024\/03\/LH_DJ_Presse.jpg","large-width":1000,"large-height":705,"1536x1536":"https:\/\/www.lang-und-heyne.de\/dateien\/2024\/03\/LH_DJ_Presse.jpg","1536x1536-width":1000,"1536x1536-height":705,"2048x2048":"https:\/\/www.lang-und-heyne.de\/dateien\/2024\/03\/LH_DJ_Presse.jpg","2048x2048-width":1000,"2048x2048-height":705,"post-thumbnail":"https:\/\/www.lang-und-heyne.de\/dateien\/2024\/03\/LH_DJ_Presse-150x150.jpg","post-thumbnail-width":150,"post-thumbnail-height":150,"wide":"https:\/\/www.lang-und-heyne.de\/dateien\/2024\/03\/LH_DJ_Presse.jpg","wide-width":1000,"wide-height":705}},"sub":"","text":"Nous sommes \u00e0 votre disposition pour toute demande de presse. Veuillez nous contacter directement : <br \/>\n<br \/>\nDominique Jahn<br \/>\nMarketing<br \/>\nd.jahn@langheyne.de<br \/>\n+49 351 212936-64<br \/>\n<br \/>\nNous sommes impatients de vous entendre et de vous aider \u00e0 r\u00e9soudre vos probl\u00e8mes.","link":"","target":"","zusatzbild":false,"bild2":false,"ausrichtung":false,"sub2":""}],"slide":false},"wpml_current_locale":"fr_FR","wpml_translations":{"en_US":{"locale":"en_US","id":6085,"slug":"press","post_title":"Press","href":"https:\/\/www.lang-und-heyne.de\/en\/press\/"},"de_DE":{"locale":"de_DE","id":6059,"slug":"presse","post_title":"Presse","href":"https:\/\/www.lang-und-heyne.de\/presse\/"},"es_ES":{"locale":"es_ES","id":7137,"slug":"pulsa","post_title":"Pulsa","href":"https:\/\/www.lang-und-heyne.de\/es\/pulsa\/"},"ja":{"locale":"ja","id":6086,"slug":"press","post_title":"\u30d7\u30ec\u30b9","href":"https:\/\/www.lang-und-heyne.de\/ja\/press\/"},"zh_CN":{"locale":"zh_CN","id":6087,"slug":"press","post_title":"\u65b0\u95fb","href":"https:\/\/www.lang-und-heyne.de\/zh-hans\/press\/"}},"_links":{"self":[{"href":"https:\/\/www.lang-und-heyne.de\/fr\/wp-json\/wp\/v2\/pages\/7135","targetHints":{"allow":["GET"]}}],"collection":[{"href":"https:\/\/www.lang-und-heyne.de\/fr\/wp-json\/wp\/v2\/pages"}],"about":[{"href":"https:\/\/www.lang-und-heyne.de\/fr\/wp-json\/wp\/v2\/types\/page"}],"author":[{"embeddable":true,"href":"https:\/\/www.lang-und-heyne.de\/fr\/wp-json\/wp\/v2\/users\/5"}],"replies":[{"embeddable":true,"href":"https:\/\/www.lang-und-heyne.de\/fr\/wp-json\/wp\/v2\/comments?post=7135"}],"version-history":[{"count":0,"href":"https:\/\/www.lang-und-heyne.de\/fr\/wp-json\/wp\/v2\/pages\/7135\/revisions"}],"wp:attachment":[{"href":"https:\/\/www.lang-und-heyne.de\/fr\/wp-json\/wp\/v2\/media?parent=7135"}],"curies":[{"name":"wp","href":"https:\/\/api.w.org\/{rel}","templated":true}]}}