{"id":7315,"date":"2023-01-17T15:22:59","date_gmt":"2023-01-17T14:22:59","guid":{"rendered":"https:\/\/www.lang-und-heyne.de\/artisanat\/"},"modified":"2025-04-09T14:17:13","modified_gmt":"2025-04-09T12:17:13","slug":"artisanat","status":"publish","type":"page","link":"https:\/\/www.lang-und-heyne.de\/fr\/artisanat\/","title":{"rendered":"Artisanat"},"content":{"rendered":"","protected":false},"excerpt":{"rendered":"","protected":false},"author":1,"featured_media":7345,"parent":0,"menu_order":135,"comment_status":"closed","ping_status":"closed","template":"","meta":{"_acf_changed":false,"footnotes":""},"class_list":["post-7315","page","type-page","status-publish","has-post-thumbnail","hentry"],"acf":{"start":[{"acf_fc_layout":"textbild","header":"De l'id\u00e9e au dessin","anchor":true,"order":false,"bigtext":false,"bild":{"ID":7607,"id":7607,"title":"LH_Kachel_Idee","filename":"LH_Kachel_Idee.jpg","filesize":395593,"url":"https:\/\/www.lang-und-heyne.de\/dateien\/2024\/03\/LH_Kachel_Idee.jpg","link":"https:\/\/www.lang-und-heyne.de\/fr\/artisanat\/idee\/lh_kachel_idee-2\/","alt":"","author":"5","description":"","caption":"","name":"lh_kachel_idee-2","status":"inherit","uploaded_to":7599,"date":"2024-03-08 20:42:24","modified":"2024-03-08 20:42:24","menu_order":0,"mime_type":"image\/jpeg","type":"image","subtype":"jpeg","icon":"https:\/\/www.lang-und-heyne.de\/wp-includes\/images\/media\/default.png","width":1000,"height":640,"sizes":{"thumbnail":"https:\/\/www.lang-und-heyne.de\/dateien\/2024\/03\/LH_Kachel_Idee-150x150.jpg","thumbnail-width":150,"thumbnail-height":150,"medium":"https:\/\/www.lang-und-heyne.de\/dateien\/2024\/03\/LH_Kachel_Idee-300x192.jpg","medium-width":300,"medium-height":192,"medium_large":"https:\/\/www.lang-und-heyne.de\/dateien\/2024\/03\/LH_Kachel_Idee-768x492.jpg","medium_large-width":768,"medium_large-height":492,"large":"https:\/\/www.lang-und-heyne.de\/dateien\/2024\/03\/LH_Kachel_Idee.jpg","large-width":1000,"large-height":640,"1536x1536":"https:\/\/www.lang-und-heyne.de\/dateien\/2024\/03\/LH_Kachel_Idee.jpg","1536x1536-width":1000,"1536x1536-height":640,"2048x2048":"https:\/\/www.lang-und-heyne.de\/dateien\/2024\/03\/LH_Kachel_Idee.jpg","2048x2048-width":1000,"2048x2048-height":640,"post-thumbnail":"https:\/\/www.lang-und-heyne.de\/dateien\/2024\/03\/LH_Kachel_Idee-150x150.jpg","post-thumbnail-width":150,"post-thumbnail-height":150,"wide":"https:\/\/www.lang-und-heyne.de\/dateien\/2024\/03\/LH_Kachel_Idee.jpg","wide-width":1000,"wide-height":640}},"sub":"","text":"La cr\u00e9ation d'une montre s'apparente \u00e0 une composition musicale o\u00f9 tradition, innovation et fonctionnalit\u00e9 se fondent en une id\u00e9e cr\u00e9ative. \u00c0 l'instar d'un chef d'orchestre qui cr\u00e9e une \u0153uvre harmonieuse \u00e0 partir de diff\u00e9rents timbres, nous associons des \u00e9l\u00e9ments \u00e9prouv\u00e9s \u00e0 des nouveaut\u00e9s. Des croquis techniques servent de base \u00e0 ce chef-d'\u0153uvre o\u00f9 beaut\u00e9 et fonction sont en harmonie. Nos montres sont comme un orchestre harmonieux dans lequel chaque composant conf\u00e8re une beaut\u00e9 unique et o\u00f9 l'harmonie id\u00e9ale entre forme et fonction est recherch\u00e9e. Les dessins jouent un r\u00f4le crucial, un peu comme les notes dans une partition musicale, pour garantir l'ad\u00e9quation exacte entre la forme et la fonction. Sa mise en \u0153uvre n\u00e9cessite des technologies \u00e9prouv\u00e9es et de nouvelles m\u00e9thodes de travail, comparables \u00e0 celles d'un chef d'orchestre qui coordonne la diversit\u00e9 des sons. Les proc\u00e9dures document\u00e9es constituent la partition de la qualit\u00e9 et de la coh\u00e9rence, m\u00eame si le perfectionnement peut exiger de la patience et des efforts.","link":"De l'id\u00e9e au dessin en d\u00e9tail","target":"https:\/\/www.lang-und-heyne.de\/fr\/artisanat\/idee\/","zusatzbild":false,"bild2":false,"ausrichtung":false,"sub2":""},{"acf_fc_layout":"textbild","header":"Fabrication des pi\u00e8ces brutes","anchor":true,"order":true,"bigtext":false,"bild":{"ID":7658,"id":7658,"title":"LH_Kachel_CNC-Platine","filename":"LH_Kachel_CNC-Platine.jpg","filesize":219765,"url":"https:\/\/www.lang-und-heyne.de\/dateien\/2023\/07\/LH_Kachel_CNC-Platine.jpg","link":"https:\/\/www.lang-und-heyne.de\/fr\/artisanat\/technique-cnc\/lh_kachel_cnc-platine-2\/","alt":"","author":"5","description":"","caption":"","name":"lh_kachel_cnc-platine-2","status":"inherit","uploaded_to":7655,"date":"2023-07-28 08:30:41","modified":"2023-07-28 08:30:41","menu_order":0,"mime_type":"image\/jpeg","type":"image","subtype":"jpeg","icon":"https:\/\/www.lang-und-heyne.de\/wp-includes\/images\/media\/default.png","width":1000,"height":705,"sizes":{"thumbnail":"https:\/\/www.lang-und-heyne.de\/dateien\/2023\/07\/LH_Kachel_CNC-Platine-150x150.jpg","thumbnail-width":150,"thumbnail-height":150,"medium":"https:\/\/www.lang-und-heyne.de\/dateien\/2023\/07\/LH_Kachel_CNC-Platine-300x212.jpg","medium-width":300,"medium-height":212,"medium_large":"https:\/\/www.lang-und-heyne.de\/dateien\/2023\/07\/LH_Kachel_CNC-Platine-768x541.jpg","medium_large-width":768,"medium_large-height":541,"large":"https:\/\/www.lang-und-heyne.de\/dateien\/2023\/07\/LH_Kachel_CNC-Platine.jpg","large-width":1000,"large-height":705,"1536x1536":"https:\/\/www.lang-und-heyne.de\/dateien\/2023\/07\/LH_Kachel_CNC-Platine.jpg","1536x1536-width":1000,"1536x1536-height":705,"2048x2048":"https:\/\/www.lang-und-heyne.de\/dateien\/2023\/07\/LH_Kachel_CNC-Platine.jpg","2048x2048-width":1000,"2048x2048-height":705,"post-thumbnail":"https:\/\/www.lang-und-heyne.de\/dateien\/2023\/07\/LH_Kachel_CNC-Platine-150x150.jpg","post-thumbnail-width":150,"post-thumbnail-height":150,"wide":"https:\/\/www.lang-und-heyne.de\/dateien\/2023\/07\/LH_Kachel_CNC-Platine.jpg","wide-width":1000,"wide-height":705}},"sub":"","text":"En horlogerie, les \u00e9bauches sont la base de la cr\u00e9ation de chefs-d'\u0153uvre. L'utilisation de programmes de conception 3D permet de cr\u00e9er des contours d\u00e9taill\u00e9s qui sont directement transmis aux machines. Les op\u00e9rateurs de machines jouent un r\u00f4le crucial dans la programmation, l'approvisionnement en outils et le placement des pi\u00e8ces. Cette technologie de pointe permet de produire des lots de petite taille avec une grande pr\u00e9cision et une grande polyvalence. Les pi\u00e8ces plates et les b\u00e2tis sont frais\u00e9s, tandis que les pi\u00e8ces \u00e0 sym\u00e9trie de rotation avec des al\u00e9sages et des fraisages sont r\u00e9alis\u00e9s sur des tours automatiques et des centres d'usinage. De plus, des techniques modernes telles que la d\u00e9coupe laser, l'\u00e9lectro\u00e9rosion \u00e0 fil et la galvanoplastie sont utilis\u00e9es pour produire des pi\u00e8ces bidimensionnelles avec pr\u00e9cision. Ce processus combine le meilleur de la tradition et de la modernit\u00e9 pour cr\u00e9er des composants horlogers pr\u00e9cis et de haute qualit\u00e9.","link":"Fabrication en d\u00e9tail","target":"https:\/\/www.lang-und-heyne.de\/fr\/artisanat\/technique-cnc\/","zusatzbild":false,"bild2":false,"ausrichtung":false,"sub2":""},{"acf_fc_layout":"textbild","header":"Une Finition Magistrale","anchor":true,"order":false,"bigtext":false,"bild":{"ID":7344,"id":7344,"title":"LH_Kachel_Detail_Finish-Kloben","filename":"LH_Kachel_Detail_Finish-Kloben.jpg","filesize":297469,"url":"https:\/\/www.lang-und-heyne.de\/dateien\/2023\/10\/LH_Kachel_Detail_Finish-Kloben.jpg","link":"https:\/\/www.lang-und-heyne.de\/fr\/artisanat\/lh_kachel_detail_finish-kloben-2\/","alt":"","author":"5","description":"","caption":"","name":"lh_kachel_detail_finish-kloben-2","status":"inherit","uploaded_to":7315,"date":"2023-10-20 07:03:49","modified":"2023-10-20 07:03:49","menu_order":0,"mime_type":"image\/jpeg","type":"image","subtype":"jpeg","icon":"https:\/\/www.lang-und-heyne.de\/wp-includes\/images\/media\/default.png","width":1000,"height":640,"sizes":{"thumbnail":"https:\/\/www.lang-und-heyne.de\/dateien\/2023\/10\/LH_Kachel_Detail_Finish-Kloben-150x150.jpg","thumbnail-width":150,"thumbnail-height":150,"medium":"https:\/\/www.lang-und-heyne.de\/dateien\/2023\/10\/LH_Kachel_Detail_Finish-Kloben-300x192.jpg","medium-width":300,"medium-height":192,"medium_large":"https:\/\/www.lang-und-heyne.de\/dateien\/2023\/10\/LH_Kachel_Detail_Finish-Kloben-768x492.jpg","medium_large-width":768,"medium_large-height":492,"large":"https:\/\/www.lang-und-heyne.de\/dateien\/2023\/10\/LH_Kachel_Detail_Finish-Kloben.jpg","large-width":1000,"large-height":640,"1536x1536":"https:\/\/www.lang-und-heyne.de\/dateien\/2023\/10\/LH_Kachel_Detail_Finish-Kloben.jpg","1536x1536-width":1000,"1536x1536-height":640,"2048x2048":"https:\/\/www.lang-und-heyne.de\/dateien\/2023\/10\/LH_Kachel_Detail_Finish-Kloben.jpg","2048x2048-width":1000,"2048x2048-height":640,"post-thumbnail":"https:\/\/www.lang-und-heyne.de\/dateien\/2023\/10\/LH_Kachel_Detail_Finish-Kloben-150x150.jpg","post-thumbnail-width":150,"post-thumbnail-height":150,"wide":"https:\/\/www.lang-und-heyne.de\/dateien\/2023\/10\/LH_Kachel_Detail_Finish-Kloben.jpg","wide-width":1000,"wide-height":640}},"sub":"","text":"Dans le monde de l'horlogerie, les montres ne sont pas seulement consid\u00e9r\u00e9es comme des garde-temps, mais comme de v\u00e9ritables \u0153uvres d'art. L'application de diff\u00e9rentes techniques de finition est une \u00e9tape d\u00e9cisive dans l'obtention de la perfection d'une montre. Ces techniques allient esth\u00e9tique et pr\u00e9cision pour donner \u00e0 chaque mouvement une allure particuli\u00e8re. De la finesse du grain de l'argenture par frottage \u00e0 la taille artistique des cercles et des soleils, en passant par l'anglage pr\u00e9cis des bords et des surfaces, chacune de ces techniques contribue \u00e0 la beaut\u00e9, \u00e0 la fonction et \u00e0 la long\u00e9vit\u00e9 de la montre.","link":"Des techniques de finition impressionnantes en d\u00e9tail","target":"https:\/\/www.lang-und-heyne.de\/fr\/artisanat\/une-finition-magistrale\/","zusatzbild":false,"bild2":{"ID":7330,"id":7330,"title":"LH_Blaeuen","filename":"LH_Blaeuen-3.jpg","filesize":26652,"url":"https:\/\/www.lang-und-heyne.de\/dateien\/2023\/04\/LH_Blaeuen-3.jpg","link":"https:\/\/www.lang-und-heyne.de\/fr\/artisanat\/lh_blaeuen-3\/","alt":"","author":"2","description":"","caption":"","name":"lh_blaeuen-3","status":"inherit","uploaded_to":7315,"date":"2023-04-26 09:46:55","modified":"2023-04-26 09:46:55","menu_order":0,"mime_type":"image\/jpeg","type":"image","subtype":"jpeg","icon":"https:\/\/www.lang-und-heyne.de\/wp-includes\/images\/media\/default.png","width":700,"height":347,"sizes":{"thumbnail":"https:\/\/www.lang-und-heyne.de\/dateien\/2023\/04\/LH_Blaeuen-3-150x150.jpg","thumbnail-width":150,"thumbnail-height":150,"medium":"https:\/\/www.lang-und-heyne.de\/dateien\/2023\/04\/LH_Blaeuen-3-300x149.jpg","medium-width":300,"medium-height":149,"medium_large":"https:\/\/www.lang-und-heyne.de\/dateien\/2023\/04\/LH_Blaeuen-3.jpg","medium_large-width":700,"medium_large-height":347,"large":"https:\/\/www.lang-und-heyne.de\/dateien\/2023\/04\/LH_Blaeuen-3.jpg","large-width":700,"large-height":347,"1536x1536":"https:\/\/www.lang-und-heyne.de\/dateien\/2023\/04\/LH_Blaeuen-3.jpg","1536x1536-width":700,"1536x1536-height":347,"2048x2048":"https:\/\/www.lang-und-heyne.de\/dateien\/2023\/04\/LH_Blaeuen-3.jpg","2048x2048-width":700,"2048x2048-height":347,"post-thumbnail":"https:\/\/www.lang-und-heyne.de\/dateien\/2023\/04\/LH_Blaeuen-3-150x150.jpg","post-thumbnail-width":150,"post-thumbnail-height":150,"wide":"https:\/\/www.lang-und-heyne.de\/dateien\/2023\/04\/LH_Blaeuen-3.jpg","wide-width":700,"wide-height":347}},"ausrichtung":false,"sub2":""},{"acf_fc_layout":"textbild","header":"Montage de nos montres","anchor":true,"order":true,"bigtext":false,"bild":{"ID":7339,"id":7339,"title":"LH_Kachel_Georg-Montage","filename":"LH_Kachel_Georg-Montage.jpg","filesize":386946,"url":"https:\/\/www.lang-und-heyne.de\/dateien\/2023\/08\/LH_Kachel_Georg-Montage.jpg","link":"https:\/\/www.lang-und-heyne.de\/fr\/artisanat\/lh_kachel_georg-montage-2-2\/","alt":"","author":"5","description":"","caption":"","name":"lh_kachel_georg-montage-2-2","status":"inherit","uploaded_to":7315,"date":"2023-08-24 06:58:15","modified":"2023-08-24 06:58:15","menu_order":0,"mime_type":"image\/jpeg","type":"image","subtype":"jpeg","icon":"https:\/\/www.lang-und-heyne.de\/wp-includes\/images\/media\/default.png","width":1000,"height":640,"sizes":{"thumbnail":"https:\/\/www.lang-und-heyne.de\/dateien\/2023\/08\/LH_Kachel_Georg-Montage-150x150.jpg","thumbnail-width":150,"thumbnail-height":150,"medium":"https:\/\/www.lang-und-heyne.de\/dateien\/2023\/08\/LH_Kachel_Georg-Montage-300x192.jpg","medium-width":300,"medium-height":192,"medium_large":"https:\/\/www.lang-und-heyne.de\/dateien\/2023\/08\/LH_Kachel_Georg-Montage-768x492.jpg","medium_large-width":768,"medium_large-height":492,"large":"https:\/\/www.lang-und-heyne.de\/dateien\/2023\/08\/LH_Kachel_Georg-Montage.jpg","large-width":1000,"large-height":640,"1536x1536":"https:\/\/www.lang-und-heyne.de\/dateien\/2023\/08\/LH_Kachel_Georg-Montage.jpg","1536x1536-width":1000,"1536x1536-height":640,"2048x2048":"https:\/\/www.lang-und-heyne.de\/dateien\/2023\/08\/LH_Kachel_Georg-Montage.jpg","2048x2048-width":1000,"2048x2048-height":640,"post-thumbnail":"https:\/\/www.lang-und-heyne.de\/dateien\/2023\/08\/LH_Kachel_Georg-Montage-150x150.jpg","post-thumbnail-width":150,"post-thumbnail-height":150,"wide":"https:\/\/www.lang-und-heyne.de\/dateien\/2023\/08\/LH_Kachel_Georg-Montage.jpg","wide-width":1000,"wide-height":640}},"sub":"","text":"L'assemblage d'une montre est une symphonie exigeante de pr\u00e9cision et d'habilet\u00e9 magistrale. Comme les musiciens qui ma\u00eetrisent leurs instruments, les horlogers utilisent chaque \u00e9l\u00e9ment avec la plus grande pr\u00e9cision pour cr\u00e9er un chef-d'\u0153uvre harmonieux. Chaque \u00e9tape, du r\u00e9glage fin des composants de remontage et des roues du mouvement \u00e0 l'ajustement pr\u00e9cis de l'\u00e9chappement, contribue \u00e0 la m\u00e9lodie parfaite de la montre. Des techniques telles que la trotteuse arri\u00e8re rotative permettent de diriger la marche de la montre avec pr\u00e9cision. Chaque composant est soigneusement \u00e9quilibr\u00e9 afin d'assurer un mouvement harmonieux, \u00e0 l'instar des musiciens qui accordent leurs notes. Enfin, les horlogers posent le cadran et placent les aiguilles comme notes finales pour parachever le chef-d'\u0153uvre. Cette symphonie de pr\u00e9cision, d'artisanat et de passion cr\u00e9e des garde-temps de qualit\u00e9 qui r\u00e9sonnent comme une m\u00e9lodie intemporelle.","link":"De la pr\u00e9cision \u00e0 la perfection : l'assemblage des montres en d\u00e9tail","target":"https:\/\/www.lang-und-heyne.de\/fr\/artisanat\/montage\/","zusatzbild":false,"bild2":false,"ausrichtung":false,"sub2":""},{"acf_fc_layout":"textbild","header":"Mesure et contr\u00f4le","anchor":true,"order":false,"bigtext":false,"bild":{"ID":7343,"id":7343,"title":"LH_Kachel_Quali","filename":"LH_Kachel_Quali.jpg","filesize":295539,"url":"https:\/\/www.lang-und-heyne.de\/dateien\/2023\/10\/LH_Kachel_Quali.jpg","link":"https:\/\/www.lang-und-heyne.de\/fr\/artisanat\/lh_kachel_quali-2\/","alt":"","author":"5","description":"","caption":"","name":"lh_kachel_quali-2","status":"inherit","uploaded_to":7315,"date":"2023-10-20 07:02:39","modified":"2023-10-20 07:02:39","menu_order":0,"mime_type":"image\/jpeg","type":"image","subtype":"jpeg","icon":"https:\/\/www.lang-und-heyne.de\/wp-includes\/images\/media\/default.png","width":1000,"height":640,"sizes":{"thumbnail":"https:\/\/www.lang-und-heyne.de\/dateien\/2023\/10\/LH_Kachel_Quali-150x150.jpg","thumbnail-width":150,"thumbnail-height":150,"medium":"https:\/\/www.lang-und-heyne.de\/dateien\/2023\/10\/LH_Kachel_Quali-300x192.jpg","medium-width":300,"medium-height":192,"medium_large":"https:\/\/www.lang-und-heyne.de\/dateien\/2023\/10\/LH_Kachel_Quali-768x492.jpg","medium_large-width":768,"medium_large-height":492,"large":"https:\/\/www.lang-und-heyne.de\/dateien\/2023\/10\/LH_Kachel_Quali.jpg","large-width":1000,"large-height":640,"1536x1536":"https:\/\/www.lang-und-heyne.de\/dateien\/2023\/10\/LH_Kachel_Quali.jpg","1536x1536-width":1000,"1536x1536-height":640,"2048x2048":"https:\/\/www.lang-und-heyne.de\/dateien\/2023\/10\/LH_Kachel_Quali.jpg","2048x2048-width":1000,"2048x2048-height":640,"post-thumbnail":"https:\/\/www.lang-und-heyne.de\/dateien\/2023\/10\/LH_Kachel_Quali-150x150.jpg","post-thumbnail-width":150,"post-thumbnail-height":150,"wide":"https:\/\/www.lang-und-heyne.de\/dateien\/2023\/10\/LH_Kachel_Quali.jpg","wide-width":1000,"wide-height":640}},"sub":"","text":"La qualit\u00e9 chez Lang & Heyne occupe une place importante. Chaque \u00e9tape du processus de fabrication, depuis l'examen minutieux des mati\u00e8res premi\u00e8res jusqu'au dernier contr\u00f4le qualit\u00e9 avant la livraison, fait l'objet d'une v\u00e9rification m\u00e9ticuleuse. Cela permet de garantir que les montres pr\u00e9sentent une qualit\u00e9 et un raffinement incomparables. L'examen pr\u00e9cis, le contr\u00f4le technique, la perfection optique et l'\u0153il exerc\u00e9 des horlogers illustrent l'exigence de qualit\u00e9 et de perfection maximales. M\u00eame apr\u00e8s leur fabrication, les montres subissent des tests intensifs pour s'assurer qu'elles r\u00e9pondent aux exigences les plus strictes en mati\u00e8re de pr\u00e9cision, de fonctionnalit\u00e9 et d'\u00e9tanch\u00e9it\u00e9. Les multiples expertises optiques garantissent l'excellence esth\u00e9tique. Tous ces aspects montrent de mani\u00e8re impressionnante que la qualit\u00e9 et l'artisanat occupent une place centrale dans la maison Lang & Heyne.","link":"","target":"","zusatzbild":false,"bild2":false,"ausrichtung":false,"sub2":""}],"slide":[{"bild__video":true,"bild":{"ID":7342,"id":7342,"title":"LH_Header_WegZurUhr","filename":"LH_Header_WegZurUhr.jpg","filesize":842013,"url":"https:\/\/www.lang-und-heyne.de\/dateien\/2023\/08\/LH_Header_WegZurUhr.jpg","link":"https:\/\/www.lang-und-heyne.de\/fr\/artisanat\/lh_header_wegzuruhr-2\/","alt":"","author":"5","description":"","caption":"","name":"lh_header_wegzuruhr-2","status":"inherit","uploaded_to":7315,"date":"2023-08-25 09:25:32","modified":"2023-08-25 09:25:32","menu_order":0,"mime_type":"image\/jpeg","type":"image","subtype":"jpeg","icon":"https:\/\/www.lang-und-heyne.de\/wp-includes\/images\/media\/default.png","width":1920,"height":1080,"sizes":{"thumbnail":"https:\/\/www.lang-und-heyne.de\/dateien\/2023\/08\/LH_Header_WegZurUhr-150x150.jpg","thumbnail-width":150,"thumbnail-height":150,"medium":"https:\/\/www.lang-und-heyne.de\/dateien\/2023\/08\/LH_Header_WegZurUhr-300x169.jpg","medium-width":300,"medium-height":169,"medium_large":"https:\/\/www.lang-und-heyne.de\/dateien\/2023\/08\/LH_Header_WegZurUhr-768x432.jpg","medium_large-width":768,"medium_large-height":432,"large":"https:\/\/www.lang-und-heyne.de\/dateien\/2023\/08\/LH_Header_WegZurUhr-1024x576.jpg","large-width":1024,"large-height":576,"1536x1536":"https:\/\/www.lang-und-heyne.de\/dateien\/2023\/08\/LH_Header_WegZurUhr-1536x864.jpg","1536x1536-width":1536,"1536x1536-height":864,"2048x2048":"https:\/\/www.lang-und-heyne.de\/dateien\/2023\/08\/LH_Header_WegZurUhr.jpg","2048x2048-width":1920,"2048x2048-height":1080,"post-thumbnail":"https:\/\/www.lang-und-heyne.de\/dateien\/2023\/08\/LH_Header_WegZurUhr-150x150.jpg","post-thumbnail-width":150,"post-thumbnail-height":150,"wide":"https:\/\/www.lang-und-heyne.de\/dateien\/2023\/08\/LH_Header_WegZurUhr-1400x788.jpg","wide-width":1400,"wide-height":788}},"video":false,"texte":{"text":"Le Chemin Vers la Montre","subline":"Un artisanat de ma\u00eetre"}}]},"wpml_current_locale":"fr_FR","wpml_translations":{"en_US":{"locale":"en_US","id":3025,"slug":"craftsmanship","post_title":"Craftsmanship","href":"https:\/\/www.lang-und-heyne.de\/en\/craftsmanship\/"},"de_DE":{"locale":"de_DE","id":563,"slug":"handwerk","post_title":"Handwerk","href":"https:\/\/www.lang-und-heyne.de\/handwerk\/"},"es_ES":{"locale":"es_ES","id":7552,"slug":"artesania","post_title":"Artesan\u00eda","href":"https:\/\/www.lang-und-heyne.de\/es\/artesania\/"},"ja":{"locale":"ja","id":3215,"slug":"craftsmanship","post_title":"\u30cf\u30f3\u30c9\u30af\u30e9\u30d5\u30c8","href":"https:\/\/www.lang-und-heyne.de\/ja\/craftsmanship\/"},"zh_CN":{"locale":"zh_CN","id":3521,"slug":"craftsmanship","post_title":"\u5de5\u827a\u54c1","href":"https:\/\/www.lang-und-heyne.de\/zh-hans\/craftsmanship\/"}},"_links":{"self":[{"href":"https:\/\/www.lang-und-heyne.de\/fr\/wp-json\/wp\/v2\/pages\/7315","targetHints":{"allow":["GET"]}}],"collection":[{"href":"https:\/\/www.lang-und-heyne.de\/fr\/wp-json\/wp\/v2\/pages"}],"about":[{"href":"https:\/\/www.lang-und-heyne.de\/fr\/wp-json\/wp\/v2\/types\/page"}],"author":[{"embeddable":true,"href":"https:\/\/www.lang-und-heyne.de\/fr\/wp-json\/wp\/v2\/users\/1"}],"replies":[{"embeddable":true,"href":"https:\/\/www.lang-und-heyne.de\/fr\/wp-json\/wp\/v2\/comments?post=7315"}],"version-history":[{"count":2,"href":"https:\/\/www.lang-und-heyne.de\/fr\/wp-json\/wp\/v2\/pages\/7315\/revisions"}],"predecessor-version":[{"id":8525,"href":"https:\/\/www.lang-und-heyne.de\/fr\/wp-json\/wp\/v2\/pages\/7315\/revisions\/8525"}],"wp:featuredmedia":[{"embeddable":true,"href":"https:\/\/www.lang-und-heyne.de\/fr\/wp-json\/wp\/v2\/media\/7345"}],"wp:attachment":[{"href":"https:\/\/www.lang-und-heyne.de\/fr\/wp-json\/wp\/v2\/media?parent=7315"}],"curies":[{"name":"wp","href":"https:\/\/api.w.org\/{rel}","templated":true}]}}