{"id":7583,"date":"2023-08-25T13:00:32","date_gmt":"2023-08-25T11:00:32","guid":{"rendered":"https:\/\/www.lang-und-heyne.de\/artisanat\/montage\/"},"modified":"2023-08-25T13:00:32","modified_gmt":"2023-08-25T11:00:32","slug":"montage","status":"publish","type":"page","link":"https:\/\/www.lang-und-heyne.de\/fr\/artisanat\/montage\/","title":{"rendered":"Montage"},"content":{"rendered":"","protected":false},"excerpt":{"rendered":"","protected":false},"author":5,"featured_media":0,"parent":7315,"menu_order":26,"comment_status":"closed","ping_status":"closed","template":"","meta":{"_acf_changed":false,"footnotes":""},"class_list":["post-7583","page","type-page","status-publish","hentry"],"acf":{"start":[{"acf_fc_layout":"textbild","header":"Pr\u00e9-Assemblage ET Assemblage Final","anchor":false,"order":false,"bigtext":false,"bild":{"ID":7339,"id":7339,"title":"LH_Kachel_Georg-Montage","filename":"LH_Kachel_Georg-Montage.jpg","filesize":386946,"url":"https:\/\/www.lang-und-heyne.de\/dateien\/2023\/08\/LH_Kachel_Georg-Montage.jpg","link":"https:\/\/www.lang-und-heyne.de\/fr\/artisanat\/lh_kachel_georg-montage-2-2\/","alt":"","author":"5","description":"","caption":"","name":"lh_kachel_georg-montage-2-2","status":"inherit","uploaded_to":7315,"date":"2023-08-24 06:58:15","modified":"2023-08-24 06:58:15","menu_order":0,"mime_type":"image\/jpeg","type":"image","subtype":"jpeg","icon":"https:\/\/www.lang-und-heyne.de\/wp-includes\/images\/media\/default.png","width":1000,"height":640,"sizes":{"thumbnail":"https:\/\/www.lang-und-heyne.de\/dateien\/2023\/08\/LH_Kachel_Georg-Montage-150x150.jpg","thumbnail-width":150,"thumbnail-height":150,"medium":"https:\/\/www.lang-und-heyne.de\/dateien\/2023\/08\/LH_Kachel_Georg-Montage-300x192.jpg","medium-width":300,"medium-height":192,"medium_large":"https:\/\/www.lang-und-heyne.de\/dateien\/2023\/08\/LH_Kachel_Georg-Montage-768x492.jpg","medium_large-width":768,"medium_large-height":492,"large":"https:\/\/www.lang-und-heyne.de\/dateien\/2023\/08\/LH_Kachel_Georg-Montage.jpg","large-width":1000,"large-height":640,"1536x1536":"https:\/\/www.lang-und-heyne.de\/dateien\/2023\/08\/LH_Kachel_Georg-Montage.jpg","1536x1536-width":1000,"1536x1536-height":640,"2048x2048":"https:\/\/www.lang-und-heyne.de\/dateien\/2023\/08\/LH_Kachel_Georg-Montage.jpg","2048x2048-width":1000,"2048x2048-height":640,"post-thumbnail":"https:\/\/www.lang-und-heyne.de\/dateien\/2023\/08\/LH_Kachel_Georg-Montage-150x150.jpg","post-thumbnail-width":150,"post-thumbnail-height":150,"wide":"https:\/\/www.lang-und-heyne.de\/dateien\/2023\/08\/LH_Kachel_Georg-Montage.jpg","wide-width":1000,"wide-height":640}},"sub":"","text":"Le processus d'assemblage d'une montre est une combinaison de pr\u00e9cision et de soin, un v\u00e9ritable art qui r\u00e9unit les diff\u00e9rents composants d'un mouvement en une unit\u00e9 fonctionnant harmonieusement. L'assemblage d'une montre peut sembler complexe, mais il donne vie \u00e0 l'\u00e2me du mouvement en ajustant avec pr\u00e9cision chaque mouvement, chaque fonction, chaque beaut\u00e9. Cet aper\u00e7u de nos proc\u00e9dures d'assemblage vous donne un aper\u00e7u fascinant du fonctionnement interne de nos montres.  ","link":"","target":"","zusatzbild":false,"bild2":false,"ausrichtung":false,"sub2":""},{"acf_fc_layout":"text","text":"<p><strong>Remontage et mouvement<\/strong><br \/>\nMalgr\u00e9 la pr\u00e9cision de la fabrication, les composants ne peuvent pas \u00eatre simplement embo\u00eet\u00e9s et viss\u00e9s ensemble. Cela est d\u00fb aux effets d&rsquo;addition. Les dimensions des diff\u00e9rents composants s&rsquo;influencent mutuellement. \u00c0 ce stade, les tol\u00e9rances s&rsquo;additionnent et leur somme peut souvent d\u00e9passer les dimensions autoris\u00e9es pour les interventions ou les jeux.   <\/p>\n<p><strong>R\u00e9glage fin gr\u00e2ce au jeu de hauteur<\/strong><br \/>\nLe montage commence par l&rsquo;installation des composants du remontoir dans la platine du mouvement. Ensuite, les roues du mouvement, qui sont log\u00e9es dans des rubis, sont install\u00e9es. Pour que les roues dent\u00e9es puissent tourner sans probl\u00e8me, elles ont besoin d&rsquo;un l\u00e9ger jeu dans le sens de l&rsquo;axe. L&rsquo;horloger peut d\u00e9placer les rubis \u00e0 l&rsquo;aide de dispositifs, de poin\u00e7ons et d&rsquo;enclumes. Cela n\u00e9cessite souvent de d\u00e9monter plusieurs fois le rouage et de tenir compte avec pr\u00e9cision de la hauteur des composants.    <\/p>\n"},{"acf_fc_layout":"testimonial","bild_links":{"ID":7586,"id":7586,"title":"LH_MA_AlexK","filename":"LH_MA_AlexK.jpg","filesize":428243,"url":"https:\/\/www.lang-und-heyne.de\/dateien\/2024\/02\/LH_MA_AlexK.jpg","link":"https:\/\/www.lang-und-heyne.de\/fr\/artisanat\/montage\/lh_ma_alexk-2\/","alt":"","author":"5","description":"","caption":"","name":"lh_ma_alexk-2","status":"inherit","uploaded_to":7583,"date":"2024-02-05 12:06:47","modified":"2024-02-05 12:06:47","menu_order":0,"mime_type":"image\/jpeg","type":"image","subtype":"jpeg","icon":"https:\/\/www.lang-und-heyne.de\/wp-includes\/images\/media\/default.png","width":860,"height":1000,"sizes":{"thumbnail":"https:\/\/www.lang-und-heyne.de\/dateien\/2024\/02\/LH_MA_AlexK-150x150.jpg","thumbnail-width":150,"thumbnail-height":150,"medium":"https:\/\/www.lang-und-heyne.de\/dateien\/2024\/02\/LH_MA_AlexK-258x300.jpg","medium-width":258,"medium-height":300,"medium_large":"https:\/\/www.lang-und-heyne.de\/dateien\/2024\/02\/LH_MA_AlexK-768x893.jpg","medium_large-width":768,"medium_large-height":893,"large":"https:\/\/www.lang-und-heyne.de\/dateien\/2024\/02\/LH_MA_AlexK.jpg","large-width":860,"large-height":1000,"1536x1536":"https:\/\/www.lang-und-heyne.de\/dateien\/2024\/02\/LH_MA_AlexK.jpg","1536x1536-width":860,"1536x1536-height":1000,"2048x2048":"https:\/\/www.lang-und-heyne.de\/dateien\/2024\/02\/LH_MA_AlexK.jpg","2048x2048-width":860,"2048x2048-height":1000,"post-thumbnail":"https:\/\/www.lang-und-heyne.de\/dateien\/2024\/02\/LH_MA_AlexK-150x150.jpg","post-thumbnail-width":150,"post-thumbnail-height":150,"wide":"https:\/\/www.lang-und-heyne.de\/dateien\/2024\/02\/LH_MA_AlexK.jpg","wide-width":860,"wide-height":1000}},"zitat":"Un moment fascinant lorsque les pi\u00e8ces d\u00e9tach\u00e9es prennent vie.","autor":"Alexander Klar, ma\u00eetre horloger, chef d'\u00e9quipe assemblage","seitenverkehrt":false,"smalltext":false,"bild_oder_animiertes_gif":false,"bild_rechts":false,"bild_rechts_gif":{"ID":7588,"id":7588,"title":"LH_Kachel_Vormontage","filename":"LH_Kachel_Vormontage.mp4","filesize":1267558,"url":"https:\/\/www.lang-und-heyne.de\/dateien\/2024\/02\/LH_Kachel_Vormontage.mp4","link":"https:\/\/www.lang-und-heyne.de\/fr\/artisanat\/montage\/lh_kachel_vormontage-2\/","alt":"","author":"5","description":"","caption":"","name":"lh_kachel_vormontage-2","status":"inherit","uploaded_to":7583,"date":"2024-02-28 09:34:42","modified":"2024-02-28 09:34:42","menu_order":0,"mime_type":"video\/mp4","type":"video","subtype":"mp4","icon":"https:\/\/www.lang-und-heyne.de\/wp-includes\/images\/media\/video.png","width":850,"height":600},"extrabild":false,"detail":false,"additionalinfo":false,"zusatzinfo":{"text":"","link":null,"linktext":""}},{"acf_fc_layout":"text","text":"<p><strong>Echappement<\/strong><br \/>\nL&rsquo;\u00e9chappement de notre mouvement relie le balancier oscillant \u00e0 l&rsquo;engrenage des roues. Il permet au balancier d&rsquo;imposer sa cadence au mouvement et re\u00e7oit des impulsions de force suffisantes pour maintenir l&rsquo;oscillation. <\/p>\n<p><strong>Ajustement pr\u00e9cis de l&rsquo;\u00e9chappement<\/strong><br \/>\nComme pour les rouages, l&rsquo;horloger doit ajuster les hauteurs et les \u00e9cartements en d\u00e9pla\u00e7ant les rubis. L&rsquo;ancre, avec ses palettes de rubis coulissantes, est l&rsquo;\u00e9l\u00e9ment central de l&rsquo;\u00e9chappement. L&rsquo;ajustement pr\u00e9cis de ces composants est essentiel pour assurer un engr\u00e8nement avec la roue d&rsquo;\u00e9chappement avec un minimum de friction mais en toute s\u00e9curit\u00e9. La pr\u00e9cision de ce travail a une influence d\u00e9terminante sur la marche de la montre et n\u00e9cessite plusieurs d\u00e9montages et remontages des diff\u00e9rentes pi\u00e8ces. Pour finir, les positions des palettes de rubis dans l&rsquo;ancre sont fix\u00e9es \u00e0 l&rsquo;aide de gomme-laque fondue.    <\/p>\n"},{"acf_fc_layout":"textbild","header":"L\u2019Art du R\u00e9glage Fin","anchor":true,"order":true,"bigtext":false,"bild":{"ID":7340,"id":7340,"title":"LH_Kachel_SpiraleBiegen","filename":"LH_Kachel_SpiraleBiegen.jpg","filesize":299163,"url":"https:\/\/www.lang-und-heyne.de\/dateien\/2023\/08\/LH_Kachel_SpiraleBiegen.jpg","link":"https:\/\/www.lang-und-heyne.de\/fr\/artisanat\/lh_kachel_spiralebiegen-2\/","alt":"","author":"5","description":"","caption":"","name":"lh_kachel_spiralebiegen-2","status":"inherit","uploaded_to":7315,"date":"2023-08-24 07:03:33","modified":"2023-08-24 07:03:33","menu_order":0,"mime_type":"image\/jpeg","type":"image","subtype":"jpeg","icon":"https:\/\/www.lang-und-heyne.de\/wp-includes\/images\/media\/default.png","width":1000,"height":640,"sizes":{"thumbnail":"https:\/\/www.lang-und-heyne.de\/dateien\/2023\/08\/LH_Kachel_SpiraleBiegen-150x150.jpg","thumbnail-width":150,"thumbnail-height":150,"medium":"https:\/\/www.lang-und-heyne.de\/dateien\/2023\/08\/LH_Kachel_SpiraleBiegen-300x192.jpg","medium-width":300,"medium-height":192,"medium_large":"https:\/\/www.lang-und-heyne.de\/dateien\/2023\/08\/LH_Kachel_SpiraleBiegen-768x492.jpg","medium_large-width":768,"medium_large-height":492,"large":"https:\/\/www.lang-und-heyne.de\/dateien\/2023\/08\/LH_Kachel_SpiraleBiegen.jpg","large-width":1000,"large-height":640,"1536x1536":"https:\/\/www.lang-und-heyne.de\/dateien\/2023\/08\/LH_Kachel_SpiraleBiegen.jpg","1536x1536-width":1000,"1536x1536-height":640,"2048x2048":"https:\/\/www.lang-und-heyne.de\/dateien\/2023\/08\/LH_Kachel_SpiraleBiegen.jpg","2048x2048-width":1000,"2048x2048-height":640,"post-thumbnail":"https:\/\/www.lang-und-heyne.de\/dateien\/2023\/08\/LH_Kachel_SpiraleBiegen-150x150.jpg","post-thumbnail-width":150,"post-thumbnail-height":150,"wide":"https:\/\/www.lang-und-heyne.de\/dateien\/2023\/08\/LH_Kachel_SpiraleBiegen.jpg","wide-width":1000,"wide-height":640}},"sub":"","text":"Dans l'art de l'horlogerie, le r\u00e9glage fin joue un r\u00f4le crucial. Chez Lang & Heyne, nos horlogers ma\u00eetrisent l'art exigeant du r\u00e9glage pour ajuster parfaitement chaque mouvement. Le raffinement du balancier et du spiral est une danse harmonieuse o\u00f9 des courbures pr\u00e9cises et des vis de balancier traditionnelles en or assurent une fr\u00e9quence d'oscillation constante. Les ajustements apport\u00e9s aux vis de balancier en or modifient le moment d'inertie du balancier afin d'assurer une pr\u00e9cision constante dans toutes les positions du mouvement. Ce processus garantit que la montre fonctionne de mani\u00e8re constante et pr\u00e9cise dans toutes les positions.    ","link":"","target":"","zusatzbild":false,"bild2":false,"ausrichtung":false,"sub2":""},{"acf_fc_layout":"textbild","header":"Montage Final","anchor":true,"order":false,"bigtext":false,"bild":{"ID":7334,"id":7334,"title":"LH_Kachel_Georg-Montage2","filename":"LH_Kachel_Georg-Montage2.jpg","filesize":367421,"url":"https:\/\/www.lang-und-heyne.de\/dateien\/2023\/08\/LH_Kachel_Georg-Montage2.jpg","link":"https:\/\/www.lang-und-heyne.de\/fr\/artisanat\/lh_kachel_georg-montage2-2\/","alt":"","author":"5","description":"","caption":"","name":"lh_kachel_georg-montage2-2","status":"inherit","uploaded_to":7315,"date":"2023-08-18 13:01:00","modified":"2023-08-18 13:01:00","menu_order":0,"mime_type":"image\/jpeg","type":"image","subtype":"jpeg","icon":"https:\/\/www.lang-und-heyne.de\/wp-includes\/images\/media\/default.png","width":1000,"height":640,"sizes":{"thumbnail":"https:\/\/www.lang-und-heyne.de\/dateien\/2023\/08\/LH_Kachel_Georg-Montage2-150x150.jpg","thumbnail-width":150,"thumbnail-height":150,"medium":"https:\/\/www.lang-und-heyne.de\/dateien\/2023\/08\/LH_Kachel_Georg-Montage2-300x192.jpg","medium-width":300,"medium-height":192,"medium_large":"https:\/\/www.lang-und-heyne.de\/dateien\/2023\/08\/LH_Kachel_Georg-Montage2-768x492.jpg","medium_large-width":768,"medium_large-height":492,"large":"https:\/\/www.lang-und-heyne.de\/dateien\/2023\/08\/LH_Kachel_Georg-Montage2.jpg","large-width":1000,"large-height":640,"1536x1536":"https:\/\/www.lang-und-heyne.de\/dateien\/2023\/08\/LH_Kachel_Georg-Montage2.jpg","1536x1536-width":1000,"1536x1536-height":640,"2048x2048":"https:\/\/www.lang-und-heyne.de\/dateien\/2023\/08\/LH_Kachel_Georg-Montage2.jpg","2048x2048-width":1000,"2048x2048-height":640,"post-thumbnail":"https:\/\/www.lang-und-heyne.de\/dateien\/2023\/08\/LH_Kachel_Georg-Montage2-150x150.jpg","post-thumbnail-width":150,"post-thumbnail-height":150,"wide":"https:\/\/www.lang-und-heyne.de\/dateien\/2023\/08\/LH_Kachel_Georg-Montage2.jpg","wide-width":1000,"wide-height":640}},"sub":"","text":"En r\u00e9fl\u00e9chissant aux \u00e9tapes pr\u00e9c\u00e9dentes, il devient \u00e9vident que les pi\u00e8ces de notre mouvement doivent souvent \u00eatre d\u00e9mont\u00e9es pour pouvoir \u00eatre r\u00e9gl\u00e9es. Parfois, les pi\u00e8ces sont affin\u00e9es, meul\u00e9es et polies. Ce travail de pr\u00e9cision sur le m\u00e9tal dans un espace r\u00e9duit fait qu'il est presque impossible d'avoir entre les mains un mouvement parfaitement assembl\u00e9. Pourtant, cette puret\u00e9 est essentielle pour garantir une fonctionnalit\u00e9 \u00e0 long terme. C'est pourquoi le mouvement termin\u00e9 est \u00e0 nouveau d\u00e9mont\u00e9, soigneusement nettoy\u00e9 et r\u00e9assembl\u00e9 dans des conditions st\u00e9riles. Toutes les traces d'huile sont alors \u00e9limin\u00e9es.     ","link":"","target":"","zusatzbild":false,"bild2":false,"ausrichtung":false,"sub2":""},{"acf_fc_layout":"textbild","header":"Pose ET Coffrage Des Aiguilles","anchor":true,"order":true,"bigtext":false,"bild":{"ID":7590,"id":7590,"title":"LH-Kachel-Montage-Assambly","filename":"LH-Kachel-Montage-Assambly.jpg","filesize":349833,"url":"https:\/\/www.lang-und-heyne.de\/dateien\/2024\/05\/LH-Kachel-Montage-Assambly.jpg","link":"https:\/\/www.lang-und-heyne.de\/fr\/artisanat\/montage\/lh-kachel-montage-assambly-2\/","alt":"","author":"5","description":"","caption":"","name":"lh-kachel-montage-assambly-2","status":"inherit","uploaded_to":7583,"date":"2024-05-14 19:38:45","modified":"2024-05-14 19:38:45","menu_order":0,"mime_type":"image\/jpeg","type":"image","subtype":"jpeg","icon":"https:\/\/www.lang-und-heyne.de\/wp-includes\/images\/media\/default.png","width":1000,"height":705,"sizes":{"thumbnail":"https:\/\/www.lang-und-heyne.de\/dateien\/2024\/05\/LH-Kachel-Montage-Assambly-150x150.jpg","thumbnail-width":150,"thumbnail-height":150,"medium":"https:\/\/www.lang-und-heyne.de\/dateien\/2024\/05\/LH-Kachel-Montage-Assambly-300x212.jpg","medium-width":300,"medium-height":212,"medium_large":"https:\/\/www.lang-und-heyne.de\/dateien\/2024\/05\/LH-Kachel-Montage-Assambly-768x541.jpg","medium_large-width":768,"medium_large-height":541,"large":"https:\/\/www.lang-und-heyne.de\/dateien\/2024\/05\/LH-Kachel-Montage-Assambly.jpg","large-width":1000,"large-height":705,"1536x1536":"https:\/\/www.lang-und-heyne.de\/dateien\/2024\/05\/LH-Kachel-Montage-Assambly.jpg","1536x1536-width":1000,"1536x1536-height":705,"2048x2048":"https:\/\/www.lang-und-heyne.de\/dateien\/2024\/05\/LH-Kachel-Montage-Assambly.jpg","2048x2048-width":1000,"2048x2048-height":705,"post-thumbnail":"https:\/\/www.lang-und-heyne.de\/dateien\/2024\/05\/LH-Kachel-Montage-Assambly-150x150.jpg","post-thumbnail-width":150,"post-thumbnail-height":150,"wide":"https:\/\/www.lang-und-heyne.de\/dateien\/2024\/05\/LH-Kachel-Montage-Assambly.jpg","wide-width":1000,"wide-height":705}},"sub":"","text":"Notre horloger place maintenant le cadran sur le mouvement et fixe les aiguilles. Nos aiguilles ont des douilles ins\u00e9r\u00e9es et conservent une bonne assise m\u00eame apr\u00e8s avoir \u00e9t\u00e9 soulev\u00e9es plusieurs fois. Les aiguilles doivent \u00eatre align\u00e9es parall\u00e8lement les unes aux autres. L'aiguille des minutes est l\u00e9g\u00e8rement bomb\u00e9e vers le bas \u00e0 son extr\u00e9mit\u00e9 afin de permettre une lecture pr\u00e9cise.<br \/>\nL'embo\u00eetage fait r\u00e9f\u00e9rence au montage dans le bo\u00eetier. Pour ce faire, la tige de remontoir est retir\u00e9e et remise en place apr\u00e8s l'installation. Le d\u00e9fi ici est la propret\u00e9, car m\u00eame les plus petites particules ou peluches peuvent facilement s'y introduire.     ","link":"L'art de fabriquer des aiguilles","target":"https:\/\/www.lang-und-heyne.de\/fr\/artisanat\/fabrication-daiguilles\/","zusatzbild":false,"bild2":false,"ausrichtung":false,"sub2":""},{"acf_fc_layout":"textbild","header":"Contr\u00f4le Qualit\u00e9","anchor":false,"order":false,"bigtext":false,"bild":{"ID":7343,"id":7343,"title":"LH_Kachel_Quali","filename":"LH_Kachel_Quali.jpg","filesize":295539,"url":"https:\/\/www.lang-und-heyne.de\/dateien\/2023\/10\/LH_Kachel_Quali.jpg","link":"https:\/\/www.lang-und-heyne.de\/fr\/artisanat\/lh_kachel_quali-2\/","alt":"","author":"5","description":"","caption":"","name":"lh_kachel_quali-2","status":"inherit","uploaded_to":7315,"date":"2023-10-20 07:02:39","modified":"2023-10-20 07:02:39","menu_order":0,"mime_type":"image\/jpeg","type":"image","subtype":"jpeg","icon":"https:\/\/www.lang-und-heyne.de\/wp-includes\/images\/media\/default.png","width":1000,"height":640,"sizes":{"thumbnail":"https:\/\/www.lang-und-heyne.de\/dateien\/2023\/10\/LH_Kachel_Quali-150x150.jpg","thumbnail-width":150,"thumbnail-height":150,"medium":"https:\/\/www.lang-und-heyne.de\/dateien\/2023\/10\/LH_Kachel_Quali-300x192.jpg","medium-width":300,"medium-height":192,"medium_large":"https:\/\/www.lang-und-heyne.de\/dateien\/2023\/10\/LH_Kachel_Quali-768x492.jpg","medium_large-width":768,"medium_large-height":492,"large":"https:\/\/www.lang-und-heyne.de\/dateien\/2023\/10\/LH_Kachel_Quali.jpg","large-width":1000,"large-height":640,"1536x1536":"https:\/\/www.lang-und-heyne.de\/dateien\/2023\/10\/LH_Kachel_Quali.jpg","1536x1536-width":1000,"1536x1536-height":640,"2048x2048":"https:\/\/www.lang-und-heyne.de\/dateien\/2023\/10\/LH_Kachel_Quali.jpg","2048x2048-width":1000,"2048x2048-height":640,"post-thumbnail":"https:\/\/www.lang-und-heyne.de\/dateien\/2023\/10\/LH_Kachel_Quali-150x150.jpg","post-thumbnail-width":150,"post-thumbnail-height":150,"wide":"https:\/\/www.lang-und-heyne.de\/dateien\/2023\/10\/LH_Kachel_Quali.jpg","wide-width":1000,"wide-height":640}},"sub":"","text":"Le dernier contr\u00f4le qualit\u00e9 avant la livraison est le point culminant de notre travail d'horloger. Tel un chef d'orchestre qui proc\u00e8de aux derniers ajustements avant le grand concert, nous v\u00e9rifions chaque composant avec une extr\u00eame pr\u00e9cision. Chaque aspect, des subtilit\u00e9s dimensionnelles \u00e0 l'\u00e9l\u00e9gance visuelle, est examin\u00e9 avec soin. Tout comme les notes de musique d'un orchestre r\u00e9sonnent en harmonie, nous nous assurons que chaque montre fonctionne parfaitement, en accord avec le plus haut niveau d'artisanat et de technologie.   ","link":"","target":"","zusatzbild":false,"bild2":false,"ausrichtung":false,"sub2":""},{"acf_fc_layout":"threeblocks","block":[{"header":"Le Chemin Vers la Montre","bild":{"ID":7600,"id":7600,"title":"LH_Kachel_WegZurUhr","filename":"LH_Kachel_WegZurUhr.jpg","filesize":273437,"url":"https:\/\/www.lang-und-heyne.de\/dateien\/2023\/08\/LH_Kachel_WegZurUhr.jpg","link":"https:\/\/www.lang-und-heyne.de\/fr\/artisanat\/idee\/lh_kachel_wegzuruhr-2\/","alt":"","author":"5","description":"","caption":"","name":"lh_kachel_wegzuruhr-2","status":"inherit","uploaded_to":7599,"date":"2023-08-24 12:35:10","modified":"2023-08-24 12:35:10","menu_order":0,"mime_type":"image\/jpeg","type":"image","subtype":"jpeg","icon":"https:\/\/www.lang-und-heyne.de\/wp-includes\/images\/media\/default.png","width":1000,"height":640,"sizes":{"thumbnail":"https:\/\/www.lang-und-heyne.de\/dateien\/2023\/08\/LH_Kachel_WegZurUhr-150x150.jpg","thumbnail-width":150,"thumbnail-height":150,"medium":"https:\/\/www.lang-und-heyne.de\/dateien\/2023\/08\/LH_Kachel_WegZurUhr-300x192.jpg","medium-width":300,"medium-height":192,"medium_large":"https:\/\/www.lang-und-heyne.de\/dateien\/2023\/08\/LH_Kachel_WegZurUhr-768x492.jpg","medium_large-width":768,"medium_large-height":492,"large":"https:\/\/www.lang-und-heyne.de\/dateien\/2023\/08\/LH_Kachel_WegZurUhr.jpg","large-width":1000,"large-height":640,"1536x1536":"https:\/\/www.lang-und-heyne.de\/dateien\/2023\/08\/LH_Kachel_WegZurUhr.jpg","1536x1536-width":1000,"1536x1536-height":640,"2048x2048":"https:\/\/www.lang-und-heyne.de\/dateien\/2023\/08\/LH_Kachel_WegZurUhr.jpg","2048x2048-width":1000,"2048x2048-height":640,"post-thumbnail":"https:\/\/www.lang-und-heyne.de\/dateien\/2023\/08\/LH_Kachel_WegZurUhr-150x150.jpg","post-thumbnail-width":150,"post-thumbnail-height":150,"wide":"https:\/\/www.lang-und-heyne.de\/dateien\/2023\/08\/LH_Kachel_WegZurUhr.jpg","wide-width":1000,"wide-height":640}},"link":"https:\/\/www.lang-und-heyne.de\/fr\/artisanat\/","beschriftung":"retour \u00e0 l'aper\u00e7u"},{"header":"Collection","bild":{"ID":7589,"id":7589,"title":"LH_Kachel-Kollektion","filename":"LH_Kachel-Kollektion.jpg","filesize":486103,"url":"https:\/\/www.lang-und-heyne.de\/dateien\/2024\/03\/LH_Kachel-Kollektion.jpg","link":"https:\/\/www.lang-und-heyne.de\/fr\/artisanat\/montage\/lh_kachel-kollektion-2\/","alt":"","author":"5","description":"","caption":"","name":"lh_kachel-kollektion-2","status":"inherit","uploaded_to":7583,"date":"2024-03-05 09:01:45","modified":"2024-03-05 09:01:45","menu_order":0,"mime_type":"image\/jpeg","type":"image","subtype":"jpeg","icon":"https:\/\/www.lang-und-heyne.de\/wp-includes\/images\/media\/default.png","width":1000,"height":640,"sizes":{"thumbnail":"https:\/\/www.lang-und-heyne.de\/dateien\/2024\/03\/LH_Kachel-Kollektion-150x150.jpg","thumbnail-width":150,"thumbnail-height":150,"medium":"https:\/\/www.lang-und-heyne.de\/dateien\/2024\/03\/LH_Kachel-Kollektion-300x192.jpg","medium-width":300,"medium-height":192,"medium_large":"https:\/\/www.lang-und-heyne.de\/dateien\/2024\/03\/LH_Kachel-Kollektion-768x492.jpg","medium_large-width":768,"medium_large-height":492,"large":"https:\/\/www.lang-und-heyne.de\/dateien\/2024\/03\/LH_Kachel-Kollektion.jpg","large-width":1000,"large-height":640,"1536x1536":"https:\/\/www.lang-und-heyne.de\/dateien\/2024\/03\/LH_Kachel-Kollektion.jpg","1536x1536-width":1000,"1536x1536-height":640,"2048x2048":"https:\/\/www.lang-und-heyne.de\/dateien\/2024\/03\/LH_Kachel-Kollektion.jpg","2048x2048-width":1000,"2048x2048-height":640,"post-thumbnail":"https:\/\/www.lang-und-heyne.de\/dateien\/2024\/03\/LH_Kachel-Kollektion-150x150.jpg","post-thumbnail-width":150,"post-thumbnail-height":150,"wide":"https:\/\/www.lang-und-heyne.de\/dateien\/2024\/03\/LH_Kachel-Kollektion.jpg","wide-width":1000,"wide-height":640}},"link":"https:\/\/www.lang-und-heyne.de\/fr\/collection\/","beschriftung":"Fabriqu\u00e9 en Saxe."}]}],"slide":[{"bild__video":false,"bild":false,"video":{"ID":7587,"id":7587,"title":"LH_Intro_Montage_1","filename":"LH_Intro_Montage_1.mp4","filesize":3447550,"url":"https:\/\/www.lang-und-heyne.de\/dateien\/2024\/02\/LH_Intro_Montage_1.mp4","link":"https:\/\/www.lang-und-heyne.de\/fr\/artisanat\/montage\/lh_intro_montage_1-2\/","alt":"","author":"5","description":"","caption":"","name":"lh_intro_montage_1-2","status":"inherit","uploaded_to":7583,"date":"2024-02-28 09:24:21","modified":"2024-02-28 09:24:21","menu_order":0,"mime_type":"video\/mp4","type":"video","subtype":"mp4","icon":"https:\/\/www.lang-und-heyne.de\/wp-includes\/images\/media\/video.png","width":1280,"height":720},"texte":{"text":"Le montage de la montre","subline":"Pr\u00e9cision et passion \u00e0 l'unisson"}}]},"wpml_current_locale":"fr_FR","wpml_translations":{"en_US":{"locale":"en_US","id":5463,"slug":"assembly","post_title":"Assembly","href":"https:\/\/www.lang-und-heyne.de\/en\/craftsmanship\/assembly\/"},"de_DE":{"locale":"de_DE","id":5153,"slug":"montage","post_title":"Montage","href":"https:\/\/www.lang-und-heyne.de\/handwerk\/montage\/"},"es_ES":{"locale":"es_ES","id":7591,"slug":"montaje","post_title":"Montaje","href":"https:\/\/www.lang-und-heyne.de\/es\/artesania\/montaje\/"},"ja":{"locale":"ja","id":5464,"slug":"assembly","post_title":"\u30a2\u30c3\u30bb\u30f3\u30d6\u30ea","href":"https:\/\/www.lang-und-heyne.de\/ja\/craftsmanship\/assembly\/"},"zh_CN":{"locale":"zh_CN","id":5465,"slug":"assembly","post_title":"\u7ec4\u88c5","href":"https:\/\/www.lang-und-heyne.de\/zh-hans\/craftsmanship\/assembly\/"}},"_links":{"self":[{"href":"https:\/\/www.lang-und-heyne.de\/fr\/wp-json\/wp\/v2\/pages\/7583","targetHints":{"allow":["GET"]}}],"collection":[{"href":"https:\/\/www.lang-und-heyne.de\/fr\/wp-json\/wp\/v2\/pages"}],"about":[{"href":"https:\/\/www.lang-und-heyne.de\/fr\/wp-json\/wp\/v2\/types\/page"}],"author":[{"embeddable":true,"href":"https:\/\/www.lang-und-heyne.de\/fr\/wp-json\/wp\/v2\/users\/5"}],"replies":[{"embeddable":true,"href":"https:\/\/www.lang-und-heyne.de\/fr\/wp-json\/wp\/v2\/comments?post=7583"}],"version-history":[{"count":0,"href":"https:\/\/www.lang-und-heyne.de\/fr\/wp-json\/wp\/v2\/pages\/7583\/revisions"}],"up":[{"embeddable":true,"href":"https:\/\/www.lang-und-heyne.de\/fr\/wp-json\/wp\/v2\/pages\/7315"}],"wp:attachment":[{"href":"https:\/\/www.lang-und-heyne.de\/fr\/wp-json\/wp\/v2\/media?parent=7583"}],"curies":[{"name":"wp","href":"https:\/\/api.w.org\/{rel}","templated":true}]}}