{"id":7599,"date":"2023-08-24T15:42:20","date_gmt":"2023-08-24T13:42:20","guid":{"rendered":"https:\/\/www.lang-und-heyne.de\/artisanat\/idee\/"},"modified":"2023-08-24T15:42:20","modified_gmt":"2023-08-24T13:42:20","slug":"idee","status":"publish","type":"page","link":"https:\/\/www.lang-und-heyne.de\/fr\/artisanat\/idee\/","title":{"rendered":"Id\u00e9e"},"content":{"rendered":"","protected":false},"excerpt":{"rendered":"","protected":false},"author":5,"featured_media":0,"parent":7315,"menu_order":25,"comment_status":"closed","ping_status":"closed","template":"","meta":{"_acf_changed":false,"footnotes":""},"class_list":["post-7599","page","type-page","status-publish","hentry"],"acf":{"start":[{"acf_fc_layout":"textbild","header":"Id\u00e9e ET Conception","anchor":true,"order":false,"bigtext":false,"bild":{"ID":7607,"id":7607,"title":"LH_Kachel_Idee","filename":"LH_Kachel_Idee.jpg","filesize":395593,"url":"https:\/\/www.lang-und-heyne.de\/dateien\/2024\/03\/LH_Kachel_Idee.jpg","link":"https:\/\/www.lang-und-heyne.de\/fr\/artisanat\/idee\/lh_kachel_idee-2\/","alt":"","author":"5","description":"","caption":"","name":"lh_kachel_idee-2","status":"inherit","uploaded_to":7599,"date":"2024-03-08 20:42:24","modified":"2024-03-08 20:42:24","menu_order":0,"mime_type":"image\/jpeg","type":"image","subtype":"jpeg","icon":"https:\/\/www.lang-und-heyne.de\/wp-includes\/images\/media\/default.png","width":1000,"height":640,"sizes":{"thumbnail":"https:\/\/www.lang-und-heyne.de\/dateien\/2024\/03\/LH_Kachel_Idee-150x150.jpg","thumbnail-width":150,"thumbnail-height":150,"medium":"https:\/\/www.lang-und-heyne.de\/dateien\/2024\/03\/LH_Kachel_Idee-300x192.jpg","medium-width":300,"medium-height":192,"medium_large":"https:\/\/www.lang-und-heyne.de\/dateien\/2024\/03\/LH_Kachel_Idee-768x492.jpg","medium_large-width":768,"medium_large-height":492,"large":"https:\/\/www.lang-und-heyne.de\/dateien\/2024\/03\/LH_Kachel_Idee.jpg","large-width":1000,"large-height":640,"1536x1536":"https:\/\/www.lang-und-heyne.de\/dateien\/2024\/03\/LH_Kachel_Idee.jpg","1536x1536-width":1000,"1536x1536-height":640,"2048x2048":"https:\/\/www.lang-und-heyne.de\/dateien\/2024\/03\/LH_Kachel_Idee.jpg","2048x2048-width":1000,"2048x2048-height":640,"post-thumbnail":"https:\/\/www.lang-und-heyne.de\/dateien\/2024\/03\/LH_Kachel_Idee-150x150.jpg","post-thumbnail-width":150,"post-thumbnail-height":150,"wide":"https:\/\/www.lang-und-heyne.de\/dateien\/2024\/03\/LH_Kachel_Idee.jpg","wide-width":1000,"wide-height":640}},"sub":"","text":"La cr\u00e9ation d'une montre ressemble \u00e0 la composition d'un orchestre. Comme les musiciens de diff\u00e9rents instruments, nous combinons tradition, innovation et fonctionnalit\u00e9 en une id\u00e9e cr\u00e9ative.  \u00c0 l'instar d'un chef d'orchestre qui cr\u00e9e une \u0153uvre harmonieuse \u00e0 partir de diff\u00e9rents timbres, nous associons des \u00e9l\u00e9ments \u00e9prouv\u00e9s \u00e0 des nouveaut\u00e9s. Comme des notes sur du papier, les esquisses techniques constituent la base \u00e0 partir de laquelle un chef-d'\u0153uvre est cr\u00e9\u00e9. La beaut\u00e9 et la fonction jouent ensemble en rythme pour cr\u00e9er un design \u00e0 la fois esth\u00e9tique et fonctionnel. Chaque dessin est comme une partition qui saisit chaque d\u00e9tail pour garantir une r\u00e9alisation parfaite.  ","link":"","target":"","zusatzbild":false,"bild2":false,"ausrichtung":false,"sub2":""},{"acf_fc_layout":"textbild","header":"Design","anchor":true,"order":true,"bigtext":false,"bild":{"ID":7603,"id":7603,"title":"LH_Kachel_Idee-Design","filename":"LH_Kachel_Idee-Design.jpg","filesize":334630,"url":"https:\/\/www.lang-und-heyne.de\/dateien\/2024\/01\/LH_Kachel_Idee-Design.jpg","link":"https:\/\/www.lang-und-heyne.de\/fr\/artisanat\/idee\/lh_kachel_idee-design-2\/","alt":"","author":"5","description":"","caption":"","name":"lh_kachel_idee-design-2","status":"inherit","uploaded_to":7599,"date":"2024-01-30 08:18:34","modified":"2024-01-30 08:18:34","menu_order":0,"mime_type":"image\/jpeg","type":"image","subtype":"jpeg","icon":"https:\/\/www.lang-und-heyne.de\/wp-includes\/images\/media\/default.png","width":1000,"height":640,"sizes":{"thumbnail":"https:\/\/www.lang-und-heyne.de\/dateien\/2024\/01\/LH_Kachel_Idee-Design-150x150.jpg","thumbnail-width":150,"thumbnail-height":150,"medium":"https:\/\/www.lang-und-heyne.de\/dateien\/2024\/01\/LH_Kachel_Idee-Design-300x192.jpg","medium-width":300,"medium-height":192,"medium_large":"https:\/\/www.lang-und-heyne.de\/dateien\/2024\/01\/LH_Kachel_Idee-Design-768x492.jpg","medium_large-width":768,"medium_large-height":492,"large":"https:\/\/www.lang-und-heyne.de\/dateien\/2024\/01\/LH_Kachel_Idee-Design.jpg","large-width":1000,"large-height":640,"1536x1536":"https:\/\/www.lang-und-heyne.de\/dateien\/2024\/01\/LH_Kachel_Idee-Design.jpg","1536x1536-width":1000,"1536x1536-height":640,"2048x2048":"https:\/\/www.lang-und-heyne.de\/dateien\/2024\/01\/LH_Kachel_Idee-Design.jpg","2048x2048-width":1000,"2048x2048-height":640,"post-thumbnail":"https:\/\/www.lang-und-heyne.de\/dateien\/2024\/01\/LH_Kachel_Idee-Design-150x150.jpg","post-thumbnail-width":150,"post-thumbnail-height":150,"wide":"https:\/\/www.lang-und-heyne.de\/dateien\/2024\/01\/LH_Kachel_Idee-Design.jpg","wide-width":1000,"wide-height":640}},"sub":"","text":"La symbiose du design et de la fonction fa\u00e7onne le caract\u00e8re de nos montres comme un orchestre harmonieux. Chaque composant conf\u00e8re \u00e0 la montre une beaut\u00e9 unique, tandis que les modifications du design sont soigneusement \u00e9valu\u00e9es afin d'obtenir l'harmonie id\u00e9ale entre forme et fonction. Une pi\u00e8ce aux dimensions optimales est convaincante sur le plan esth\u00e9tique et fonctionnel.  ","link":"","target":"","zusatzbild":false,"bild2":false,"ausrichtung":false,"sub2":""},{"acf_fc_layout":"textbild","header":"Dessin","anchor":true,"order":false,"bigtext":false,"bild":{"ID":7604,"id":7604,"title":"LH_Kachel_Idee-Zeichnung","filename":"LH_Kachel_Idee-Zeichnung.jpg","filesize":387179,"url":"https:\/\/www.lang-und-heyne.de\/dateien\/2024\/01\/LH_Kachel_Idee-Zeichnung.jpg","link":"https:\/\/www.lang-und-heyne.de\/fr\/artisanat\/idee\/lh_kachel_idee-zeichnung-2\/","alt":"","author":"5","description":"","caption":"","name":"lh_kachel_idee-zeichnung-2","status":"inherit","uploaded_to":7599,"date":"2024-01-30 08:56:35","modified":"2024-01-30 08:56:35","menu_order":0,"mime_type":"image\/jpeg","type":"image","subtype":"jpeg","icon":"https:\/\/www.lang-und-heyne.de\/wp-includes\/images\/media\/default.png","width":1000,"height":640,"sizes":{"thumbnail":"https:\/\/www.lang-und-heyne.de\/dateien\/2024\/01\/LH_Kachel_Idee-Zeichnung-150x150.jpg","thumbnail-width":150,"thumbnail-height":150,"medium":"https:\/\/www.lang-und-heyne.de\/dateien\/2024\/01\/LH_Kachel_Idee-Zeichnung-300x192.jpg","medium-width":300,"medium-height":192,"medium_large":"https:\/\/www.lang-und-heyne.de\/dateien\/2024\/01\/LH_Kachel_Idee-Zeichnung-768x492.jpg","medium_large-width":768,"medium_large-height":492,"large":"https:\/\/www.lang-und-heyne.de\/dateien\/2024\/01\/LH_Kachel_Idee-Zeichnung.jpg","large-width":1000,"large-height":640,"1536x1536":"https:\/\/www.lang-und-heyne.de\/dateien\/2024\/01\/LH_Kachel_Idee-Zeichnung.jpg","1536x1536-width":1000,"1536x1536-height":640,"2048x2048":"https:\/\/www.lang-und-heyne.de\/dateien\/2024\/01\/LH_Kachel_Idee-Zeichnung.jpg","2048x2048-width":1000,"2048x2048-height":640,"post-thumbnail":"https:\/\/www.lang-und-heyne.de\/dateien\/2024\/01\/LH_Kachel_Idee-Zeichnung-150x150.jpg","post-thumbnail-width":150,"post-thumbnail-height":150,"wide":"https:\/\/www.lang-und-heyne.de\/dateien\/2024\/01\/LH_Kachel_Idee-Zeichnung.jpg","wide-width":1000,"wide-height":640}},"sub":"","text":"Tout comme les notes d'une partition musicale enregistrent chaque \u00e9l\u00e9ment d'un morceau de musique, nos dessins capturent avec pr\u00e9cision chaque d\u00e9tail. \u00c0 l'instar d'un orchestre qui se synchronise parfaitement sous la direction d'un chef d'orchestre, nous garantissons l'harmonisation exacte de la forme et de la fonction. Chaque dessin est comme la cl\u00e9 de sol qui donne le rythme d'une horloge. Ils consignent chaque \u00e9cart et chaque dimension afin d'assurer l'harmonie lors de la r\u00e9alisation. Un ensemble complet de dessins constitue la base de la fabrication et de l'assemblage ult\u00e9rieurs.    ","link":"","target":"","zusatzbild":false,"bild2":false,"ausrichtung":false,"sub2":""},{"acf_fc_layout":"textbild","header":"Technologie","anchor":true,"order":true,"bigtext":false,"bild":{"ID":7605,"id":7605,"title":"LH_Kachel_Idee-Resultat","filename":"LH_Kachel_Idee-Resultat.jpg","filesize":398871,"url":"https:\/\/www.lang-und-heyne.de\/dateien\/2024\/01\/LH_Kachel_Idee-Resultat.jpg","link":"https:\/\/www.lang-und-heyne.de\/fr\/artisanat\/idee\/lh_kachel_idee-resultat-2\/","alt":"","author":"5","description":"","caption":"","name":"lh_kachel_idee-resultat-2","status":"inherit","uploaded_to":7599,"date":"2024-01-30 08:59:49","modified":"2024-01-30 08:59:49","menu_order":0,"mime_type":"image\/jpeg","type":"image","subtype":"jpeg","icon":"https:\/\/www.lang-und-heyne.de\/wp-includes\/images\/media\/default.png","width":1000,"height":640,"sizes":{"thumbnail":"https:\/\/www.lang-und-heyne.de\/dateien\/2024\/01\/LH_Kachel_Idee-Resultat-150x150.jpg","thumbnail-width":150,"thumbnail-height":150,"medium":"https:\/\/www.lang-und-heyne.de\/dateien\/2024\/01\/LH_Kachel_Idee-Resultat-300x192.jpg","medium-width":300,"medium-height":192,"medium_large":"https:\/\/www.lang-und-heyne.de\/dateien\/2024\/01\/LH_Kachel_Idee-Resultat-768x492.jpg","medium_large-width":768,"medium_large-height":492,"large":"https:\/\/www.lang-und-heyne.de\/dateien\/2024\/01\/LH_Kachel_Idee-Resultat.jpg","large-width":1000,"large-height":640,"1536x1536":"https:\/\/www.lang-und-heyne.de\/dateien\/2024\/01\/LH_Kachel_Idee-Resultat.jpg","1536x1536-width":1000,"1536x1536-height":640,"2048x2048":"https:\/\/www.lang-und-heyne.de\/dateien\/2024\/01\/LH_Kachel_Idee-Resultat.jpg","2048x2048-width":1000,"2048x2048-height":640,"post-thumbnail":"https:\/\/www.lang-und-heyne.de\/dateien\/2024\/01\/LH_Kachel_Idee-Resultat-150x150.jpg","post-thumbnail-width":150,"post-thumbnail-height":150,"wide":"https:\/\/www.lang-und-heyne.de\/dateien\/2024\/01\/LH_Kachel_Idee-Resultat.jpg","wide-width":1000,"wide-height":640}},"sub":"","text":"La r\u00e9alisation des dessins n\u00e9cessite des technologies \u00e9prouv\u00e9es et de nouvelles m\u00e9thodes de travail. Des outils et des dispositifs sp\u00e9cialis\u00e9s sont con\u00e7us et fabriqu\u00e9s, \u00e0 l'instar du chef d'orchestre qui coordonne la diversit\u00e9 des sons. Les proc\u00e9dures document\u00e9es constituent la partition de la qualit\u00e9 et de la coh\u00e9rence. Le perfectionnement peut n\u00e9cessiter plusieurs tentatives avant d'atteindre le r\u00e9sultat escompt\u00e9.   ","link":"","target":"","zusatzbild":false,"bild2":false,"ausrichtung":false,"sub2":""},{"acf_fc_layout":"threeblocks","block":[{"header":"Les Pi\u00e8ces Brutes","bild":{"ID":7606,"id":7606,"title":"LH_Kachel-CNC","filename":"LH_Kachel-CNC.jpg","filesize":371314,"url":"https:\/\/www.lang-und-heyne.de\/dateien\/2024\/03\/LH_Kachel-CNC.jpg","link":"https:\/\/www.lang-und-heyne.de\/fr\/artisanat\/idee\/lh_kachel-cnc-2\/","alt":"","author":"5","description":"","caption":"","name":"lh_kachel-cnc-2","status":"inherit","uploaded_to":7599,"date":"2024-03-05 09:08:29","modified":"2024-03-05 09:08:29","menu_order":0,"mime_type":"image\/jpeg","type":"image","subtype":"jpeg","icon":"https:\/\/www.lang-und-heyne.de\/wp-includes\/images\/media\/default.png","width":1000,"height":640,"sizes":{"thumbnail":"https:\/\/www.lang-und-heyne.de\/dateien\/2024\/03\/LH_Kachel-CNC-150x150.jpg","thumbnail-width":150,"thumbnail-height":150,"medium":"https:\/\/www.lang-und-heyne.de\/dateien\/2024\/03\/LH_Kachel-CNC-300x192.jpg","medium-width":300,"medium-height":192,"medium_large":"https:\/\/www.lang-und-heyne.de\/dateien\/2024\/03\/LH_Kachel-CNC-768x492.jpg","medium_large-width":768,"medium_large-height":492,"large":"https:\/\/www.lang-und-heyne.de\/dateien\/2024\/03\/LH_Kachel-CNC.jpg","large-width":1000,"large-height":640,"1536x1536":"https:\/\/www.lang-und-heyne.de\/dateien\/2024\/03\/LH_Kachel-CNC.jpg","1536x1536-width":1000,"1536x1536-height":640,"2048x2048":"https:\/\/www.lang-und-heyne.de\/dateien\/2024\/03\/LH_Kachel-CNC.jpg","2048x2048-width":1000,"2048x2048-height":640,"post-thumbnail":"https:\/\/www.lang-und-heyne.de\/dateien\/2024\/03\/LH_Kachel-CNC-150x150.jpg","post-thumbnail-width":150,"post-thumbnail-height":150,"wide":"https:\/\/www.lang-und-heyne.de\/dateien\/2024\/03\/LH_Kachel-CNC.jpg","wide-width":1000,"wide-height":640}},"link":"https:\/\/www.lang-und-heyne.de\/fr\/artisanat\/technique-cnc\/","beschriftung":"passer \u00e0 la fabrication des pi\u00e8ces brutes"},{"header":"Le Chemin Vers la Montre","bild":{"ID":7600,"id":7600,"title":"LH_Kachel_WegZurUhr","filename":"LH_Kachel_WegZurUhr.jpg","filesize":273437,"url":"https:\/\/www.lang-und-heyne.de\/dateien\/2023\/08\/LH_Kachel_WegZurUhr.jpg","link":"https:\/\/www.lang-und-heyne.de\/fr\/artisanat\/idee\/lh_kachel_wegzuruhr-2\/","alt":"","author":"5","description":"","caption":"","name":"lh_kachel_wegzuruhr-2","status":"inherit","uploaded_to":7599,"date":"2023-08-24 12:35:10","modified":"2023-08-24 12:35:10","menu_order":0,"mime_type":"image\/jpeg","type":"image","subtype":"jpeg","icon":"https:\/\/www.lang-und-heyne.de\/wp-includes\/images\/media\/default.png","width":1000,"height":640,"sizes":{"thumbnail":"https:\/\/www.lang-und-heyne.de\/dateien\/2023\/08\/LH_Kachel_WegZurUhr-150x150.jpg","thumbnail-width":150,"thumbnail-height":150,"medium":"https:\/\/www.lang-und-heyne.de\/dateien\/2023\/08\/LH_Kachel_WegZurUhr-300x192.jpg","medium-width":300,"medium-height":192,"medium_large":"https:\/\/www.lang-und-heyne.de\/dateien\/2023\/08\/LH_Kachel_WegZurUhr-768x492.jpg","medium_large-width":768,"medium_large-height":492,"large":"https:\/\/www.lang-und-heyne.de\/dateien\/2023\/08\/LH_Kachel_WegZurUhr.jpg","large-width":1000,"large-height":640,"1536x1536":"https:\/\/www.lang-und-heyne.de\/dateien\/2023\/08\/LH_Kachel_WegZurUhr.jpg","1536x1536-width":1000,"1536x1536-height":640,"2048x2048":"https:\/\/www.lang-und-heyne.de\/dateien\/2023\/08\/LH_Kachel_WegZurUhr.jpg","2048x2048-width":1000,"2048x2048-height":640,"post-thumbnail":"https:\/\/www.lang-und-heyne.de\/dateien\/2023\/08\/LH_Kachel_WegZurUhr-150x150.jpg","post-thumbnail-width":150,"post-thumbnail-height":150,"wide":"https:\/\/www.lang-und-heyne.de\/dateien\/2023\/08\/LH_Kachel_WegZurUhr.jpg","wide-width":1000,"wide-height":640}},"link":"https:\/\/www.lang-und-heyne.de\/fr\/artisanat\/","beschriftung":"retour \u00e0 l'aper\u00e7u"},{"header":"Une Finition Magistrale","bild":{"ID":7344,"id":7344,"title":"LH_Kachel_Detail_Finish-Kloben","filename":"LH_Kachel_Detail_Finish-Kloben.jpg","filesize":297469,"url":"https:\/\/www.lang-und-heyne.de\/dateien\/2023\/10\/LH_Kachel_Detail_Finish-Kloben.jpg","link":"https:\/\/www.lang-und-heyne.de\/fr\/artisanat\/lh_kachel_detail_finish-kloben-2\/","alt":"","author":"5","description":"","caption":"","name":"lh_kachel_detail_finish-kloben-2","status":"inherit","uploaded_to":7315,"date":"2023-10-20 07:03:49","modified":"2023-10-20 07:03:49","menu_order":0,"mime_type":"image\/jpeg","type":"image","subtype":"jpeg","icon":"https:\/\/www.lang-und-heyne.de\/wp-includes\/images\/media\/default.png","width":1000,"height":640,"sizes":{"thumbnail":"https:\/\/www.lang-und-heyne.de\/dateien\/2023\/10\/LH_Kachel_Detail_Finish-Kloben-150x150.jpg","thumbnail-width":150,"thumbnail-height":150,"medium":"https:\/\/www.lang-und-heyne.de\/dateien\/2023\/10\/LH_Kachel_Detail_Finish-Kloben-300x192.jpg","medium-width":300,"medium-height":192,"medium_large":"https:\/\/www.lang-und-heyne.de\/dateien\/2023\/10\/LH_Kachel_Detail_Finish-Kloben-768x492.jpg","medium_large-width":768,"medium_large-height":492,"large":"https:\/\/www.lang-und-heyne.de\/dateien\/2023\/10\/LH_Kachel_Detail_Finish-Kloben.jpg","large-width":1000,"large-height":640,"1536x1536":"https:\/\/www.lang-und-heyne.de\/dateien\/2023\/10\/LH_Kachel_Detail_Finish-Kloben.jpg","1536x1536-width":1000,"1536x1536-height":640,"2048x2048":"https:\/\/www.lang-und-heyne.de\/dateien\/2023\/10\/LH_Kachel_Detail_Finish-Kloben.jpg","2048x2048-width":1000,"2048x2048-height":640,"post-thumbnail":"https:\/\/www.lang-und-heyne.de\/dateien\/2023\/10\/LH_Kachel_Detail_Finish-Kloben-150x150.jpg","post-thumbnail-width":150,"post-thumbnail-height":150,"wide":"https:\/\/www.lang-und-heyne.de\/dateien\/2023\/10\/LH_Kachel_Detail_Finish-Kloben.jpg","wide-width":1000,"wide-height":640}},"link":"https:\/\/www.lang-und-heyne.de\/fr\/artisanat\/une-finition-magistrale\/","beschriftung":"D\u00e9couvrez d'autres m\u00e9thodes de reconditionnement esth\u00e9tique et fonctionnel des composants."}]}],"slide":[{"bild__video":true,"bild":{"ID":7337,"id":7337,"title":"LH_Header_Idee","filename":"LH_Header_Idee.jpg","filesize":330953,"url":"https:\/\/www.lang-und-heyne.de\/dateien\/2023\/08\/LH_Header_Idee.jpg","link":"https:\/\/www.lang-und-heyne.de\/fr\/artisanat\/lh_header_idee-2\/","alt":"","author":"5","description":"","caption":"","name":"lh_header_idee-2","status":"inherit","uploaded_to":7315,"date":"2023-08-23 12:27:18","modified":"2023-08-23 12:27:18","menu_order":0,"mime_type":"image\/jpeg","type":"image","subtype":"jpeg","icon":"https:\/\/www.lang-und-heyne.de\/wp-includes\/images\/media\/default.png","width":1920,"height":1080,"sizes":{"thumbnail":"https:\/\/www.lang-und-heyne.de\/dateien\/2023\/08\/LH_Header_Idee-150x150.jpg","thumbnail-width":150,"thumbnail-height":150,"medium":"https:\/\/www.lang-und-heyne.de\/dateien\/2023\/08\/LH_Header_Idee-300x169.jpg","medium-width":300,"medium-height":169,"medium_large":"https:\/\/www.lang-und-heyne.de\/dateien\/2023\/08\/LH_Header_Idee-768x432.jpg","medium_large-width":768,"medium_large-height":432,"large":"https:\/\/www.lang-und-heyne.de\/dateien\/2023\/08\/LH_Header_Idee-1024x576.jpg","large-width":1024,"large-height":576,"1536x1536":"https:\/\/www.lang-und-heyne.de\/dateien\/2023\/08\/LH_Header_Idee-1536x864.jpg","1536x1536-width":1536,"1536x1536-height":864,"2048x2048":"https:\/\/www.lang-und-heyne.de\/dateien\/2023\/08\/LH_Header_Idee.jpg","2048x2048-width":1920,"2048x2048-height":1080,"post-thumbnail":"https:\/\/www.lang-und-heyne.de\/dateien\/2023\/08\/LH_Header_Idee-150x150.jpg","post-thumbnail-width":150,"post-thumbnail-height":150,"wide":"https:\/\/www.lang-und-heyne.de\/dateien\/2023\/08\/LH_Header_Idee-1400x788.jpg","wide-width":1400,"wide-height":788}},"video":false,"texte":{"text":"De l'id\u00e9e \u00e0 la perfection","subline":"Comment le design, le dessin et la technologie cr\u00e9ent une symbiose intemporelle"}}]},"wpml_current_locale":"fr_FR","wpml_translations":{"en_US":{"locale":"en_US","id":5345,"slug":"idea","post_title":"Idea","href":"https:\/\/www.lang-und-heyne.de\/en\/craftsmanship\/idea\/"},"de_DE":{"locale":"de_DE","id":5120,"slug":"idee","post_title":"Idee","href":"https:\/\/www.lang-und-heyne.de\/handwerk\/idee\/"},"es_ES":{"locale":"es_ES","id":7608,"slug":"idea","post_title":"Idea","href":"https:\/\/www.lang-und-heyne.de\/es\/artesania\/idea\/"},"ja":{"locale":"ja","id":5347,"slug":"idea","post_title":"\u30a2\u30a4\u30c7\u30a2","href":"https:\/\/www.lang-und-heyne.de\/ja\/craftsmanship\/idea\/"},"zh_CN":{"locale":"zh_CN","id":5346,"slug":"idea","post_title":"\u60f3\u6cd5","href":"https:\/\/www.lang-und-heyne.de\/zh-hans\/craftsmanship\/idea\/"}},"_links":{"self":[{"href":"https:\/\/www.lang-und-heyne.de\/fr\/wp-json\/wp\/v2\/pages\/7599","targetHints":{"allow":["GET"]}}],"collection":[{"href":"https:\/\/www.lang-und-heyne.de\/fr\/wp-json\/wp\/v2\/pages"}],"about":[{"href":"https:\/\/www.lang-und-heyne.de\/fr\/wp-json\/wp\/v2\/types\/page"}],"author":[{"embeddable":true,"href":"https:\/\/www.lang-und-heyne.de\/fr\/wp-json\/wp\/v2\/users\/5"}],"replies":[{"embeddable":true,"href":"https:\/\/www.lang-und-heyne.de\/fr\/wp-json\/wp\/v2\/comments?post=7599"}],"version-history":[{"count":0,"href":"https:\/\/www.lang-und-heyne.de\/fr\/wp-json\/wp\/v2\/pages\/7599\/revisions"}],"up":[{"embeddable":true,"href":"https:\/\/www.lang-und-heyne.de\/fr\/wp-json\/wp\/v2\/pages\/7315"}],"wp:attachment":[{"href":"https:\/\/www.lang-und-heyne.de\/fr\/wp-json\/wp\/v2\/media?parent=7599"}],"curies":[{"name":"wp","href":"https:\/\/api.w.org\/{rel}","templated":true}]}}