{"id":7788,"date":"2023-01-12T14:04:34","date_gmt":"2023-01-12T13:04:34","guid":{"rendered":"https:\/\/www.lang-und-heyne.de\/manufacture\/"},"modified":"2023-01-12T14:04:34","modified_gmt":"2023-01-12T13:04:34","slug":"manufacture","status":"publish","type":"page","link":"https:\/\/www.lang-und-heyne.de\/fr\/manufacture\/","title":{"rendered":"Manufacture"},"content":{"rendered":"","protected":false},"excerpt":{"rendered":"","protected":false},"author":1,"featured_media":0,"parent":0,"menu_order":144,"comment_status":"closed","ping_status":"closed","template":"","meta":{"_acf_changed":false,"footnotes":""},"class_list":["post-7788","page","type-page","status-publish","hentry"],"acf":{"start":[{"acf_fc_layout":"textbild","header":"Portrait de L\u2019Entreprise","anchor":true,"order":false,"bigtext":false,"bild":{"ID":4548,"id":4548,"title":"LH_Manufaktur_Anbau","filename":"LH_Manufaktur_Anbau.jpg","filesize":308860,"url":"https:\/\/www.lang-und-heyne.de\/dateien\/2023\/07\/LH_Manufaktur_Anbau.jpg","link":"https:\/\/www.lang-und-heyne.de\/fr\/karriere\/lh_manufaktur_anbau\/","alt":"","author":"2","description":"","caption":"","name":"lh_manufaktur_anbau","status":"inherit","uploaded_to":2573,"date":"2023-07-10 08:59:21","modified":"2023-08-30 08:10:48","menu_order":0,"mime_type":"image\/jpeg","type":"image","subtype":"jpeg","icon":"https:\/\/www.lang-und-heyne.de\/wp-includes\/images\/media\/default.png","width":1000,"height":640,"sizes":{"thumbnail":"https:\/\/www.lang-und-heyne.de\/dateien\/2023\/07\/LH_Manufaktur_Anbau-150x150.jpg","thumbnail-width":150,"thumbnail-height":150,"medium":"https:\/\/www.lang-und-heyne.de\/dateien\/2023\/07\/LH_Manufaktur_Anbau-300x192.jpg","medium-width":300,"medium-height":192,"medium_large":"https:\/\/www.lang-und-heyne.de\/dateien\/2023\/07\/LH_Manufaktur_Anbau-768x492.jpg","medium_large-width":768,"medium_large-height":492,"large":"https:\/\/www.lang-und-heyne.de\/dateien\/2023\/07\/LH_Manufaktur_Anbau.jpg","large-width":1000,"large-height":640,"1536x1536":"https:\/\/www.lang-und-heyne.de\/dateien\/2023\/07\/LH_Manufaktur_Anbau.jpg","1536x1536-width":1000,"1536x1536-height":640,"2048x2048":"https:\/\/www.lang-und-heyne.de\/dateien\/2023\/07\/LH_Manufaktur_Anbau.jpg","2048x2048-width":1000,"2048x2048-height":640,"post-thumbnail":"https:\/\/www.lang-und-heyne.de\/dateien\/2023\/07\/LH_Manufaktur_Anbau-150x150.jpg","post-thumbnail-width":150,"post-thumbnail-height":150,"wide":"https:\/\/www.lang-und-heyne.de\/dateien\/2023\/07\/LH_Manufaktur_Anbau.jpg","wide-width":1000,"wide-height":640}},"sub":"","text":"Depuis 2001, nous fabriquons \u00e0 Dresde des garde-temps personnels et uniques. Notre collection se caract\u00e9rise par des cadrans clairs et une grande lisibilit\u00e9. Chaque mouvement est fabriqu\u00e9 dans notre manufacture par des horlogers exp\u00e9riment\u00e9s. Nos coll\u00e8gues mettent tout leur c\u0153ur dans chaque d\u00e9tail pour cr\u00e9er une beaut\u00e9 intemporelle.   <br \/>\n<br \/>\nNos montres ne sont pas seulement des garde-temps, mais aussi des souvenirs. En nous rendant visite, vous ferez la connaissance de notre \u00e9quipe et pourrez partager son travail. Avec une montre \"Lang & Heyne\", vous n'emportez pas seulement un morceau d'artisanat chez vous, mais aussi la joie et l'enthousiasme qui se cachent dans chaque cr\u00e9ation.  <br \/>\n<br \/>\nTout comme lors d'un concert inoubliable o\u00f9 vous \u00eates au plus pr\u00e8s du virtuose, vous d\u00e9couvrez sans cesse dans nos montres de nouveaux d\u00e9tails fascinants qui les rendent tr\u00e8s sp\u00e9ciales. Nos garde-temps sont synonymes d'authenticit\u00e9 et d'alliance de l'esth\u00e9tique et de la fonction. ","link":"","target":"","zusatzbild":false,"bild2":false,"ausrichtung":false,"sub2":""},{"acf_fc_layout":"textbild","header":"\u00c9quipe","anchor":true,"order":true,"bigtext":false,"bild":{"ID":4569,"id":4569,"title":"LH_Team","filename":"LH_Team.jpg","filesize":732433,"url":"https:\/\/www.lang-und-heyne.de\/dateien\/2023\/07\/LH_Team.jpg","link":"https:\/\/www.lang-und-heyne.de\/fr\/karriere\/lh_team\/","alt":"","author":"2","description":"","caption":"","name":"lh_team","status":"inherit","uploaded_to":2573,"date":"2023-07-10 10:23:45","modified":"2023-08-30 08:13:47","menu_order":0,"mime_type":"image\/jpeg","type":"image","subtype":"jpeg","icon":"https:\/\/www.lang-und-heyne.de\/wp-includes\/images\/media\/default.png","width":1000,"height":640,"sizes":{"thumbnail":"https:\/\/www.lang-und-heyne.de\/dateien\/2023\/07\/LH_Team-150x150.jpg","thumbnail-width":150,"thumbnail-height":150,"medium":"https:\/\/www.lang-und-heyne.de\/dateien\/2023\/07\/LH_Team-300x192.jpg","medium-width":300,"medium-height":192,"medium_large":"https:\/\/www.lang-und-heyne.de\/dateien\/2023\/07\/LH_Team-768x492.jpg","medium_large-width":768,"medium_large-height":492,"large":"https:\/\/www.lang-und-heyne.de\/dateien\/2023\/07\/LH_Team.jpg","large-width":1000,"large-height":640,"1536x1536":"https:\/\/www.lang-und-heyne.de\/dateien\/2023\/07\/LH_Team.jpg","1536x1536-width":1000,"1536x1536-height":640,"2048x2048":"https:\/\/www.lang-und-heyne.de\/dateien\/2023\/07\/LH_Team.jpg","2048x2048-width":1000,"2048x2048-height":640,"post-thumbnail":"https:\/\/www.lang-und-heyne.de\/dateien\/2023\/07\/LH_Team-150x150.jpg","post-thumbnail-width":150,"post-thumbnail-height":150,"wide":"https:\/\/www.lang-und-heyne.de\/dateien\/2023\/07\/LH_Team.jpg","wide-width":1000,"wide-height":640}},"sub":"","text":"Dans notre manufacture, nous sommes tous des artistes dans notre domaine, et le v\u00e9ritable art na\u00eet de l'union parfaite de nos comp\u00e9tences et de nos visions individuelles. Chaque d\u00e9tail est con\u00e7u avec soin, ce qui permet \u00e0 nos montres de porter l'empreinte de notre passion commune.   <br \/>\n<br \/>\nNous accueillons chaleureusement les nouveaux talents et aimons nous laisser inspirer par des impulsions fra\u00eeches, tout en leur transmettant notre longue exp\u00e9rience. Il en r\u00e9sulte une dynamique unique qui inspire et conduit \u00e0 des cr\u00e9ations exceptionnelles. Dans ce contexte, il est particuli\u00e8rement important pour nous que nos valeurs et notre philosophie restent toujours vivantes et guident notre processus de cr\u00e9ation.  ","link":"Offres d'emploi chez Lang & Heyne","target":"https:\/\/www.lang-und-heyne.de\/karriere\/","zusatzbild":false,"bild2":false,"ausrichtung":false,"sub2":""},{"acf_fc_layout":"testimonial","bild_links":{"ID":7800,"id":7800,"title":"LH_Manufaktur_Werkzeuge","filename":"LH_Manufaktur_Werkzeuge.jpg","filesize":196411,"url":"https:\/\/www.lang-und-heyne.de\/dateien\/2023\/04\/LH_Manufaktur_Werkzeuge.jpg","link":"https:\/\/www.lang-und-heyne.de\/fr\/manufacture\/lh_manufaktur_werkzeuge-2\/","alt":"","author":"2","description":"","caption":"","name":"lh_manufaktur_werkzeuge-2","status":"inherit","uploaded_to":7788,"date":"2023-04-21 12:03:59","modified":"2023-04-21 12:03:59","menu_order":0,"mime_type":"image\/jpeg","type":"image","subtype":"jpeg","icon":"https:\/\/www.lang-und-heyne.de\/wp-includes\/images\/media\/default.png","width":860,"height":1000,"sizes":{"thumbnail":"https:\/\/www.lang-und-heyne.de\/dateien\/2023\/04\/LH_Manufaktur_Werkzeuge-150x150.jpg","thumbnail-width":150,"thumbnail-height":150,"medium":"https:\/\/www.lang-und-heyne.de\/dateien\/2023\/04\/LH_Manufaktur_Werkzeuge-258x300.jpg","medium-width":258,"medium-height":300,"medium_large":"https:\/\/www.lang-und-heyne.de\/dateien\/2023\/04\/LH_Manufaktur_Werkzeuge-768x893.jpg","medium_large-width":768,"medium_large-height":893,"large":"https:\/\/www.lang-und-heyne.de\/dateien\/2023\/04\/LH_Manufaktur_Werkzeuge.jpg","large-width":860,"large-height":1000,"1536x1536":"https:\/\/www.lang-und-heyne.de\/dateien\/2023\/04\/LH_Manufaktur_Werkzeuge.jpg","1536x1536-width":860,"1536x1536-height":1000,"2048x2048":"https:\/\/www.lang-und-heyne.de\/dateien\/2023\/04\/LH_Manufaktur_Werkzeuge.jpg","2048x2048-width":860,"2048x2048-height":1000,"post-thumbnail":"https:\/\/www.lang-und-heyne.de\/dateien\/2023\/04\/LH_Manufaktur_Werkzeuge-150x150.jpg","post-thumbnail-width":150,"post-thumbnail-height":150,"wide":"https:\/\/www.lang-und-heyne.de\/dateien\/2023\/04\/LH_Manufaktur_Werkzeuge.jpg","wide-width":860,"wide-height":1000}},"zitat":"Notre taux d'int\u00e9gration verticale <br \/>\ndans<br \/>\nMouvement est largement sup\u00e9rieur \u00e0 90%<br \/>\n.","autor":"","seitenverkehrt":false,"smalltext":false,"bild_oder_animiertes_gif":false,"bild_rechts":{"ID":7801,"id":7801,"title":"LH_Manufaktur_Fertigung","filename":"LH_Manufaktur_Fertigung.jpg","filesize":141270,"url":"https:\/\/www.lang-und-heyne.de\/dateien\/2023\/04\/LH_Manufaktur_Fertigung.jpg","link":"https:\/\/www.lang-und-heyne.de\/fr\/manufacture\/lh_manufaktur_fertigung-2\/","alt":"","author":"2","description":"","caption":"","name":"lh_manufaktur_fertigung-2","status":"inherit","uploaded_to":7788,"date":"2023-04-21 12:14:22","modified":"2023-04-21 12:14:22","menu_order":0,"mime_type":"image\/jpeg","type":"image","subtype":"jpeg","icon":"https:\/\/www.lang-und-heyne.de\/wp-includes\/images\/media\/default.png","width":1000,"height":705,"sizes":{"thumbnail":"https:\/\/www.lang-und-heyne.de\/dateien\/2023\/04\/LH_Manufaktur_Fertigung-150x150.jpg","thumbnail-width":150,"thumbnail-height":150,"medium":"https:\/\/www.lang-und-heyne.de\/dateien\/2023\/04\/LH_Manufaktur_Fertigung-300x212.jpg","medium-width":300,"medium-height":212,"medium_large":"https:\/\/www.lang-und-heyne.de\/dateien\/2023\/04\/LH_Manufaktur_Fertigung-768x541.jpg","medium_large-width":768,"medium_large-height":541,"large":"https:\/\/www.lang-und-heyne.de\/dateien\/2023\/04\/LH_Manufaktur_Fertigung.jpg","large-width":1000,"large-height":705,"1536x1536":"https:\/\/www.lang-und-heyne.de\/dateien\/2023\/04\/LH_Manufaktur_Fertigung.jpg","1536x1536-width":1000,"1536x1536-height":705,"2048x2048":"https:\/\/www.lang-und-heyne.de\/dateien\/2023\/04\/LH_Manufaktur_Fertigung.jpg","2048x2048-width":1000,"2048x2048-height":705,"post-thumbnail":"https:\/\/www.lang-und-heyne.de\/dateien\/2023\/04\/LH_Manufaktur_Fertigung-150x150.jpg","post-thumbnail-width":150,"post-thumbnail-height":150,"wide":"https:\/\/www.lang-und-heyne.de\/dateien\/2023\/04\/LH_Manufaktur_Fertigung.jpg","wide-width":1000,"wide-height":705}},"bild_rechts_gif":{"ID":7806,"id":7806,"title":"LH_Kachel_Vormontage_Fertigungstiefe90","filename":"LH_Kachel_Vormontage_Fertigungstiefe90.mp4","filesize":1200966,"url":"https:\/\/www.lang-und-heyne.de\/dateien\/2024\/03\/LH_Kachel_Vormontage_Fertigungstiefe90.mp4","link":"https:\/\/www.lang-und-heyne.de\/fr\/manufacture\/lh_kachel_vormontage_fertigungstiefe90-2\/","alt":"","author":"5","description":"","caption":"","name":"lh_kachel_vormontage_fertigungstiefe90-2","status":"inherit","uploaded_to":7788,"date":"2024-03-08 21:02:00","modified":"2024-03-08 21:02:00","menu_order":0,"mime_type":"video\/mp4","type":"video","subtype":"mp4","icon":"https:\/\/www.lang-und-heyne.de\/wp-includes\/images\/media\/video.png","width":850,"height":600},"extrabild":false,"detail":false,"additionalinfo":false,"zusatzinfo":{"text":"","link":null,"linktext":""}},{"acf_fc_layout":"textbild","header":"Le Chemin Vers la Montre","anchor":true,"order":false,"bigtext":false,"bild":{"ID":7342,"id":7342,"title":"LH_Header_WegZurUhr","filename":"LH_Header_WegZurUhr.jpg","filesize":842013,"url":"https:\/\/www.lang-und-heyne.de\/dateien\/2023\/08\/LH_Header_WegZurUhr.jpg","link":"https:\/\/www.lang-und-heyne.de\/fr\/artisanat\/lh_header_wegzuruhr-2\/","alt":"","author":"5","description":"","caption":"","name":"lh_header_wegzuruhr-2","status":"inherit","uploaded_to":7315,"date":"2023-08-25 09:25:32","modified":"2023-08-25 09:25:32","menu_order":0,"mime_type":"image\/jpeg","type":"image","subtype":"jpeg","icon":"https:\/\/www.lang-und-heyne.de\/wp-includes\/images\/media\/default.png","width":1920,"height":1080,"sizes":{"thumbnail":"https:\/\/www.lang-und-heyne.de\/dateien\/2023\/08\/LH_Header_WegZurUhr-150x150.jpg","thumbnail-width":150,"thumbnail-height":150,"medium":"https:\/\/www.lang-und-heyne.de\/dateien\/2023\/08\/LH_Header_WegZurUhr-300x169.jpg","medium-width":300,"medium-height":169,"medium_large":"https:\/\/www.lang-und-heyne.de\/dateien\/2023\/08\/LH_Header_WegZurUhr-768x432.jpg","medium_large-width":768,"medium_large-height":432,"large":"https:\/\/www.lang-und-heyne.de\/dateien\/2023\/08\/LH_Header_WegZurUhr-1024x576.jpg","large-width":1024,"large-height":576,"1536x1536":"https:\/\/www.lang-und-heyne.de\/dateien\/2023\/08\/LH_Header_WegZurUhr-1536x864.jpg","1536x1536-width":1536,"1536x1536-height":864,"2048x2048":"https:\/\/www.lang-und-heyne.de\/dateien\/2023\/08\/LH_Header_WegZurUhr.jpg","2048x2048-width":1920,"2048x2048-height":1080,"post-thumbnail":"https:\/\/www.lang-und-heyne.de\/dateien\/2023\/08\/LH_Header_WegZurUhr-150x150.jpg","post-thumbnail-width":150,"post-thumbnail-height":150,"wide":"https:\/\/www.lang-und-heyne.de\/dateien\/2023\/08\/LH_Header_WegZurUhr-1400x788.jpg","wide-width":1400,"wide-height":788}},"sub":"","text":"Pour nous, une montre est plus qu'une simple technique - elle vit gr\u00e2ce \u00e0 sa conception artistique. Mais la v\u00e9ritable \u00e9motion na\u00eet de l'interaction harmonieuse entre l'esth\u00e9tique et la clart\u00e9. Cet \u00e9quilibre nous accompagne de la premi\u00e8re esquisse jusqu'\u00e0 l\u2019aboutissement de la montre. Nous commen\u00e7ons par la question fondamentale : pour qui concevons-nous cette montre et quels sont les affichages utiles ? La fabrication commence sur des machines pr\u00e9cises. Les finitions sont ensuite r\u00e9alis\u00e9es \u00e0 la main pour donner vie aux formes techniques. La brillance est obtenue par des lignes claires et une d\u00e9limitation nette des diff\u00e9rentes finitions. L'utilisation habile de diff\u00e9rentes couleurs de m\u00e9tal et l'accentuation des contours par les anglages cr\u00e9ent une structure clairement reconnaissable dans l'image globale du mouvement.     L'objectif est de cr\u00e9er un garde-temps d'une beaut\u00e9 intemporelle et adapt\u00e9 \u00e0 la vie quotidienne.","link":"Cr\u00e9ativit\u00e9 et artisanat","target":"https:\/\/www.lang-und-heyne.de\/fr\/artisanat\/","zusatzbild":false,"bild2":false,"ausrichtung":false,"sub2":""},{"acf_fc_layout":"breitbild_-video","bild_oder_video":true,"bild":{"ID":7799,"id":7799,"title":"LH_Manufaktur_Unterbrecher","filename":"LH_Manufaktur_Unterbrecher.jpg","filesize":974101,"url":"https:\/\/www.lang-und-heyne.de\/dateien\/2023\/04\/LH_Manufaktur_Unterbrecher.jpg","link":"https:\/\/www.lang-und-heyne.de\/fr\/manufacture\/lh_manufaktur_unterbrecher-2\/","alt":"","author":"2","description":"","caption":"","name":"lh_manufaktur_unterbrecher-2","status":"inherit","uploaded_to":7788,"date":"2023-04-21 11:38:37","modified":"2023-04-21 11:38:37","menu_order":0,"mime_type":"image\/jpeg","type":"image","subtype":"jpeg","icon":"https:\/\/www.lang-und-heyne.de\/wp-includes\/images\/media\/default.png","width":1920,"height":736,"sizes":{"thumbnail":"https:\/\/www.lang-und-heyne.de\/dateien\/2023\/04\/LH_Manufaktur_Unterbrecher-150x150.jpg","thumbnail-width":150,"thumbnail-height":150,"medium":"https:\/\/www.lang-und-heyne.de\/dateien\/2023\/04\/LH_Manufaktur_Unterbrecher-300x115.jpg","medium-width":300,"medium-height":115,"medium_large":"https:\/\/www.lang-und-heyne.de\/dateien\/2023\/04\/LH_Manufaktur_Unterbrecher-768x294.jpg","medium_large-width":768,"medium_large-height":294,"large":"https:\/\/www.lang-und-heyne.de\/dateien\/2023\/04\/LH_Manufaktur_Unterbrecher-1024x393.jpg","large-width":1024,"large-height":393,"1536x1536":"https:\/\/www.lang-und-heyne.de\/dateien\/2023\/04\/LH_Manufaktur_Unterbrecher-1536x589.jpg","1536x1536-width":1536,"1536x1536-height":589,"2048x2048":"https:\/\/www.lang-und-heyne.de\/dateien\/2023\/04\/LH_Manufaktur_Unterbrecher.jpg","2048x2048-width":1920,"2048x2048-height":736,"post-thumbnail":"https:\/\/www.lang-und-heyne.de\/dateien\/2023\/04\/LH_Manufaktur_Unterbrecher-150x150.jpg","post-thumbnail-width":150,"post-thumbnail-height":150,"wide":"https:\/\/www.lang-und-heyne.de\/dateien\/2023\/04\/LH_Manufaktur_Unterbrecher-1400x537.jpg","wide-width":1400,"wide-height":537}},"video":false},{"acf_fc_layout":"textbild","header":"Championnat","anchor":false,"order":true,"bigtext":false,"bild":{"ID":7809,"id":7809,"title":"LH_AGD6","filename":"LH_AGD6.jpg","filesize":233079,"url":"https:\/\/www.lang-und-heyne.de\/dateien\/2024\/03\/LH_AGD6.jpg","link":"https:\/\/www.lang-und-heyne.de\/fr\/manufacture\/lh_agd6-2\/","alt":"","author":"5","description":"","caption":"","name":"lh_agd6-2","status":"inherit","uploaded_to":7788,"date":"2024-03-13 12:49:04","modified":"2024-03-13 12:49:04","menu_order":0,"mime_type":"image\/jpeg","type":"image","subtype":"jpeg","icon":"https:\/\/www.lang-und-heyne.de\/wp-includes\/images\/media\/default.png","width":1000,"height":705,"sizes":{"thumbnail":"https:\/\/www.lang-und-heyne.de\/dateien\/2024\/03\/LH_AGD6-150x150.jpg","thumbnail-width":150,"thumbnail-height":150,"medium":"https:\/\/www.lang-und-heyne.de\/dateien\/2024\/03\/LH_AGD6-300x212.jpg","medium-width":300,"medium-height":212,"medium_large":"https:\/\/www.lang-und-heyne.de\/dateien\/2024\/03\/LH_AGD6-768x541.jpg","medium_large-width":768,"medium_large-height":541,"large":"https:\/\/www.lang-und-heyne.de\/dateien\/2024\/03\/LH_AGD6.jpg","large-width":1000,"large-height":705,"1536x1536":"https:\/\/www.lang-und-heyne.de\/dateien\/2024\/03\/LH_AGD6.jpg","1536x1536-width":1000,"1536x1536-height":705,"2048x2048":"https:\/\/www.lang-und-heyne.de\/dateien\/2024\/03\/LH_AGD6.jpg","2048x2048-width":1000,"2048x2048-height":705,"post-thumbnail":"https:\/\/www.lang-und-heyne.de\/dateien\/2024\/03\/LH_AGD6-150x150.jpg","post-thumbnail-width":150,"post-thumbnail-height":150,"wide":"https:\/\/www.lang-und-heyne.de\/dateien\/2024\/03\/LH_AGD6.jpg","wide-width":1000,"wide-height":705}},"sub":"Alexander Gutierrez Diaz, directeur g\u00e9n\u00e9ral","text":"Tout comme un musicien passe de nombreuses heures \u00e0 s'entra\u00eener pour pr\u00e9senter son art lors d'un concert, un horloger a besoin de plusieurs ann\u00e9es de d\u00e9vouement pour ma\u00eetriser ses comp\u00e9tences. Mais cela suffit-il pour captiver le public ? M\u00eame s'il a perfectionn\u00e9 son m\u00e9tier, il ne touchera pas les c\u0153urs s'il ne parle pas \u00e0 travers son travail. Ce n'est que par sa passion personnelle, par les \u00e9motions qu'il insuffle dans son travail, qu'il peut nous faire entrer dans son univers.   <br \/>\n<br \/>\nLa formation d'un horloger s'\u00e9tend sur trois ans pour obtenir son dipl\u00f4me. C'est pendant cette p\u00e9riode qu'il pose les bases de sa carri\u00e8re professionnelle, mais les v\u00e9ritables heures d'exercice ne commencent qu'apr\u00e8s. \"Chez Lang & Heyne, un horloger est responsable de sa montre, du kit de pi\u00e8ces \u00e0 la montre finie\". Cette philosophie exige de nous une pratique intensive de diff\u00e9rentes \u00e9tapes de travail ainsi qu'une r\u00e9flexion dans des contextes complexes. Nous tirons notre \u00e9nergie et notre pers\u00e9v\u00e9rance de notre passion pour l'horlogerie, de l'activit\u00e9 artisanale et de la conception de la m\u00e9canique. Notre d\u00e9vouement et notre vision du mouvement parfait se refl\u00e8tent dans chaque d\u00e9tail de nos montres.     <br \/>\n<br \/>\nAu cours des deux derni\u00e8res d\u00e9cennies, Lang & Heyne est pass\u00e9 du statut d'entreprise artisanale visionnaire \u00e0 celui d'entreprise internationale de renom et de marque tr\u00e8s pris\u00e9e. Nous faisons partie du groupe Tempus Arte, bas\u00e9 \u00e0 Munich, qui a une connaissance approfondie du secteur et une r\u00e9putation mondiale. ","link":"","target":"","zusatzbild":false,"bild2":false,"ausrichtung":false,"sub2":""},{"acf_fc_layout":"textbild","header":"Nos racines","anchor":true,"order":false,"bigtext":false,"bild":{"ID":7145,"id":7145,"title":"LH_Kachel_Geschichte","filename":"LH_Kachel_Geschichte-1.jpg","filesize":311440,"url":"https:\/\/www.lang-und-heyne.de\/dateien\/2023\/07\/LH_Kachel_Geschichte-1.jpg","link":"https:\/\/www.lang-und-heyne.de\/fr\/histoire\/lh_kachel_geschichte-2-2\/","alt":"","author":"5","description":"","caption":"","name":"lh_kachel_geschichte-2-2","status":"inherit","uploaded_to":7139,"date":"2023-07-27 10:48:08","modified":"2023-07-27 10:48:08","menu_order":0,"mime_type":"image\/jpeg","type":"image","subtype":"jpeg","icon":"https:\/\/www.lang-und-heyne.de\/wp-includes\/images\/media\/default.png","width":1000,"height":705,"sizes":{"thumbnail":"https:\/\/www.lang-und-heyne.de\/dateien\/2023\/07\/LH_Kachel_Geschichte-1-150x150.jpg","thumbnail-width":150,"thumbnail-height":150,"medium":"https:\/\/www.lang-und-heyne.de\/dateien\/2023\/07\/LH_Kachel_Geschichte-1-300x212.jpg","medium-width":300,"medium-height":212,"medium_large":"https:\/\/www.lang-und-heyne.de\/dateien\/2023\/07\/LH_Kachel_Geschichte-1-768x541.jpg","medium_large-width":768,"medium_large-height":541,"large":"https:\/\/www.lang-und-heyne.de\/dateien\/2023\/07\/LH_Kachel_Geschichte-1.jpg","large-width":1000,"large-height":705,"1536x1536":"https:\/\/www.lang-und-heyne.de\/dateien\/2023\/07\/LH_Kachel_Geschichte-1.jpg","1536x1536-width":1000,"1536x1536-height":705,"2048x2048":"https:\/\/www.lang-und-heyne.de\/dateien\/2023\/07\/LH_Kachel_Geschichte-1.jpg","2048x2048-width":1000,"2048x2048-height":705,"post-thumbnail":"https:\/\/www.lang-und-heyne.de\/dateien\/2023\/07\/LH_Kachel_Geschichte-1-150x150.jpg","post-thumbnail-width":150,"post-thumbnail-height":150,"wide":"https:\/\/www.lang-und-heyne.de\/dateien\/2023\/07\/LH_Kachel_Geschichte-1.jpg","wide-width":1000,"wide-height":705}},"sub":"Salon des math\u00e9matiques et de la physique \u00e0 Dresde","text":"Le prince \u00e9lecteur Auguste le Fort, \u00e9galement connu sous le nom de Fr\u00e9d\u00e9ric Auguste Ier de Saxe, a montr\u00e9 un int\u00e9r\u00eat particulier pour l'astronomie et les instruments n\u00e9cessaires \u00e0 cette discipline, ce qui a largement contribu\u00e9 \u00e0 l'essor de l'horlogerie en Saxe au 18\u00e8me si\u00e8cle. Les riches ressources mini\u00e8res de la Saxe ont jet\u00e9 les bases d'une industrie m\u00e9canique diversifi\u00e9e. Des horlogers de cour renomm\u00e9s tels que Johann Heinrich Seyffert, Johann Christian Schumann, Gotthelf August K\u00f6hler et Johann Friedrich Gutkaes fabriquaient dans leurs ateliers de Dresde des garde-temps pr\u00e9cis, indispensables \u00e0 l'observation du ciel. Cette tradition et cette expertise ont ouvert la voie \u00e0 l'essor de l'horlogerie de pr\u00e9cision \u00e0 Dresde, qui constitue \u00e9galement les racines de l'industrie horlog\u00e8re de Glash\u00fctte. La tradition de l'horlogerie et de la fabrication de pr\u00e9cision se perp\u00e9tue dans notre manufacture actuelle \"Lang & Heyne\" \u00e0 Dresde. Nous perp\u00e9tuons les valeurs d'excellence artisanale et de chronom\u00e9trage pr\u00e9cis qui prennent racine dans ce lien historique entre la maison royale et les horlogers.     ","link":"En savoir plus","target":"https:\/\/www.lang-und-heyne.de\/fr\/histoire\/","zusatzbild":false,"bild2":false,"ausrichtung":false,"sub2":""}],"slide":[{"bild__video":false,"bild":{"ID":7789,"id":7789,"title":"image 27","filename":"image-27.png","filesize":1098605,"url":"https:\/\/www.lang-und-heyne.de\/dateien\/2023\/01\/image-27.png","link":"https:\/\/www.lang-und-heyne.de\/fr\/manufacture\/image-27-2-2\/","alt":"","author":"1","description":"","caption":"","name":"image-27-2-2","status":"inherit","uploaded_to":7788,"date":"2023-01-12 13:10:58","modified":"2023-01-12 13:10:58","menu_order":0,"mime_type":"image\/png","type":"image","subtype":"png","icon":"https:\/\/www.lang-und-heyne.de\/wp-includes\/images\/media\/default.png","width":1920,"height":950,"sizes":{"thumbnail":"https:\/\/www.lang-und-heyne.de\/dateien\/2023\/01\/image-27-150x150.png","thumbnail-width":150,"thumbnail-height":150,"medium":"https:\/\/www.lang-und-heyne.de\/dateien\/2023\/01\/image-27-300x148.png","medium-width":300,"medium-height":148,"medium_large":"https:\/\/www.lang-und-heyne.de\/dateien\/2023\/01\/image-27-768x380.png","medium_large-width":768,"medium_large-height":380,"large":"https:\/\/www.lang-und-heyne.de\/dateien\/2023\/01\/image-27-1024x507.png","large-width":1024,"large-height":507,"1536x1536":"https:\/\/www.lang-und-heyne.de\/dateien\/2023\/01\/image-27-1536x760.png","1536x1536-width":1536,"1536x1536-height":760,"2048x2048":"https:\/\/www.lang-und-heyne.de\/dateien\/2023\/01\/image-27.png","2048x2048-width":1920,"2048x2048-height":950,"post-thumbnail":"https:\/\/www.lang-und-heyne.de\/dateien\/2023\/01\/image-27-150x150.png","post-thumbnail-width":150,"post-thumbnail-height":150,"wide":"https:\/\/www.lang-und-heyne.de\/dateien\/2023\/01\/image-27-1400x693.png","wide-width":1400,"wide-height":693}},"video":{"ID":7805,"id":7805,"title":"LH_Manufaktur_V3","filename":"LH_Manufaktur_V3.mp4","filesize":3986673,"url":"https:\/\/www.lang-und-heyne.de\/dateien\/2023\/10\/LH_Manufaktur_V3.mp4","link":"https:\/\/www.lang-und-heyne.de\/fr\/manufacture\/lh_manufaktur_v3-2\/","alt":"","author":"5","description":"","caption":"","name":"lh_manufaktur_v3-2","status":"inherit","uploaded_to":7788,"date":"2023-10-17 13:44:57","modified":"2023-10-17 13:44:57","menu_order":0,"mime_type":"video\/mp4","type":"video","subtype":"mp4","icon":"https:\/\/www.lang-und-heyne.de\/wp-includes\/images\/media\/video.png","width":1920,"height":1080},"texte":{"text":"L'artisanat <br \/>\nenseigne toujours \u00e0 <br \/>\nune gestion consciente <br \/>\ndu temps.","subline":""}}]},"wpml_current_locale":"fr_FR","wpml_translations":{"en_US":{"locale":"en_US","id":3026,"slug":"maison","post_title":"Maison","href":"https:\/\/www.lang-und-heyne.de\/en\/maison\/"},"de_DE":{"locale":"de_DE","id":545,"slug":"manufaktur","post_title":"Manufaktur","href":"https:\/\/www.lang-und-heyne.de\/manufaktur\/"},"es_ES":{"locale":"es_ES","id":7810,"slug":"fabrica","post_title":"F\u00e1brica","href":"https:\/\/www.lang-und-heyne.de\/es\/fabrica\/"},"ja":{"locale":"ja","id":3067,"slug":"manufaktur","post_title":"\u30de\u30cb\u30e5\u30d5\u30a1\u30af\u30c1\u30e5\u30fc\u30eb","href":"https:\/\/www.lang-und-heyne.de\/ja\/manufaktur\/"},"zh_CN":{"locale":"zh_CN","id":3513,"slug":"manufaktur","post_title":"\u5236\u9020","href":"https:\/\/www.lang-und-heyne.de\/zh-hans\/manufaktur\/"}},"_links":{"self":[{"href":"https:\/\/www.lang-und-heyne.de\/fr\/wp-json\/wp\/v2\/pages\/7788","targetHints":{"allow":["GET"]}}],"collection":[{"href":"https:\/\/www.lang-und-heyne.de\/fr\/wp-json\/wp\/v2\/pages"}],"about":[{"href":"https:\/\/www.lang-und-heyne.de\/fr\/wp-json\/wp\/v2\/types\/page"}],"author":[{"embeddable":true,"href":"https:\/\/www.lang-und-heyne.de\/fr\/wp-json\/wp\/v2\/users\/1"}],"replies":[{"embeddable":true,"href":"https:\/\/www.lang-und-heyne.de\/fr\/wp-json\/wp\/v2\/comments?post=7788"}],"version-history":[{"count":0,"href":"https:\/\/www.lang-und-heyne.de\/fr\/wp-json\/wp\/v2\/pages\/7788\/revisions"}],"wp:attachment":[{"href":"https:\/\/www.lang-und-heyne.de\/fr\/wp-json\/wp\/v2\/media?parent=7788"}],"curies":[{"name":"wp","href":"https:\/\/api.w.org\/{rel}","templated":true}]}}