{"id":3076,"date":"2022-11-02T15:53:59","date_gmt":"2022-11-02T14:53:59","guid":{"rendered":"https:\/\/test.lang-und-heyne.de\/collection\/"},"modified":"2024-02-28T10:50:30","modified_gmt":"2024-02-28T09:50:30","slug":"collection","status":"publish","type":"page","link":"https:\/\/www.lang-und-heyne.de\/ja\/collection\/","title":{"rendered":"\u30b3\u30ec\u30af\u30b7\u30e7\u30f3"},"content":{"rendered":"","protected":false},"excerpt":{"rendered":"","protected":false},"author":1,"featured_media":0,"parent":0,"menu_order":149,"comment_status":"closed","ping_status":"closed","template":"page-collection.php","meta":{"_acf_changed":false,"footnotes":""},"class_list":["post-3076","page","type-page","status-publish","hentry"],"acf":{"slide":[{"bild__video":false,"bild":{"ID":161,"id":161,"title":"madonna","filename":"madonna.png","filesize":2756243,"url":"https:\/\/www.lang-und-heyne.de\/dateien\/2022\/11\/madonna.png","link":"https:\/\/www.lang-und-heyne.de\/ja\/collection\/madonna-2\/","alt":"","author":"1","description":"","caption":"","name":"madonna-2","status":"inherit","uploaded_to":3076,"date":"2022-11-06 12:45:01","modified":"2023-06-09 09:45:43","menu_order":0,"mime_type":"image\/png","type":"image","subtype":"png","icon":"https:\/\/www.lang-und-heyne.de\/wp-includes\/images\/media\/default.png","width":1920,"height":950,"sizes":{"thumbnail":"https:\/\/www.lang-und-heyne.de\/dateien\/2022\/11\/madonna-150x150.png","thumbnail-width":150,"thumbnail-height":150,"medium":"https:\/\/www.lang-und-heyne.de\/dateien\/2022\/11\/madonna-300x148.png","medium-width":300,"medium-height":148,"medium_large":"https:\/\/www.lang-und-heyne.de\/dateien\/2022\/11\/madonna-768x380.png","medium_large-width":768,"medium_large-height":380,"large":"https:\/\/www.lang-und-heyne.de\/dateien\/2022\/11\/madonna-1024x507.png","large-width":1024,"large-height":507,"1536x1536":"https:\/\/www.lang-und-heyne.de\/dateien\/2022\/11\/madonna-1536x760.png","1536x1536-width":1536,"1536x1536-height":760,"2048x2048":"https:\/\/www.lang-und-heyne.de\/dateien\/2022\/11\/madonna.png","2048x2048-width":1920,"2048x2048-height":950,"post-thumbnail":"https:\/\/www.lang-und-heyne.de\/dateien\/2022\/11\/madonna-150x150.png","post-thumbnail-width":150,"post-thumbnail-height":150,"wide":"https:\/\/www.lang-und-heyne.de\/dateien\/2022\/11\/madonna-1400x693.png","wide-width":1400,"wide-height":693}},"video":{"ID":5567,"id":5567,"title":"LH_Intro_Kollektion","filename":"LH_Intro_Kollektion.mp4","filesize":3083362,"url":"https:\/\/www.lang-und-heyne.de\/dateien\/2024\/02\/LH_Intro_Kollektion.mp4","link":"https:\/\/www.lang-und-heyne.de\/ja\/collection\/lh_intro_kollektion-2\/","alt":"","author":"5","description":"","caption":"","name":"lh_intro_kollektion-2","status":"inherit","uploaded_to":3076,"date":"2024-02-28 09:52:20","modified":"2024-02-28 09:52:20","menu_order":0,"mime_type":"video\/mp4","type":"video","subtype":"mp4","icon":"https:\/\/www.lang-und-heyne.de\/wp-includes\/images\/media\/video.png","width":1280,"height":720},"texte":{"text":"\u30b3\u30ec\u30af\u30b7\u30e7\u30f3<br \/>\r\n\u30e1\u30a4\u30c9\u30a4\u30f3\u30b6\u30af\u30bb\u30f3","subline":""}}],"modelle":{"header":"\u30e2\u30c7\u30eb\u305f\u3061","text":"\u6642\u8a08\u8077\u4eba\u306e\u77e5\u8b58\u3001\u6280\u8853\u3001\u7d4c\u9a13\u304c\u3001\u72ec\u5275\u7684\u306a\u6642\u8a08\u3065\u304f\u308a\u306e\u30b3\u30f3\u30bb\u30d7\u30c8\u3084\u30c7\u30b6\u30a4\u30f3\u3001\u9ad8\u7d1a\u6a5f\u68b0\u5f0f\u30d6\u30e9\u30f3\u30c9\u30a6\u30a9\u30c3\u30c1\u306e\u57fa\u790e\u3068\u306a\u3063\u3066\u3044\u307e\u3059\u3002"},"editionen":{"header":"\u7279\u5225\u7248","text":"\u6642\u8a08\u8077\u4eba\u3084\u30c7\u30b6\u30a4\u30ca\u30fc\u306e\u982d\u306b\u306f\u3001\u7720\u3063\u3066\u3044\u308b\u5275\u9020\u7684\u306a\u30a2\u30a4\u30c7\u30a2\u304c\u6570\u591a\u304f\u5b58\u5728\u3057\u3066\u3044\u307e\u3059\u3002\u3053\u308c\u3089\u306e\u30b3\u30f3\u30bb\u30d7\u30c8\u306f\u3001\u69d8\u3005\u306a\u7d20\u6750\u3068\u9769\u65b0\u7684\u306a\u6280\u8853\u3092\u99c6\u4f7f\u3059\u308b\u3053\u3068\u306b\u3088\u308a\u9032\u5316\u3057\u3066\u3044\u304d\u307e\u3059\u3002\u305d\u3057\u3066\u3001\u53b3\u9078\u3055\u308c\u305f\u30a2\u30a4\u30c7\u30a2\u306f\u3001\u305d\u308c\u305e\u308c\u72ec\u81ea\u306e\u500b\u6027\u3092\u6301\u3064\u9650\u5b9a\u30e2\u30c7\u30eb\u3068\u3057\u3066\u63d0\u4f9b\u3055\u308c\u307e\u3059\u3002"},"sonderanfertigungen":{"header":"\u30ab\u30b9\u30bf\u30e0\u30e1\u30a4\u30c9\u30d4\u30fc\u30b9","text":"\u7279\u5225\u306a\u6642\u8a08\u4f5c\u308a\u306e\u305f\u3081\u306e\u3042\u306a\u305f\u306e\u30a2\u30a4\u30c7\u30a2\u3092\u3001\u305c\u3072\u79c1\u305f\u3061\u306b\u3054\u76f8\u8ac7\u304f\u3060\u3055\u3044\u3002\u30e6\u30cb\u30fc\u30af\u306aLang & Heyne\u306f\u3001\u3042\u306a\u305f\u306e\u500b\u6027\u3068\u30b9\u30bf\u30a4\u30eb\u3092\u5f37\u8abf\u3059\u308b\u3082\u306e\u3067\u3059\u3002","bild":{"ID":2307,"id":2307,"title":"LH_Augustus_2","filename":"LH_Augustus_2.jpg","filesize":224993,"url":"https:\/\/www.lang-und-heyne.de\/dateien\/2023\/05\/LH_Augustus_2.jpg","link":"https:\/\/www.lang-und-heyne.de\/ja\/collection\/lh_augustus_2-2\/","alt":"","author":"2","description":"","caption":"","name":"lh_augustus_2-2","status":"inherit","uploaded_to":3076,"date":"2023-05-11 08:23:49","modified":"2023-06-09 09:45:43","menu_order":0,"mime_type":"image\/jpeg","type":"image","subtype":"jpeg","icon":"https:\/\/www.lang-und-heyne.de\/wp-includes\/images\/media\/default.png","width":1000,"height":705,"sizes":{"thumbnail":"https:\/\/www.lang-und-heyne.de\/dateien\/2023\/05\/LH_Augustus_2-150x150.jpg","thumbnail-width":150,"thumbnail-height":150,"medium":"https:\/\/www.lang-und-heyne.de\/dateien\/2023\/05\/LH_Augustus_2-300x212.jpg","medium-width":300,"medium-height":212,"medium_large":"https:\/\/www.lang-und-heyne.de\/dateien\/2023\/05\/LH_Augustus_2-768x541.jpg","medium_large-width":768,"medium_large-height":541,"large":"https:\/\/www.lang-und-heyne.de\/dateien\/2023\/05\/LH_Augustus_2.jpg","large-width":1000,"large-height":705,"1536x1536":"https:\/\/www.lang-und-heyne.de\/dateien\/2023\/05\/LH_Augustus_2.jpg","1536x1536-width":1000,"1536x1536-height":705,"2048x2048":"https:\/\/www.lang-und-heyne.de\/dateien\/2023\/05\/LH_Augustus_2.jpg","2048x2048-width":1000,"2048x2048-height":705,"post-thumbnail":"https:\/\/www.lang-und-heyne.de\/dateien\/2023\/05\/LH_Augustus_2-150x150.jpg","post-thumbnail-width":150,"post-thumbnail-height":150,"wide":"https:\/\/www.lang-und-heyne.de\/dateien\/2023\/05\/LH_Augustus_2.jpg","wide-width":1000,"wide-height":705}},"linktext":"\u4e3b\u306a\u53c2\u8003\u6587\u732e","target":"https:\/\/www.lang-und-heyne.de\/ja\/custommadepieces\/"},"start":[{"acf_fc_layout":"textbild","header":"\u30a8\u30dd\u30cb\u30e0","anchor":false,"order":false,"bigtext":false,"bild":{"ID":2519,"id":2519,"title":"LH_Namenspatrone_Fuerstenzug_Dresden","filename":"LH-Kachel-Fuerstenzug-Neu1.jpg","filesize":459867,"url":"https:\/\/www.lang-und-heyne.de\/dateien\/2023\/05\/LH-Kachel-Fuerstenzug-Neu1.jpg","link":"https:\/\/www.lang-und-heyne.de\/ja\/collection\/lh_namenspatrone_fuerstenzug_dresden-2-2\/","alt":"F\u00fcrstenzug Dresden, Wandmosaik mit S\u00e4chsischen F\u00fcrsten, Namenspatrone der Lang & Heyne Uhren Modelle,","author":"2","description":"F\u00fcrstenzug Dresden, Wandmosaik mit S\u00e4chsischen F\u00fcrsten, Namenspatrone Lang & Heyne Uhren Modelle, Copyright: tama66 \u00fcber pixabay","caption":"von tama66 von pixabay","name":"lh_namenspatrone_fuerstenzug_dresden-2-2","status":"inherit","uploaded_to":3076,"date":"2023-05-16 07:46:20","modified":"2023-06-12 08:32:17","menu_order":0,"mime_type":"image\/jpeg","type":"image","subtype":"jpeg","icon":"https:\/\/www.lang-und-heyne.de\/wp-includes\/images\/media\/default.png","width":1000,"height":705,"sizes":{"thumbnail":"https:\/\/www.lang-und-heyne.de\/dateien\/2023\/05\/LH_Namenspatrone_Fuerstenzug_Dresden-1-150x150.jpg","thumbnail-width":150,"thumbnail-height":150,"medium":"https:\/\/www.lang-und-heyne.de\/dateien\/2023\/05\/LH_Namenspatrone_Fuerstenzug_Dresden-1-300x212.jpg","medium-width":300,"medium-height":212,"medium_large":"https:\/\/www.lang-und-heyne.de\/dateien\/2023\/05\/LH_Namenspatrone_Fuerstenzug_Dresden-1-768x541.jpg","medium_large-width":768,"medium_large-height":541,"large":"https:\/\/www.lang-und-heyne.de\/dateien\/2023\/05\/LH-Kachel-Fuerstenzug-Neu1.jpg","large-width":1000,"large-height":705,"1536x1536":"https:\/\/www.lang-und-heyne.de\/dateien\/2023\/05\/LH-Kachel-Fuerstenzug-Neu1.jpg","1536x1536-width":1000,"1536x1536-height":705,"2048x2048":"https:\/\/www.lang-und-heyne.de\/dateien\/2023\/05\/LH-Kachel-Fuerstenzug-Neu1.jpg","2048x2048-width":1000,"2048x2048-height":705,"post-thumbnail":"https:\/\/www.lang-und-heyne.de\/dateien\/2023\/05\/LH_Namenspatrone_Fuerstenzug_Dresden-1-150x150.jpg","post-thumbnail-width":150,"post-thumbnail-height":150,"wide":"https:\/\/www.lang-und-heyne.de\/dateien\/2023\/05\/LH-Kachel-Fuerstenzug-Neu1.jpg","wide-width":1000,"wide-height":705}},"sub":"\u30c9\u30ec\u30b9\u30c7\u30f3\u3067\u306e\u738b\u5b50\u69d8\u305f\u3061\u306e\u884c\u5217","text":"\u5f53\u5de5\u623f\u306e\u6642\u8a08\u306b\u306f\u3001\u30f4\u30a7\u30c3\u30c6\u30a3\u30f3\u5bb6\u306e\u9078\u5e1d\u4faf\u3068\u738b\u306e\u540d\u524d\u304c\u7f8e\u3057\u304f\u523b\u307e\u308c\u3066\u304a\u308a\u307e\u3059\u3002<br \/>\r\n<br \/>\r\n\u30b7\u30e5\u30bf\u30eb\u30db\u30fc\u30d5\u306e\u88cf\u5074\u306b\u306f\u3001\u30c9\u30ec\u30b9\u30c7\u30f3\u30fb\u30ec\u30b8\u30c7\u30f3\u30b9\u30fb\u30d1\u30ec\u30b9\u306e\u4e00\u90e8\u3067\u3042\u308a\u3001\u30de\u30a4\u30bb\u30f3\u78c1\u5668\u3067\u4f5c\u3089\u308c\u305f23,000\u679a\u306e\u30bf\u30a4\u30eb\u304b\u3089\u6210\u308b\u58c1\u753b\u304c\u3042\u308a\u307e\u3059\u3002\u3053\u306e\u58c1\u753b\u306f100\u30e1\u30fc\u30c8\u30eb\u4ee5\u4e0a\u306b\u308f\u305f\u308a\u3001\u738b\u5b50\u305f\u3061\u306e\u884c\u5217\u304c\u63cf\u304b\u308c\u3066\u304a\u308a\u307e\u3059\u3002<br \/>\r\n<br \/>\r\n\u3053\u308c\u306b\u3088\u308a\u3001\u30b6\u30af\u30bb\u30f3\u306e\u6b74\u53f2\u3068\u4f1d\u7d71\u7684\u306a\u8077\u4eba\u6280\u304c\u898b\u4e8b\u306b\u8868\u73fe\u3055\u308c\u3066\u304a\u308a\u307e\u3059\u3002","link":"","target":"","zusatzbild":false,"bild2":false,"ausrichtung":false,"sub2":""}],"akzente":{"header":"","text":"","bild":{"ID":2888,"id":2888,"title":"LH_Moritz_Schwarz_Detail","filename":"LH_Moritz_Schwarz_Detail.jpg","filesize":281853,"url":"https:\/\/www.lang-und-heyne.de\/dateien\/2023\/05\/LH_Moritz_Schwarz_Detail.jpg","link":"https:\/\/www.lang-und-heyne.de\/ja\/accents\/lh_moritz_schwarz_detail-2\/","alt":"","author":"2","description":"","caption":"","name":"lh_moritz_schwarz_detail-2","status":"inherit","uploaded_to":3070,"date":"2023-05-30 09:54:55","modified":"2023-06-09 08:22:26","menu_order":0,"mime_type":"image\/jpeg","type":"image","subtype":"jpeg","icon":"https:\/\/www.lang-und-heyne.de\/wp-includes\/images\/media\/default.png","width":1000,"height":705,"sizes":{"thumbnail":"https:\/\/www.lang-und-heyne.de\/dateien\/2023\/05\/LH_Moritz_Schwarz_Detail-150x150.jpg","thumbnail-width":150,"thumbnail-height":150,"medium":"https:\/\/www.lang-und-heyne.de\/dateien\/2023\/05\/LH_Moritz_Schwarz_Detail-300x212.jpg","medium-width":300,"medium-height":212,"medium_large":"https:\/\/www.lang-und-heyne.de\/dateien\/2023\/05\/LH_Moritz_Schwarz_Detail-768x541.jpg","medium_large-width":768,"medium_large-height":541,"large":"https:\/\/www.lang-und-heyne.de\/dateien\/2023\/05\/LH_Moritz_Schwarz_Detail.jpg","large-width":1000,"large-height":705,"1536x1536":"https:\/\/www.lang-und-heyne.de\/dateien\/2023\/05\/LH_Moritz_Schwarz_Detail.jpg","1536x1536-width":1000,"1536x1536-height":705,"2048x2048":"https:\/\/www.lang-und-heyne.de\/dateien\/2023\/05\/LH_Moritz_Schwarz_Detail.jpg","2048x2048-width":1000,"2048x2048-height":705,"post-thumbnail":"https:\/\/www.lang-und-heyne.de\/dateien\/2023\/05\/LH_Moritz_Schwarz_Detail-150x150.jpg","post-thumbnail-width":150,"post-thumbnail-height":150,"wide":"https:\/\/www.lang-und-heyne.de\/dateien\/2023\/05\/LH_Moritz_Schwarz_Detail.jpg","wide-width":1000,"wide-height":705}},"linktext":"","target":"https:\/\/www.lang-und-heyne.de\/ja\/accents\/"}},"wpml_current_locale":"ja","wpml_translations":{"en_US":{"locale":"en_US","id":3035,"slug":"collection","post_title":"Collection","href":"https:\/\/www.lang-und-heyne.de\/en\/collection\/"},"de_DE":{"locale":"de_DE","id":81,"slug":"kollektion","post_title":"Kollektion","href":"https:\/\/www.lang-und-heyne.de\/kollektion\/"},"fr_FR":{"locale":"fr_FR","id":7832,"slug":"collection","post_title":"Collection","href":"https:\/\/www.lang-und-heyne.de\/fr\/collection\/"},"es_ES":{"locale":"es_ES","id":7843,"slug":"coleccion","post_title":"Colecci\u00f3n","href":"https:\/\/www.lang-und-heyne.de\/es\/coleccion\/"},"zh_CN":{"locale":"zh_CN","id":3533,"slug":"collection","post_title":"\u6536\u85cf\u54c1","href":"https:\/\/www.lang-und-heyne.de\/zh-hans\/collection\/"}},"_links":{"self":[{"href":"https:\/\/www.lang-und-heyne.de\/ja\/wp-json\/wp\/v2\/pages\/3076","targetHints":{"allow":["GET"]}}],"collection":[{"href":"https:\/\/www.lang-und-heyne.de\/ja\/wp-json\/wp\/v2\/pages"}],"about":[{"href":"https:\/\/www.lang-und-heyne.de\/ja\/wp-json\/wp\/v2\/types\/page"}],"author":[{"embeddable":true,"href":"https:\/\/www.lang-und-heyne.de\/ja\/wp-json\/wp\/v2\/users\/1"}],"replies":[{"embeddable":true,"href":"https:\/\/www.lang-und-heyne.de\/ja\/wp-json\/wp\/v2\/comments?post=3076"}],"version-history":[{"count":2,"href":"https:\/\/www.lang-und-heyne.de\/ja\/wp-json\/wp\/v2\/pages\/3076\/revisions"}],"predecessor-version":[{"id":4011,"href":"https:\/\/www.lang-und-heyne.de\/ja\/wp-json\/wp\/v2\/pages\/3076\/revisions\/4011"}],"wp:attachment":[{"href":"https:\/\/www.lang-und-heyne.de\/ja\/wp-json\/wp\/v2\/media?parent=3076"}],"curies":[{"name":"wp","href":"https:\/\/api.w.org\/{rel}","templated":true}]}}