{"id":5795,"date":"2023-07-27T14:48:59","date_gmt":"2023-07-27T12:48:59","guid":{"rendered":"https:\/\/test.lang-und-heyne.de\/history\/"},"modified":"2023-07-27T14:48:59","modified_gmt":"2023-07-27T12:48:59","slug":"history","status":"publish","type":"page","link":"https:\/\/www.lang-und-heyne.de\/zh-hans\/history\/","title":{"rendered":"\u5386\u53f2"},"content":{"rendered":"","protected":false},"excerpt":{"rendered":"","protected":false},"author":5,"featured_media":4705,"parent":0,"menu_order":57,"comment_status":"closed","ping_status":"closed","template":"","meta":{"_acf_changed":false,"footnotes":""},"class_list":["post-5795","page","type-page","status-publish","has-post-thumbnail","hentry"],"acf":{"start":[{"acf_fc_layout":"textbild","header":"\u5f3a\u738b\u8153\u7279\u70c8-\u5965\u53e4\u65af\u90fd","anchor":false,"order":false,"bigtext":false,"bild":{"ID":4715,"id":4715,"title":"LH_Kachel_FriedrichAugustI","filename":"LH_Kachel_FriedrichAugustI.jpg","filesize":250158,"url":"https:\/\/www.lang-und-heyne.de\/dateien\/2023\/07\/LH_Kachel_FriedrichAugustI.jpg","link":"https:\/\/www.lang-und-heyne.de\/zh-hans\/history\/lh_kachel_friedrichaugusti-2\/","alt":"","author":"5","description":"","caption":"","name":"lh_kachel_friedrichaugusti-2","status":"inherit","uploaded_to":5795,"date":"2023-07-27 12:36:42","modified":"2024-03-05 12:30:13","menu_order":0,"mime_type":"image\/jpeg","type":"image","subtype":"jpeg","icon":"https:\/\/www.lang-und-heyne.de\/wp-includes\/images\/media\/default.png","width":1000,"height":705,"sizes":{"thumbnail":"https:\/\/www.lang-und-heyne.de\/dateien\/2023\/07\/LH_Kachel_FriedrichAugustI-150x150.jpg","thumbnail-width":150,"thumbnail-height":150,"medium":"https:\/\/www.lang-und-heyne.de\/dateien\/2023\/07\/LH_Kachel_FriedrichAugustI-300x212.jpg","medium-width":300,"medium-height":212,"medium_large":"https:\/\/www.lang-und-heyne.de\/dateien\/2023\/07\/LH_Kachel_FriedrichAugustI-768x541.jpg","medium_large-width":768,"medium_large-height":541,"large":"https:\/\/www.lang-und-heyne.de\/dateien\/2023\/07\/LH_Kachel_FriedrichAugustI.jpg","large-width":1000,"large-height":705,"1536x1536":"https:\/\/www.lang-und-heyne.de\/dateien\/2023\/07\/LH_Kachel_FriedrichAugustI.jpg","1536x1536-width":1000,"1536x1536-height":705,"2048x2048":"https:\/\/www.lang-und-heyne.de\/dateien\/2023\/07\/LH_Kachel_FriedrichAugustI.jpg","2048x2048-width":1000,"2048x2048-height":705,"post-thumbnail":"https:\/\/www.lang-und-heyne.de\/dateien\/2023\/07\/LH_Kachel_FriedrichAugustI-150x150.jpg","post-thumbnail-width":150,"post-thumbnail-height":150,"wide":"https:\/\/www.lang-und-heyne.de\/dateien\/2023\/07\/LH_Kachel_FriedrichAugustI.jpg","wide-width":1000,"wide-height":705}},"sub":"\u6ce2\u5170\u5965\u53e4\u65af\u7279\u4e8c\u4e16","text":"\u8428\u514b\u68ee\u5236\u8868\u4e1a\u7684\u5386\u53f2\u4e0e\u56fd\u738b\u8153\u7279\u70c8-\u5965\u53e4\u65af\u90fd\uff08Frederick Augustus the Strong\uff09\u5bc6\u4e0d\u53ef\u5206\u3002\u5f3a\u738b\u8153\u7279\u70c8-\u5965\u53e4\u65af\u90fd\u53c8\u79f0\u6ce2\u5170\u7684\u5965\u53e4\u65af\u90fd\u4e8c\u4e16\uff0c\u4ed6\u4e0d\u4ec5\u662f\u827a\u672f\u3001\u5efa\u7b51\u548c\u624b\u5de5\u827a\u7684\u4f1f\u5927\u8d5e\u52a9\u4eba\uff0c\u8fd8\u662f\u79d1\u5b66\u7684\u70ed\u60c5\u652f\u6301\u8005\u3002\u4ed6\u5bf9\u9700\u8981\u7cbe\u5bc6\u6d4b\u91cf\u4eea\u5668\u548c\u65f6\u949f\u7684\u5929\u6587\u5b66\u7279\u522b\u611f\u5174\u8da3\u3002\u4ed6\u5bf9\u5929\u6587\u5b66\u7684\u5174\u8da3\u4fc3\u4f7f\u8428\u514b\u68ee\u5236\u8868\u4e1a\u53d6\u5f97\u4e86\u957f\u8db3\u7684\u8fdb\u6b65\u3002\u5bf9\u949f\u8868\u7cbe\u786e\u5ea6\u548c\u7cbe\u5bc6\u5ea6\u7684\u8981\u6c42\u975e\u5e38\u9ad8\uff0c\u683c\u62c9\u82cf\u8482\u548c\u8428\u514b\u68ee\u5176\u4ed6\u5730\u533a\u7684\u949f\u8868\u5320\u4eec\u52aa\u529b\u5de5\u4f5c\uff0c\u4ee5\u5e94\u5bf9\u8fd9\u4e9b\u6311\u6218\u3002","link":"","target":"","zusatzbild":false,"bild2":false,"ausrichtung":false,"sub2":""},{"acf_fc_layout":"testimonial","bild_links":{"ID":4739,"id":4739,"title":"LH_Kachel_Hoch_Baldewein","filename":"LH_Kachel_Hoch_Baldewein.png","filesize":278432,"url":"https:\/\/www.lang-und-heyne.de\/dateien\/2023\/07\/LH_Kachel_Hoch_Baldewein.png","link":"https:\/\/www.lang-und-heyne.de\/zh-hans\/history\/lh_kachel_hoch_baldewein-2-2\/","alt":"","author":"5","description":"","caption":"","name":"lh_kachel_hoch_baldewein-2-2","status":"inherit","uploaded_to":5795,"date":"2023-07-27 13:53:08","modified":"2024-03-05 12:30:13","menu_order":0,"mime_type":"image\/png","type":"image","subtype":"png","icon":"https:\/\/www.lang-und-heyne.de\/wp-includes\/images\/media\/default.png","width":860,"height":1000,"sizes":{"thumbnail":"https:\/\/www.lang-und-heyne.de\/dateien\/2023\/07\/LH_Kachel_Hoch_Baldewein-150x150.png","thumbnail-width":150,"thumbnail-height":150,"medium":"https:\/\/www.lang-und-heyne.de\/dateien\/2023\/07\/LH_Kachel_Hoch_Baldewein-258x300.png","medium-width":258,"medium-height":300,"medium_large":"https:\/\/www.lang-und-heyne.de\/dateien\/2023\/07\/LH_Kachel_Hoch_Baldewein-768x893.png","medium_large-width":768,"medium_large-height":893,"large":"https:\/\/www.lang-und-heyne.de\/dateien\/2023\/07\/LH_Kachel_Hoch_Baldewein.png","large-width":860,"large-height":1000,"1536x1536":"https:\/\/www.lang-und-heyne.de\/dateien\/2023\/07\/LH_Kachel_Hoch_Baldewein.png","1536x1536-width":860,"1536x1536-height":1000,"2048x2048":"https:\/\/www.lang-und-heyne.de\/dateien\/2023\/07\/LH_Kachel_Hoch_Baldewein.png","2048x2048-width":860,"2048x2048-height":1000,"post-thumbnail":"https:\/\/www.lang-und-heyne.de\/dateien\/2023\/07\/LH_Kachel_Hoch_Baldewein-150x150.png","post-thumbnail-width":150,"post-thumbnail-height":150,"wide":"https:\/\/www.lang-und-heyne.de\/dateien\/2023\/07\/LH_Kachel_Hoch_Baldewein.png","wide-width":860,"wide-height":1000}},"zitat":"1563-1568 \u5e74\u4e3a\u8428\u514b\u68ee\u9009\u5e1d\u4faf\u5efa\u9020\u7684\u884c\u661f\u949f","autor":"\u57c3\u4f2f\u54c8\u5fb7-\u9c8d\u5fb7\u6e29\u3001\u6c49\u65af-\u5e03\u6b47\u548c\u8d6b\u5c14\u66fc-\u8fea\u4f69\u5c14","seitenverkehrt":false,"smalltext":false,"bild_oder_animiertes_gif":true,"bild_rechts":{"ID":4705,"id":4705,"title":"LH_Kachel_Geschichte","filename":"LH_Kachel_Geschichte-1.jpg","filesize":311440,"url":"https:\/\/www.lang-und-heyne.de\/dateien\/2023\/07\/LH_Kachel_Geschichte-1.jpg","link":"https:\/\/www.lang-und-heyne.de\/zh-hans\/manufaktur\/lh_kachel_geschichte-2-2\/","alt":"","author":"5","description":"","caption":"","name":"lh_kachel_geschichte-2-2","status":"inherit","uploaded_to":3513,"date":"2023-07-27 10:48:08","modified":"2023-07-27 10:48:08","menu_order":0,"mime_type":"image\/jpeg","type":"image","subtype":"jpeg","icon":"https:\/\/www.lang-und-heyne.de\/wp-includes\/images\/media\/default.png","width":1000,"height":705,"sizes":{"thumbnail":"https:\/\/www.lang-und-heyne.de\/dateien\/2023\/07\/LH_Kachel_Geschichte-1-150x150.jpg","thumbnail-width":150,"thumbnail-height":150,"medium":"https:\/\/www.lang-und-heyne.de\/dateien\/2023\/07\/LH_Kachel_Geschichte-1-300x212.jpg","medium-width":300,"medium-height":212,"medium_large":"https:\/\/www.lang-und-heyne.de\/dateien\/2023\/07\/LH_Kachel_Geschichte-1-768x541.jpg","medium_large-width":768,"medium_large-height":541,"large":"https:\/\/www.lang-und-heyne.de\/dateien\/2023\/07\/LH_Kachel_Geschichte-1.jpg","large-width":1000,"large-height":705,"1536x1536":"https:\/\/www.lang-und-heyne.de\/dateien\/2023\/07\/LH_Kachel_Geschichte-1.jpg","1536x1536-width":1000,"1536x1536-height":705,"2048x2048":"https:\/\/www.lang-und-heyne.de\/dateien\/2023\/07\/LH_Kachel_Geschichte-1.jpg","2048x2048-width":1000,"2048x2048-height":705,"post-thumbnail":"https:\/\/www.lang-und-heyne.de\/dateien\/2023\/07\/LH_Kachel_Geschichte-1-150x150.jpg","post-thumbnail-width":150,"post-thumbnail-height":150,"wide":"https:\/\/www.lang-und-heyne.de\/dateien\/2023\/07\/LH_Kachel_Geschichte-1.jpg","wide-width":1000,"wide-height":705}},"bild_rechts_gif":false,"extrabild":false,"detail":false,"additionalinfo":false,"zusatzinfo":{"text":"","link":null,"linktext":""}},{"acf_fc_layout":"textbild","header":"\u7ea6\u7ff0-\u514b\u91cc\u65af\u8482\u5b89-\u5f17\u91cc\u5fb7\u91cc\u5e0c-\u53e4\u7279\u5361\u65af","anchor":true,"order":true,"bigtext":false,"bild":{"ID":4729,"id":4729,"title":"LH_Kachel_Quer_Gutkaes","filename":"LH_Kachel_Quer_Gutkaes.jpg","filesize":158925,"url":"https:\/\/www.lang-und-heyne.de\/dateien\/2023\/07\/LH_Kachel_Quer_Gutkaes.jpg","link":"https:\/\/www.lang-und-heyne.de\/zh-hans\/history\/lh_kachel_quer_gutkaes-2\/","alt":"","author":"5","description":"","caption":"","name":"lh_kachel_quer_gutkaes-2","status":"inherit","uploaded_to":5795,"date":"2023-07-27 13:22:44","modified":"2024-03-05 12:30:13","menu_order":0,"mime_type":"image\/jpeg","type":"image","subtype":"jpeg","icon":"https:\/\/www.lang-und-heyne.de\/wp-includes\/images\/media\/default.png","width":1000,"height":705,"sizes":{"thumbnail":"https:\/\/www.lang-und-heyne.de\/dateien\/2023\/07\/LH_Kachel_Quer_Gutkaes-150x150.jpg","thumbnail-width":150,"thumbnail-height":150,"medium":"https:\/\/www.lang-und-heyne.de\/dateien\/2023\/07\/LH_Kachel_Quer_Gutkaes-300x212.jpg","medium-width":300,"medium-height":212,"medium_large":"https:\/\/www.lang-und-heyne.de\/dateien\/2023\/07\/LH_Kachel_Quer_Gutkaes-768x541.jpg","medium_large-width":768,"medium_large-height":541,"large":"https:\/\/www.lang-und-heyne.de\/dateien\/2023\/07\/LH_Kachel_Quer_Gutkaes.jpg","large-width":1000,"large-height":705,"1536x1536":"https:\/\/www.lang-und-heyne.de\/dateien\/2023\/07\/LH_Kachel_Quer_Gutkaes.jpg","1536x1536-width":1000,"1536x1536-height":705,"2048x2048":"https:\/\/www.lang-und-heyne.de\/dateien\/2023\/07\/LH_Kachel_Quer_Gutkaes.jpg","2048x2048-width":1000,"2048x2048-height":705,"post-thumbnail":"https:\/\/www.lang-und-heyne.de\/dateien\/2023\/07\/LH_Kachel_Quer_Gutkaes-150x150.jpg","post-thumbnail-width":150,"post-thumbnail-height":150,"wide":"https:\/\/www.lang-und-heyne.de\/dateien\/2023\/07\/LH_Kachel_Quer_Gutkaes.jpg","wide-width":1000,"wide-height":705}},"sub":"","text":"\u7ea6\u7ff0-\u514b\u91cc\u65af\u8482\u5b89-\u5f17\u91cc\u5fb7\u91cc\u5e0c-\u53e4\u7279\u5361\u65af\uff08Johann Christian Friedrich Gutkaes\uff09\u662f\u4e00\u4f4d\u4e0e\u8428\u514b\u68ee\u5bab\u5ef7\u5173\u7cfb\u5bc6\u5207\u7684\u6770\u51fa\u4eba\u7269\uff0c\u4ed6\u662f\u5fb7\u7d2f\u65af\u987f\u5bab\u5ef7\u7684\u949f\u8868\u5320\u548c\u5236\u949f\u5927\u5e08\uff0c\u4e3a\u8428\u514b\u68ee\u949f\u8868\u4e1a\u7684\u53d1\u5c55\u505a\u51fa\u4e86\u91cd\u5927\u8d21\u732e\u3002\u53e4\u7279\u5361\u65af\u4e8e 1747 \u5e74\u51fa\u751f\u5728\u5fb7\u7d2f\u65af\u987f\u7684\u4e00\u4e2a\u949f\u8868\u5320\u5bb6\u5ead\uff0c\u4ece\u96f6\u5f00\u59cb\u5b66\u4e60\u5236\u949f\u5de5\u827a\u3002<br \/>\r\n<br \/>\r\n\u7531\u4e8e\u4ed6\u5bf9\u5236\u8868\u7684\u5929\u8d4b\u548c\u70ed\u60c5\uff0c\u53e4\u7279\u5361\u65af\u5f88\u5feb\u5f97\u5230\u4e86\u5f3a\u738b\u8153\u7279\u70c8-\u5965\u53e4\u65af\u90fd\u7684\u8d4f\u8bc6\u3002\u4f5c\u4e3a\u4e00\u540d\u5236\u8868\u5927\u5e08\uff0c\u4ed6\u7684\u6280\u827a\u4ee4\u4eba\u5370\u8c61\u6df1\u523b\uff0c\u4ed6\u88ab\u59d4\u6258\u5236\u4f5c\u7cbe\u5bc6\u7684\u949f\u8868\u548c\u5929\u6587\u4eea\u5668\uff0c\u7528\u4e8e\u5929\u6587\u5b66\u7814\u7a76\u3002\u4ed6\u7684\u5de5\u4f5c\u6210\u679c\u88ab\u6536\u96c6\u5728\u5fb7\u7d2f\u65af\u987f\u7684\u6570\u5b66\u7269\u7406\u6c99\u9f99\u4e2d\uff0c\u4e3a\u4e30\u5bcc\u5f53\u65f6\u7684\u79d1\u5b66\u77e5\u8bc6\u505a\u51fa\u4e86\u5de8\u5927\u8d21\u732e\u3002","link":"","target":"","zusatzbild":false,"bild2":false,"ausrichtung":false,"sub2":""},{"acf_fc_layout":"textbild","header":"\u6492\u514b\u900a\u5236\u8868\u4e1a\u7684\u4f20\u7edf","anchor":true,"order":false,"bigtext":false,"bild":{"ID":4745,"id":4745,"title":"LH_Kachel_Zwinger-2","filename":"LH_Kachel_Zwinger-2.jpg","filesize":240174,"url":"https:\/\/www.lang-und-heyne.de\/dateien\/2023\/07\/LH_Kachel_Zwinger-2.jpg","link":"https:\/\/www.lang-und-heyne.de\/zh-hans\/history\/lh_kachel_zwinger-2-2\/","alt":"","author":"5","description":"","caption":"","name":"lh_kachel_zwinger-2-2","status":"inherit","uploaded_to":5795,"date":"2023-07-28 06:49:55","modified":"2024-03-05 12:30:13","menu_order":0,"mime_type":"image\/jpeg","type":"image","subtype":"jpeg","icon":"https:\/\/www.lang-und-heyne.de\/wp-includes\/images\/media\/default.png","width":1000,"height":705,"sizes":{"thumbnail":"https:\/\/www.lang-und-heyne.de\/dateien\/2023\/07\/LH_Kachel_Zwinger-2-150x150.jpg","thumbnail-width":150,"thumbnail-height":150,"medium":"https:\/\/www.lang-und-heyne.de\/dateien\/2023\/07\/LH_Kachel_Zwinger-2-300x212.jpg","medium-width":300,"medium-height":212,"medium_large":"https:\/\/www.lang-und-heyne.de\/dateien\/2023\/07\/LH_Kachel_Zwinger-2-768x541.jpg","medium_large-width":768,"medium_large-height":541,"large":"https:\/\/www.lang-und-heyne.de\/dateien\/2023\/07\/LH_Kachel_Zwinger-2.jpg","large-width":1000,"large-height":705,"1536x1536":"https:\/\/www.lang-und-heyne.de\/dateien\/2023\/07\/LH_Kachel_Zwinger-2.jpg","1536x1536-width":1000,"1536x1536-height":705,"2048x2048":"https:\/\/www.lang-und-heyne.de\/dateien\/2023\/07\/LH_Kachel_Zwinger-2.jpg","2048x2048-width":1000,"2048x2048-height":705,"post-thumbnail":"https:\/\/www.lang-und-heyne.de\/dateien\/2023\/07\/LH_Kachel_Zwinger-2-150x150.jpg","post-thumbnail-width":150,"post-thumbnail-height":150,"wide":"https:\/\/www.lang-und-heyne.de\/dateien\/2023\/07\/LH_Kachel_Zwinger-2.jpg","wide-width":1000,"wide-height":705}},"sub":"","text":"18 \u4e16\u7eaa\u548c 19 \u4e16\u7eaa\uff0c\u8428\u514b\u68ee\u5236\u8868\u4e1a\u7ecf\u5386\u4e86\u4e00\u4e2a\u9f0e\u76db\u65f6\u671f\uff0c\u53e4\u7279\u5361\u65af\uff08Gutkaes\uff09\u7b49\u624d\u534e\u6a2a\u6ea2\u7684\u5236\u8868\u5e08\u5b8c\u5584\u4e86\u4ed6\u4eec\u7684\u5de5\u827a\uff0c\u5c06\u8be5\u5730\u533a\u6253\u9020\u6210\u4e86\u5236\u8868\u827a\u672f\u7684\u4e2d\u5fc3\u3002\u8428\u514b\u68ee\u5dde\u7684\u5236\u8868\u5e08\u4ee5\u521b\u65b0\u6280\u672f\u3001\u4f7f\u7528\u4f18\u8d28\u6750\u6599\u548c\u7cbe\u786e\u8ba1\u65f6\u800c\u95fb\u540d\u4e8e\u4e16\u3002","link":"","target":"","zusatzbild":false,"bild2":false,"ausrichtung":false,"sub2":""},{"acf_fc_layout":"textbild","header":"\u5728\u5f53\u4ee3\u5ef6\u7eed\u4f20\u7edf","anchor":true,"order":true,"bigtext":false,"bild":false,"sub":"","text":"Heute ist die s\u00e4chsische Uhrmacherkunst ein Symbol f\u00fcr Qualit\u00e4t und Handwerkskunst. Die Tradition der Uhrenherstellung in Dresden und in Glash\u00fctte wird von verschiedenen Unternehmen fortgef\u00fchrt, die sowohl die Br\u00e4uche und Traditionen bewahren als auch neue Wege in der Uhrmacherkunst einschlagen. Die Uhren aus Sachsen stehen weiterhin f\u00fcr anspruchsvolle Veredelungen und ein traditionsreiches Erbe, das bis in die Gegenwart lebendig ist, und sie erinnern an die enge Verbindung zwischen der s\u00e4chsischen Uhrmacherei und dem Interesse von K\u00f6nig Friedrich August dem Starken an der Astronomie.","link":"","target":"","zusatzbild":false,"bild2":false,"ausrichtung":false,"sub2":""}],"slide":[{"bild__video":false,"bild":false,"video":{"ID":4711,"id":4711,"title":"LH_Webseite_Geschichte_1280x720","filename":"LH_Webseite_Geschichte_1280x720.mp4","filesize":2190536,"url":"https:\/\/www.lang-und-heyne.de\/dateien\/2023\/07\/LH_Webseite_Geschichte_1280x720.mp4","link":"https:\/\/www.lang-und-heyne.de\/zh-hans\/history\/lh_webseite_geschichte_1280x720-2\/","alt":"","author":"5","description":"","caption":"","name":"lh_webseite_geschichte_1280x720-2","status":"inherit","uploaded_to":5795,"date":"2023-07-27 11:20:42","modified":"2024-03-05 12:30:13","menu_order":0,"mime_type":"video\/mp4","type":"video","subtype":"mp4","icon":"https:\/\/www.lang-und-heyne.de\/wp-includes\/images\/media\/video.png","width":1280,"height":720},"texte":{"text":"\u751f\u4e8e\u8428\u514b\u68ee","subline":""}}]},"wpml_current_locale":"zh_CN","wpml_translations":{"en_US":{"locale":"en_US","id":5794,"slug":"history","post_title":"History","href":"https:\/\/www.lang-und-heyne.de\/en\/history\/"},"de_DE":{"locale":"de_DE","id":4709,"slug":"geschichte","post_title":"Geschichte","href":"https:\/\/www.lang-und-heyne.de\/geschichte\/"},"fr_FR":{"locale":"fr_FR","id":7139,"slug":"histoire","post_title":"Histoire","href":"https:\/\/www.lang-und-heyne.de\/fr\/histoire\/"},"es_ES":{"locale":"es_ES","id":7146,"slug":"historia","post_title":"Historia","href":"https:\/\/www.lang-und-heyne.de\/es\/historia\/"},"ja":{"locale":"ja","id":5796,"slug":"history","post_title":"\u6b74\u53f2","href":"https:\/\/www.lang-und-heyne.de\/ja\/history\/"}},"_links":{"self":[{"href":"https:\/\/www.lang-und-heyne.de\/zh-hans\/wp-json\/wp\/v2\/pages\/5795","targetHints":{"allow":["GET"]}}],"collection":[{"href":"https:\/\/www.lang-und-heyne.de\/zh-hans\/wp-json\/wp\/v2\/pages"}],"about":[{"href":"https:\/\/www.lang-und-heyne.de\/zh-hans\/wp-json\/wp\/v2\/types\/page"}],"author":[{"embeddable":true,"href":"https:\/\/www.lang-und-heyne.de\/zh-hans\/wp-json\/wp\/v2\/users\/5"}],"replies":[{"embeddable":true,"href":"https:\/\/www.lang-und-heyne.de\/zh-hans\/wp-json\/wp\/v2\/comments?post=5795"}],"version-history":[{"count":0,"href":"https:\/\/www.lang-und-heyne.de\/zh-hans\/wp-json\/wp\/v2\/pages\/5795\/revisions"}],"wp:featuredmedia":[{"embeddable":true,"href":"https:\/\/www.lang-und-heyne.de\/zh-hans\/wp-json\/wp\/v2\/media\/4705"}],"wp:attachment":[{"href":"https:\/\/www.lang-und-heyne.de\/zh-hans\/wp-json\/wp\/v2\/media?parent=5795"}],"curies":[{"name":"wp","href":"https:\/\/api.w.org\/{rel}","templated":true}]}}